{"id":228,"date":"2020-09-11T01:19:29","date_gmt":"2020-09-11T01:19:29","guid":{"rendered":"https:\/\/jjmgenterprises.com\/?page_id=228"},"modified":"2021-08-05T02:53:28","modified_gmt":"2021-08-05T02:53:28","slug":"test-preparation-assistance","status":"publish","type":"page","link":"https:\/\/jjmgenterprises.com\/vi\/test-preparation-assistance\/","title":{"rendered":"H\u1ed7 tr\u1ee3 luy\u1ec7n thi (Luy\u1ec7n thi ti\u1ebfng Anh v\u00e0 \u0111\u1ea1i h\u1ecdc)"},"content":{"rendered":"<div data-elementor-type=\"wp-page\" data-elementor-id=\"228\" class=\"elementor elementor-228\">\n\t\t\t\t\t\t\t\t\t<section class=\"elementor-section elementor-top-section elementor-element elementor-element-24820c2 elementor-section-boxed elementor-section-height-default elementor-section-height-default\" data-id=\"24820c2\" data-element_type=\"section\" data-settings=\"{&quot;background_background&quot;:&quot;classic&quot;}\">\n\t\t\t\t\t\t\t<div class=\"elementor-background-overlay\"><\/div>\n\t\t\t\t\t\t\t<div class=\"elementor-container elementor-column-gap-no\">\n\t\t\t\t\t<div class=\"elementor-column elementor-col-100 elementor-top-column elementor-element elementor-element-ddfd6b8\" data-id=\"ddfd6b8\" data-element_type=\"column\">\n\t\t\t<div class=\"elementor-widget-wrap\">\n\t\t\t\t\t\t\t\t\t<\/div>\n\t\t<\/div>\n\t\t\t\t\t\t\t<\/div>\n\t\t<\/section>\n\t\t\t\t<section class=\"elementor-section elementor-top-section elementor-element elementor-element-37a02d5e elementor-section-boxed elementor-section-height-default elementor-section-height-default\" data-id=\"37a02d5e\" data-element_type=\"section\">\n\t\t\t\t\t\t<div class=\"elementor-container elementor-column-gap-default\">\n\t\t\t\t\t<div class=\"elementor-column elementor-col-100 elementor-top-column elementor-element elementor-element-64a000c0\" data-id=\"64a000c0\" data-element_type=\"column\">\n\t\t\t<div class=\"elementor-widget-wrap elementor-element-populated\">\n\t\t\t\t\t\t\t\t<div class=\"elementor-element elementor-element-3fee57c0 elementor-widget elementor-widget-spacer\" data-id=\"3fee57c0\" data-element_type=\"widget\" data-widget_type=\"spacer.default\">\n\t\t\t\t<div class=\"elementor-widget-container\">\n\t\t\t\t\t<div class=\"elementor-spacer\">\n\t\t\t<div class=\"elementor-spacer-inner\"><\/div>\n\t\t<\/div>\n\t\t\t\t<\/div>\n\t\t\t\t<\/div>\n\t\t\t\t<div class=\"elementor-element elementor-element-d2558ab elementor-widget elementor-widget-heading\" data-id=\"d2558ab\" data-element_type=\"widget\" data-widget_type=\"heading.default\">\n\t\t\t\t<div class=\"elementor-widget-container\">\n\t\t\t<h2 class=\"elementor-heading-title elementor-size-default\">H\u1ed7 tr\u1ee3 luy\u1ec7n thi (Luy\u1ec7n thi ti\u1ebfng Anh v\u00e0 \u0111\u1ea1i h\u1ecdc)<\/h2>\t\t<\/div>\n\t\t\t\t<\/div>\n\t\t\t\t<div class=\"elementor-element elementor-element-534240de elementor-widget-divider--view-line elementor-widget elementor-widget-divider\" data-id=\"534240de\" data-element_type=\"widget\" data-widget_type=\"divider.default\">\n\t\t\t\t<div class=\"elementor-widget-container\">\n\t\t\t\t\t<div class=\"elementor-divider\">\n\t\t\t<span class=\"elementor-divider-separator\">\n\t\t\t\t\t\t<\/span>\n\t\t<\/div>\n\t\t\t\t<\/div>\n\t\t\t\t<\/div>\n\t\t\t\t\t<\/div>\n\t\t<\/div>\n\t\t\t\t\t\t\t<\/div>\n\t\t<\/section>\n\t\t\t\t<section class=\"elementor-section elementor-top-section elementor-element elementor-element-6f271f4 elementor-section-boxed elementor-section-height-default elementor-section-height-default\" data-id=\"6f271f4\" data-element_type=\"section\" data-settings=\"{&quot;background_background&quot;:&quot;classic&quot;}\">\n\t\t\t\t\t\t\t<div class=\"elementor-background-overlay\"><\/div>\n\t\t\t\t\t\t\t<div class=\"elementor-container elementor-column-gap-no\">\n\t\t\t\t\t<div class=\"elementor-column elementor-col-100 elementor-top-column elementor-element elementor-element-3a46d58\" data-id=\"3a46d58\" data-element_type=\"column\">\n\t\t\t<div class=\"elementor-widget-wrap elementor-element-populated\">\n\t\t\t\t\t\t\t\t<section class=\"elementor-section elementor-inner-section elementor-element elementor-element-3d2ea0b elementor-section-content-bottom elementor-section-boxed elementor-section-height-default elementor-section-height-default\" data-id=\"3d2ea0b\" data-element_type=\"section\">\n\t\t\t\t\t\t<div class=\"elementor-container elementor-column-gap-no\">\n\t\t\t\t\t<div class=\"elementor-column elementor-col-33 elementor-inner-column elementor-element elementor-element-7ddc027\" data-id=\"7ddc027\" data-element_type=\"column\" data-settings=\"{&quot;background_background&quot;:&quot;classic&quot;}\">\n\t\t\t<div class=\"elementor-widget-wrap elementor-element-populated\">\n\t\t\t\t\t<div class=\"elementor-background-overlay\"><\/div>\n\t\t\t\t\t\t\t\t<div class=\"elementor-element elementor-element-0a24b33 elementor-widget elementor-widget-image\" data-id=\"0a24b33\" data-element_type=\"widget\" data-widget_type=\"image.default\">\n\t\t\t\t<div class=\"elementor-widget-container\">\n\t\t\t\t\t\t\t\t\t\t\t\t\t\t\t<img loading=\"lazy\" decoding=\"async\" width=\"720\" height=\"480\" src=\"https:\/\/jjmgenterprises.com\/wp-content\/uploads\/2021\/07\/College-Entrance-Exams-SAT_ACT.png\" class=\"attachment-full size-full wp-image-2230\" alt=\"\" srcset=\"https:\/\/jjmgenterprises.com\/wp-content\/uploads\/2021\/07\/College-Entrance-Exams-SAT_ACT.png 720w, https:\/\/jjmgenterprises.com\/wp-content\/uploads\/2021\/07\/College-Entrance-Exams-SAT_ACT-300x200.png 300w\" sizes=\"auto, (max-width: 720px) 100vw, 720px\" \/>\t\t\t\t\t\t\t\t\t\t\t\t\t\t\t<\/div>\n\t\t\t\t<\/div>\n\t\t\t\t<div class=\"elementor-element elementor-element-27e9809 elementor-widget elementor-widget-heading\" data-id=\"27e9809\" data-element_type=\"widget\" data-widget_type=\"heading.default\">\n\t\t\t\t<div class=\"elementor-widget-container\">\n\t\t\t<h4 class=\"elementor-heading-title elementor-size-default\">K\u1ef3 thi \u0111\u1ea7u v\u00e0o \u0111\u1ea1i h\u1ecdc (SAT\/ACT)<\/h4>\t\t<\/div>\n\t\t\t\t<\/div>\n\t\t\t\t<div class=\"elementor-element elementor-element-6447c2a elementor-widget elementor-widget-text-editor\" data-id=\"6447c2a\" data-element_type=\"widget\" data-widget_type=\"text-editor.default\">\n\t\t\t\t<div class=\"elementor-widget-container\">\n\t\t\t\t\t\t\t<p><span style=\"font-weight: 400;\">JJMG Enterprises cung c\u1ea5p ch\u01b0\u01a1ng tr\u00ecnh d\u1ea1y k\u00e8m t\u1eadp trung tr\u1ef1c ti\u1ebfp \u0111\u1ec3 gi\u00fap h\u1ecdc sinh th\u00e0nh c\u00f4ng trong c\u00e1c k\u1ef3 thi SAT ho\u1eb7c ACT v\u00e0o \u0111\u1ea1i h\u1ecdc. C\u00e1c th\u00e0nh vi\u00ean c\u1ee7a ch\u00fang t\u00f4i c\u00f3 nhi\u1ec1u n\u0103m kinh nghi\u1ec7m v\u00e0 nhi\u1ec1u ng\u01b0\u1eddi \u0111\u00e3 \u0111\u01b0\u1ee3c \u0111\u00e0o t\u1ea1o t\u1ea1i c\u00e1c tr\u01b0\u1eddng thu\u1ed9c nh\u00f3m Ivy League ho\u1eb7c t\u01b0\u01a1ng \u0111\u01b0\u01a1ng, gi\u00fap h\u1ecdc sinh c\u1ea3i thi\u1ec7n \u0111i\u1ec3m s\u1ed1 c\u1ee7a m\u00ecnh. Ch\u00fang t\u00f4i c\u0169ng \u0111\u00e3 xu\u1ea5t b\u1ea3n s\u00e1ch t\u1eeb v\u1ef1ng c\u1ee7a ri\u00eang m\u00ecnh \u0111\u1ec3 c\u00f3 th\u1ec3 gi\u00fap \u00edch cho vi\u1ec7c luy\u1ec7n thi c\u1ee7a h\u1ecdc sinh.<\/span><\/p>\t\t\t\t\t\t<\/div>\n\t\t\t\t<\/div>\n\t\t\t\t\t<\/div>\n\t\t<\/div>\n\t\t\t\t<div class=\"elementor-column elementor-col-33 elementor-inner-column elementor-element elementor-element-346bec3\" data-id=\"346bec3\" data-element_type=\"column\" data-settings=\"{&quot;background_background&quot;:&quot;classic&quot;}\">\n\t\t\t<div class=\"elementor-widget-wrap elementor-element-populated\">\n\t\t\t\t\t<div class=\"elementor-background-overlay\"><\/div>\n\t\t\t\t\t\t\t\t<div class=\"elementor-element elementor-element-c3eafb7 elementor-widget elementor-widget-image\" data-id=\"c3eafb7\" data-element_type=\"widget\" data-widget_type=\"image.default\">\n\t\t\t\t<div class=\"elementor-widget-container\">\n\t\t\t\t\t\t\t\t\t\t\t\t\t\t\t<img loading=\"lazy\" decoding=\"async\" width=\"720\" height=\"480\" src=\"https:\/\/jjmgenterprises.com\/wp-content\/uploads\/2021\/07\/SSAT-Exam.png\" class=\"attachment-full size-full wp-image-2233\" alt=\"\" srcset=\"https:\/\/jjmgenterprises.com\/wp-content\/uploads\/2021\/07\/SSAT-Exam.png 720w, https:\/\/jjmgenterprises.com\/wp-content\/uploads\/2021\/07\/SSAT-Exam-300x200.png 300w\" sizes=\"auto, (max-width: 720px) 100vw, 720px\" \/>\t\t\t\t\t\t\t\t\t\t\t\t\t\t\t<\/div>\n\t\t\t\t<\/div>\n\t\t\t\t<div class=\"elementor-element elementor-element-c1feb06 elementor-widget elementor-widget-heading\" data-id=\"c1feb06\" data-element_type=\"widget\" data-widget_type=\"heading.default\">\n\t\t\t\t<div class=\"elementor-widget-container\">\n\t\t\t<h4 class=\"elementor-heading-title elementor-size-default\">B\u00e0i thi SSAT:<\/h4>\t\t<\/div>\n\t\t\t\t<\/div>\n\t\t\t\t<div class=\"elementor-element elementor-element-8889c51 elementor-widget elementor-widget-text-editor\" data-id=\"8889c51\" data-element_type=\"widget\" data-widget_type=\"text-editor.default\">\n\t\t\t\t<div class=\"elementor-widget-container\">\n\t\t\t\t\t\t\t<p><span style=\"font-weight: 400;\">N\u1ebfu b\u1ea1n mu\u1ed1n theo h\u1ecdc tr\u01b0\u1eddng n\u1ed9i tr\u00fa, ch\u00fang t\u00f4i cung c\u1ea5p h\u01b0\u1edbng d\u1eabn v\u1ec1 k\u1ef3 thi SSAT (tr\u00ean) v\u00e0 th\u1eadm ch\u00ed \u0111\u00e3 vi\u1ebft m\u1ed9t s\u1ed1 cu\u1ed1n s\u00e1ch c\u1ee7a ri\u00eang ch\u00fang t\u00f4i v\u1ec1 t\u00e0i li\u1ec7u n\u00e0y. Nh\u00f3m c\u1ee7a ch\u00fang t\u00f4i \u0111\u00e3 gi\u00fap nhi\u1ec1u h\u1ecdc sinh c\u1ea3i thi\u1ec7n \u0111i\u1ec3m SSAT, \u0111i\u1ec1u n\u00e0y \u0111\u00e3 gi\u00fap c\u00e1c em \u0111\u01b0\u1ee3c nh\u1eadn v\u00e0o c\u00e1c tr\u01b0\u1eddng n\u1ed9i tr\u00fa \u0111\u1eb7c bi\u1ec7t.<\/span><\/p>\t\t\t\t\t\t<\/div>\n\t\t\t\t<\/div>\n\t\t\t\t\t<\/div>\n\t\t<\/div>\n\t\t\t\t<div class=\"elementor-column elementor-col-33 elementor-inner-column elementor-element elementor-element-4a2b57a\" data-id=\"4a2b57a\" data-element_type=\"column\" data-settings=\"{&quot;background_background&quot;:&quot;classic&quot;}\">\n\t\t\t<div class=\"elementor-widget-wrap elementor-element-populated\">\n\t\t\t\t\t<div class=\"elementor-background-overlay\"><\/div>\n\t\t\t\t\t\t\t\t<div class=\"elementor-element elementor-element-73ed205 elementor-widget elementor-widget-image\" data-id=\"73ed205\" data-element_type=\"widget\" data-widget_type=\"image.default\">\n\t\t\t\t<div class=\"elementor-widget-container\">\n\t\t\t\t\t\t\t\t\t\t\t\t\t\t\t<img loading=\"lazy\" decoding=\"async\" width=\"720\" height=\"480\" src=\"https:\/\/jjmgenterprises.com\/wp-content\/uploads\/2021\/07\/GMAT-Exam.png\" class=\"attachment-full size-full wp-image-2231\" alt=\"\" srcset=\"https:\/\/jjmgenterprises.com\/wp-content\/uploads\/2021\/07\/GMAT-Exam.png 720w, https:\/\/jjmgenterprises.com\/wp-content\/uploads\/2021\/07\/GMAT-Exam-300x200.png 300w\" sizes=\"auto, (max-width: 720px) 100vw, 720px\" \/>\t\t\t\t\t\t\t\t\t\t\t\t\t\t\t<\/div>\n\t\t\t\t<\/div>\n\t\t\t\t<div class=\"elementor-element elementor-element-9beb894 elementor-widget elementor-widget-heading\" data-id=\"9beb894\" data-element_type=\"widget\" data-widget_type=\"heading.default\">\n\t\t\t\t<div class=\"elementor-widget-container\">\n\t\t\t<h4 class=\"elementor-heading-title elementor-size-default\">B\u00e0i thi GMAT \u0111\u1ec3 xin v\u00e0o tr\u01b0\u1eddng Kinh t\u1ebf:<\/h4>\t\t<\/div>\n\t\t\t\t<\/div>\n\t\t\t\t<div class=\"elementor-element elementor-element-aa25da8 elementor-widget elementor-widget-text-editor\" data-id=\"aa25da8\" data-element_type=\"widget\" data-widget_type=\"text-editor.default\">\n\t\t\t\t<div class=\"elementor-widget-container\">\n\t\t\t\t\t\t\t<p><span style=\"font-weight: 400;\">Ch\u00fang t\u00f4i c\u00f3 th\u1ec3 s\u1eb5n l\u00f2ng gi\u00fap b\u1ea1n c\u1ea3i thi\u1ec7n \u0111i\u1ec3m GMAT c\u1ee7a b\u1ea1n n\u1ebfu \u0111i\u1ec3m GMAT l\u00e0 r\u00e0o c\u1ea3n ng\u0103n b\u1ea1n theo h\u1ecdc c\u00e1c tr\u01b0\u1eddng kinh t\u1ebf nh\u01b0 m\u01a1 \u01b0\u1edbc. Gi\u00e1o vi\u00ean c\u1ee7a ch\u00fang t\u00f4i \u0111\u00e3 gi\u00fap nhi\u1ec1u sinh vi\u00ean n\u00e2ng cao \u0111i\u1ec3m GMAT th\u00e0nh c\u00f4ng, t\u1eeb \u0111\u00f3 gi\u00fap m\u1edf ra c\u00e1nh c\u1eeda cho c\u00e1c ch\u01b0\u01a1ng tr\u00ecnh h\u1ecdc kinh doanh xu\u1ea5t s\u1eafc.<\/span><\/p>\t\t\t\t\t\t<\/div>\n\t\t\t\t<\/div>\n\t\t\t\t\t<\/div>\n\t\t<\/div>\n\t\t\t\t\t\t\t<\/div>\n\t\t<\/section>\n\t\t\t\t<section class=\"elementor-section elementor-inner-section elementor-element elementor-element-9bb39ec elementor-section-content-bottom elementor-section-boxed elementor-section-height-default elementor-section-height-default\" data-id=\"9bb39ec\" data-element_type=\"section\">\n\t\t\t\t\t\t<div class=\"elementor-container elementor-column-gap-no\">\n\t\t\t\t\t<div class=\"elementor-column elementor-col-33 elementor-inner-column elementor-element elementor-element-e2df9f8\" data-id=\"e2df9f8\" data-element_type=\"column\" data-settings=\"{&quot;background_background&quot;:&quot;classic&quot;}\">\n\t\t\t<div class=\"elementor-widget-wrap elementor-element-populated\">\n\t\t\t\t\t<div class=\"elementor-background-overlay\"><\/div>\n\t\t\t\t\t\t\t\t<div class=\"elementor-element elementor-element-9550fdd elementor-widget elementor-widget-image\" data-id=\"9550fdd\" data-element_type=\"widget\" data-widget_type=\"image.default\">\n\t\t\t\t<div class=\"elementor-widget-container\">\n\t\t\t\t\t\t\t\t\t\t\t\t\t\t\t<img loading=\"lazy\" decoding=\"async\" width=\"720\" height=\"480\" src=\"https:\/\/jjmgenterprises.com\/wp-content\/uploads\/2021\/07\/GRE-Exam.png\" class=\"attachment-full size-full wp-image-2232\" alt=\"\" srcset=\"https:\/\/jjmgenterprises.com\/wp-content\/uploads\/2021\/07\/GRE-Exam.png 720w, https:\/\/jjmgenterprises.com\/wp-content\/uploads\/2021\/07\/GRE-Exam-300x200.png 300w\" sizes=\"auto, (max-width: 720px) 100vw, 720px\" \/>\t\t\t\t\t\t\t\t\t\t\t\t\t\t\t<\/div>\n\t\t\t\t<\/div>\n\t\t\t\t<div class=\"elementor-element elementor-element-84648fe elementor-widget elementor-widget-heading\" data-id=\"84648fe\" data-element_type=\"widget\" data-widget_type=\"heading.default\">\n\t\t\t\t<div class=\"elementor-widget-container\">\n\t\t\t<h4 class=\"elementor-heading-title elementor-size-default\">B\u00e0i thi GRE:<\/h4>\t\t<\/div>\n\t\t\t\t<\/div>\n\t\t\t\t<div class=\"elementor-element elementor-element-1f255c1 elementor-widget elementor-widget-text-editor\" data-id=\"1f255c1\" data-element_type=\"widget\" data-widget_type=\"text-editor.default\">\n\t\t\t\t<div class=\"elementor-widget-container\">\n\t\t\t\t\t\t\t<p><span style=\"font-weight: 400;\">N\u1ebfu m\u1ee5c ti\u00eau c\u1ee7a b\u1ea1n l\u00e0 ch\u01b0\u01a1ng tr\u00ecnh th\u1ea1c s\u0129, ch\u01b0\u01a1ng tr\u00ecnh ti\u1ebfn s\u0129 ho\u1eb7c c\u00e1c tr\u01b0\u1eddng kinh doanh nh\u1ea5t \u0111\u1ecbnh y\u00eau c\u1ea7u k\u1ef3 thi GRE, ch\u00fang t\u00f4i s\u1eb5n s\u00e0ng \u0111\u00e0o t\u1ea1o b\u1ea1n. C\u00e1c c\u1ed1 v\u1ea5n c\u1ee7a ch\u00fang t\u00f4i \u0111\u1ec1u c\u00f3 \u0111i\u1ec3m GRE cao v\u00e0 c\u00f3 th\u1ec3 gi\u00fap b\u1ea1n c\u1ea3i thi\u1ec7n \u0111i\u1ec3m s\u1ed1 b\u1eb1ng l\u1eddi n\u00f3i v\u00e0 \u0111\u1ecbnh l\u01b0\u1ee3ng c\u1ee7a m\u00ecnh.<\/span><\/p>\t\t\t\t\t\t<\/div>\n\t\t\t\t<\/div>\n\t\t\t\t\t<\/div>\n\t\t<\/div>\n\t\t\t\t<div class=\"elementor-column elementor-col-33 elementor-inner-column elementor-element elementor-element-8e8ad22\" data-id=\"8e8ad22\" data-element_type=\"column\" data-settings=\"{&quot;background_background&quot;:&quot;classic&quot;}\">\n\t\t\t<div class=\"elementor-widget-wrap elementor-element-populated\">\n\t\t\t\t\t<div class=\"elementor-background-overlay\"><\/div>\n\t\t\t\t\t\t\t\t<div class=\"elementor-element elementor-element-dbaa869 elementor-widget elementor-widget-image\" data-id=\"dbaa869\" data-element_type=\"widget\" data-widget_type=\"image.default\">\n\t\t\t\t<div class=\"elementor-widget-container\">\n\t\t\t\t\t\t\t\t\t\t\t\t\t\t\t<img loading=\"lazy\" decoding=\"async\" width=\"720\" height=\"480\" src=\"https:\/\/jjmgenterprises.com\/wp-content\/uploads\/2021\/07\/TOEFL_IELTS_Duolongo.png\" class=\"attachment-full size-full wp-image-2234\" alt=\"\" srcset=\"https:\/\/jjmgenterprises.com\/wp-content\/uploads\/2021\/07\/TOEFL_IELTS_Duolongo.png 720w, https:\/\/jjmgenterprises.com\/wp-content\/uploads\/2021\/07\/TOEFL_IELTS_Duolongo-300x200.png 300w\" sizes=\"auto, (max-width: 720px) 100vw, 720px\" \/>\t\t\t\t\t\t\t\t\t\t\t\t\t\t\t<\/div>\n\t\t\t\t<\/div>\n\t\t\t\t<div class=\"elementor-element elementor-element-09bfe4b elementor-widget elementor-widget-heading\" data-id=\"09bfe4b\" data-element_type=\"widget\" data-widget_type=\"heading.default\">\n\t\t\t\t<div class=\"elementor-widget-container\">\n\t\t\t<h4 class=\"elementor-heading-title elementor-size-default\">TOEFL\/IELTS\/Duolingo:<\/h4>\t\t<\/div>\n\t\t\t\t<\/div>\n\t\t\t\t<div class=\"elementor-element elementor-element-cb56643 elementor-widget elementor-widget-text-editor\" data-id=\"cb56643\" data-element_type=\"widget\" data-widget_type=\"text-editor.default\">\n\t\t\t\t<div class=\"elementor-widget-container\">\n\t\t\t\t\t\t\t<p><span style=\"font-weight: 400;\">JJMG Enterprises s\u1eb5n s\u00e0ng h\u1ed7 tr\u1ee3 k\u1ebft n\u1ed1i b\u1ea1n v\u1edbi ch\u01b0\u01a1ng tr\u00ecnh d\u1ea1y k\u00e8m ti\u1ebfng Anh l\u1edbp \u0111\u1ea7u ti\u00ean \u0111\u1ec3 gi\u00fap b\u1ea1n \u0111\u1ea1t \u0111\u01b0\u1ee3c \u0111i\u1ec3m s\u1ed1 m\u00ecnh c\u1ea7n. C\u00e1c gi\u00e1o vi\u00ean ti\u1ebfng Anh v\u00e0 c\u00e1c chi nh\u00e1nh c\u1ee7a ch\u00fang t\u00f4i r\u1ea5t \u0111am m\u00ea ph\u00e1t tri\u1ec3n ng\u00f4n ng\u1eef v\u00e0 c\u00f3 h\u1ed3 s\u01a1 theo d\u00f5i c\u00e1c k\u1ebft qu\u1ea3 \u0111\u00e3 \u0111\u01b0\u1ee3c ch\u1ee9ng minh.<\/span><\/p>\t\t\t\t\t\t<\/div>\n\t\t\t\t<\/div>\n\t\t\t\t\t<\/div>\n\t\t<\/div>\n\t\t\t\t<div class=\"elementor-column elementor-col-33 elementor-inner-column elementor-element elementor-element-85656d3\" data-id=\"85656d3\" data-element_type=\"column\">\n\t\t\t<div class=\"elementor-widget-wrap\">\n\t\t\t\t\t\t\t\t\t<\/div>\n\t\t<\/div>\n\t\t\t\t\t\t\t<\/div>\n\t\t<\/section>\n\t\t\t\t\t<\/div>\n\t\t<\/div>\n\t\t\t\t\t\t\t<\/div>\n\t\t<\/section>\n\t\t\t\t<section class=\"elementor-section elementor-top-section elementor-element elementor-element-5a2eea67 elementor-section-boxed elementor-section-height-default elementor-section-height-default\" data-id=\"5a2eea67\" data-element_type=\"section\" data-settings=\"{&quot;background_background&quot;:&quot;classic&quot;}\">\n\t\t\t\t\t\t\t<div class=\"elementor-background-overlay\"><\/div>\n\t\t\t\t\t\t\t<div class=\"elementor-container elementor-column-gap-no\">\n\t\t\t\t\t<div class=\"elementor-column elementor-col-100 elementor-top-column elementor-element elementor-element-5fcf61a\" data-id=\"5fcf61a\" data-element_type=\"column\">\n\t\t\t<div class=\"elementor-widget-wrap elementor-element-populated\">\n\t\t\t\t\t\t\t\t<div class=\"elementor-element elementor-element-a1324a3 elementor-widget elementor-widget-heading\" data-id=\"a1324a3\" data-element_type=\"widget\" data-widget_type=\"heading.default\">\n\t\t\t\t<div class=\"elementor-widget-container\">\n\t\t\t<h2 class=\"elementor-heading-title elementor-size-default\">B\u1ea0N \u0110\u00c3 S\u1eb4N S\u00c0NG THEO \u0110U\u1ed4I \u01af\u1edaC M\u01a0 C\u1ee6A M\u00ccNH HAY CH\u01afA?<br>your dream?<\/h2>\t\t<\/div>\n\t\t\t\t<\/div>\n\t\t\t\t<div class=\"elementor-element elementor-element-eb99e08 elementor-widget elementor-widget-text-editor\" data-id=\"eb99e08\" data-element_type=\"widget\" data-widget_type=\"text-editor.default\">\n\t\t\t\t<div class=\"elementor-widget-container\">\n\t\t\t\t\t\t\t<p>Get\u00a0<span style=\"font-size: 16px; color: var( --e-global-color-3b5e640 ); font-family: var( --e-global-typography-text-font-family ), Sans-serif;\">H\u00e3y b\u1eaft \u0111\u1ea7u n\u1ed7 l\u1ef1c h\u1ecdc t\u1eadp ngay t\u1eeb b\u00e2y gi\u1edd.<\/span><\/p>\t\t\t\t\t\t<\/div>\n\t\t\t\t<\/div>\n\t\t\t\t<div class=\"elementor-element elementor-element-4c9e43e7 elementor-widget-mobile__width-inherit elementor-align-center elementor-widget elementor-widget-button\" data-id=\"4c9e43e7\" data-element_type=\"widget\" data-widget_type=\"button.default\">\n\t\t\t\t<div class=\"elementor-widget-container\">\n\t\t\t\t\t<div class=\"elementor-button-wrapper\">\n\t\t\t<a class=\"elementor-button elementor-button-link elementor-size-sm\" href=\"https:\/\/jjmgenterprises.com\/vi\/contact-us\/\">\n\t\t\t\t\t\t<span class=\"elementor-button-content-wrapper\">\n\t\t\t\t\t\t<span class=\"elementor-button-text\">Li\u00ean H\u1ec7<\/span>\n\t\t<\/span>\n\t\t\t\t\t<\/a>\n\t\t<\/div>\n\t\t\t\t<\/div>\n\t\t\t\t<\/div>\n\t\t\t\t\t<\/div>\n\t\t<\/div>\n\t\t\t\t\t\t\t<\/div>\n\t\t<\/section>\n\t\t\t\t\t\t\t<\/div>","protected":false},"excerpt":{"rendered":"<p>Test Preparation Assistance (English and Entrance Exams) College Entrance Exams (SAT\/ACT) JJMG Enterprises provides focused one-on-one tutoring to help students succeed on their SAT or ACT exams for college.\u00a0 Our members have years of experience helping students improve their scores, and many have Ivy League or equivalent educations.\u00a0 We also have published our own vocabulary &hellip;<\/p>\n<p class=\"read-more\"> <a class=\"\" href=\"https:\/\/jjmgenterprises.com\/vi\/test-preparation-assistance\/\"> <span class=\"screen-reader-text\">H\u1ed7 tr\u1ee3 luy\u1ec7n thi (Luy\u1ec7n thi ti\u1ebfng Anh v\u00e0 \u0111\u1ea1i h\u1ecdc)<\/span> Read More &raquo;<\/a><\/p>","protected":false},"author":2,"featured_media":0,"parent":0,"menu_order":0,"comment_status":"closed","ping_status":"closed","template":"","meta":{"footnotes":""},"class_list":["post-228","page","type-page","status-publish","hentry"],"_links":{"self":[{"href":"https:\/\/jjmgenterprises.com\/vi\/wp-json\/wp\/v2\/pages\/228","targetHints":{"allow":["GET"]}}],"collection":[{"href":"https:\/\/jjmgenterprises.com\/vi\/wp-json\/wp\/v2\/pages"}],"about":[{"href":"https:\/\/jjmgenterprises.com\/vi\/wp-json\/wp\/v2\/types\/page"}],"author":[{"embeddable":true,"href":"https:\/\/jjmgenterprises.com\/vi\/wp-json\/wp\/v2\/users\/2"}],"replies":[{"embeddable":true,"href":"https:\/\/jjmgenterprises.com\/vi\/wp-json\/wp\/v2\/comments?post=228"}],"version-history":[{"count":39,"href":"https:\/\/jjmgenterprises.com\/vi\/wp-json\/wp\/v2\/pages\/228\/revisions"}],"predecessor-version":[{"id":2797,"href":"https:\/\/jjmgenterprises.com\/vi\/wp-json\/wp\/v2\/pages\/228\/revisions\/2797"}],"wp:attachment":[{"href":"https:\/\/jjmgenterprises.com\/vi\/wp-json\/wp\/v2\/media?parent=228"}],"curies":[{"name":"wp","href":"https:\/\/api.w.org\/{rel}","templated":true}]}}