{"id":164,"date":"2020-09-10T06:42:47","date_gmt":"2020-09-10T06:42:47","guid":{"rendered":"https:\/\/jjmgenterprises.com\/?page_id=164"},"modified":"2022-05-04T07:01:28","modified_gmt":"2022-05-04T07:01:28","slug":"about-us","status":"publish","type":"page","link":"https:\/\/jjmgenterprises.com\/vi\/about-us\/","title":{"rendered":"V\u1ec1 ch\u00fang t\u00f4i"},"content":{"rendered":"<div data-elementor-type=\"wp-page\" data-elementor-id=\"164\" class=\"elementor elementor-164\">\n\t\t\t\t\t\t\t\t\t<section class=\"elementor-section elementor-top-section elementor-element elementor-element-d12d845 elementor-section-boxed elementor-section-height-default elementor-section-height-default\" data-id=\"d12d845\" data-element_type=\"section\">\n\t\t\t\t\t\t<div class=\"elementor-container elementor-column-gap-default\">\n\t\t\t\t\t<div class=\"elementor-column elementor-col-100 elementor-top-column elementor-element elementor-element-91da2b7\" data-id=\"91da2b7\" data-element_type=\"column\">\n\t\t\t<div class=\"elementor-widget-wrap\">\n\t\t\t\t\t\t\t\t\t<\/div>\n\t\t<\/div>\n\t\t\t\t\t\t\t<\/div>\n\t\t<\/section>\n\t\t\t\t<section class=\"elementor-section elementor-top-section elementor-element elementor-element-9417eee elementor-section-boxed elementor-section-height-default elementor-section-height-default\" data-id=\"9417eee\" data-element_type=\"section\" data-settings=\"{&quot;background_background&quot;:&quot;classic&quot;}\">\n\t\t\t\t\t\t\t<div class=\"elementor-background-overlay\"><\/div>\n\t\t\t\t\t\t\t<div class=\"elementor-container elementor-column-gap-no\">\n\t\t\t\t\t<div class=\"elementor-column elementor-col-100 elementor-top-column elementor-element elementor-element-e7524b6\" data-id=\"e7524b6\" data-element_type=\"column\">\n\t\t\t<div class=\"elementor-widget-wrap\">\n\t\t\t\t\t\t\t\t\t<\/div>\n\t\t<\/div>\n\t\t\t\t\t\t\t<\/div>\n\t\t<\/section>\n\t\t\t\t<section class=\"elementor-section elementor-top-section elementor-element elementor-element-76f1365c elementor-section-boxed elementor-section-height-default elementor-section-height-default\" data-id=\"76f1365c\" data-element_type=\"section\">\n\t\t\t\t\t\t<div class=\"elementor-container elementor-column-gap-default\">\n\t\t\t\t\t<div class=\"elementor-column elementor-col-100 elementor-top-column elementor-element elementor-element-3544fae8\" data-id=\"3544fae8\" data-element_type=\"column\">\n\t\t\t<div class=\"elementor-widget-wrap elementor-element-populated\">\n\t\t\t\t\t\t\t\t<div class=\"elementor-element elementor-element-403b9665 elementor-widget elementor-widget-spacer\" data-id=\"403b9665\" data-element_type=\"widget\" data-widget_type=\"spacer.default\">\n\t\t\t\t<div class=\"elementor-widget-container\">\n\t\t\t\t\t<div class=\"elementor-spacer\">\n\t\t\t<div class=\"elementor-spacer-inner\"><\/div>\n\t\t<\/div>\n\t\t\t\t<\/div>\n\t\t\t\t<\/div>\n\t\t\t\t<div class=\"elementor-element elementor-element-1259389 elementor-widget elementor-widget-heading\" data-id=\"1259389\" data-element_type=\"widget\" data-widget_type=\"heading.default\">\n\t\t\t\t<div class=\"elementor-widget-container\">\n\t\t\t<h2 class=\"elementor-heading-title elementor-size-default\">V\u1ec1 ch\u00fang t\u00f4i<\/h2>\t\t<\/div>\n\t\t\t\t<\/div>\n\t\t\t\t<div class=\"elementor-element elementor-element-572b0c90 elementor-widget-divider--view-line elementor-widget elementor-widget-divider\" data-id=\"572b0c90\" data-element_type=\"widget\" data-widget_type=\"divider.default\">\n\t\t\t\t<div class=\"elementor-widget-container\">\n\t\t\t\t\t<div class=\"elementor-divider\">\n\t\t\t<span class=\"elementor-divider-separator\">\n\t\t\t\t\t\t<\/span>\n\t\t<\/div>\n\t\t\t\t<\/div>\n\t\t\t\t<\/div>\n\t\t\t\t\t<\/div>\n\t\t<\/div>\n\t\t\t\t\t\t\t<\/div>\n\t\t<\/section>\n\t\t\t\t<section class=\"elementor-section elementor-top-section elementor-element elementor-element-f75d974 elementor-section-content-middle elementor-section-boxed elementor-section-height-default elementor-section-height-default\" data-id=\"f75d974\" data-element_type=\"section\" data-settings=\"{&quot;background_background&quot;:&quot;classic&quot;}\">\n\t\t\t\t\t\t<div class=\"elementor-container elementor-column-gap-no\">\n\t\t\t\t\t<div class=\"elementor-column elementor-col-100 elementor-top-column elementor-element elementor-element-2af07be\" data-id=\"2af07be\" data-element_type=\"column\">\n\t\t\t<div class=\"elementor-widget-wrap elementor-element-populated\">\n\t\t\t\t\t\t\t\t<section class=\"elementor-section elementor-inner-section elementor-element elementor-element-4eb5d60 elementor-section-content-middle elementor-section-boxed elementor-section-height-default elementor-section-height-default\" data-id=\"4eb5d60\" data-element_type=\"section\">\n\t\t\t\t\t\t<div class=\"elementor-container elementor-column-gap-default\">\n\t\t\t\t\t<div class=\"elementor-column elementor-col-33 elementor-inner-column elementor-element elementor-element-0c80b35\" data-id=\"0c80b35\" data-element_type=\"column\">\n\t\t\t<div class=\"elementor-widget-wrap elementor-element-populated\">\n\t\t\t\t\t\t\t\t<div class=\"elementor-element elementor-element-7a834bb elementor-widget elementor-widget-image\" data-id=\"7a834bb\" data-element_type=\"widget\" data-widget_type=\"image.default\">\n\t\t\t\t<div class=\"elementor-widget-container\">\n\t\t\t\t\t\t\t\t\t\t\t\t\t\t\t<img decoding=\"async\" src=\"https:\/\/jjmgenterprises.com\/wp-content\/uploads\/2021\/07\/About-JJMG-e1651647678486.jpg\" title=\"About JJMG\" alt=\"About JJMG\" loading=\"lazy\" \/>\t\t\t\t\t\t\t\t\t\t\t\t\t\t\t<\/div>\n\t\t\t\t<\/div>\n\t\t\t\t\t<\/div>\n\t\t<\/div>\n\t\t\t\t<div class=\"elementor-column elementor-col-66 elementor-inner-column elementor-element elementor-element-5dcbe18\" data-id=\"5dcbe18\" data-element_type=\"column\">\n\t\t\t<div class=\"elementor-widget-wrap elementor-element-populated\">\n\t\t\t\t\t\t\t\t<div class=\"elementor-element elementor-element-fc2bfa1 elementor-widget elementor-widget-heading\" data-id=\"fc2bfa1\" data-element_type=\"widget\" data-widget_type=\"heading.default\">\n\t\t\t\t<div class=\"elementor-widget-container\">\n\t\t\t<h4 class=\"elementor-heading-title elementor-size-default\">Gi\u1edbi thi\u1ec7u v\u1ec1 JJMG ENTERPRISE - L\u00fd do n\u00ean ch\u1ecdn ch\u00fang t\u00f4i<\/h4>\t\t<\/div>\n\t\t\t\t<\/div>\n\t\t\t\t<div class=\"elementor-element elementor-element-d68d270 elementor-widget elementor-widget-text-editor\" data-id=\"d68d270\" data-element_type=\"widget\" data-widget_type=\"text-editor.default\">\n\t\t\t\t<div class=\"elementor-widget-container\">\n\t\t\t\t\t\t\t<p style=\"font-weight: 400;\"><span style=\"font-weight: 400;\">JJMG Enterprises l\u00e0 m\u1ed9t m\u00f4 h\u00ecnh c\u1ed1 v\u1ea5n h\u1ecdc t\u1eadp.\u00a0 \u0110\u1ed9i ng\u0169 c\u1ee7a ch\u00fang t\u00f4i r\u1ea5t gi\u00e0u kinh nghi\u1ec7m, c\u00f3 tr\u00ecnh \u0111\u1ed9 h\u1ecdc v\u1ea5n t\u1ed1t, v\u00e0 \u0111am m\u00ea bi\u1ebfn h\u1ecdc t\u1eadp tr\u1edf th\u00e0nh m\u1ed9t h\u00e0nh tr\u00ecnh mang t\u00ednh bi\u1ebfn \u0111\u1ed5i.\u00a0 Ch\u00fang t\u00f4i t\u1ef1 tin th\u1ec3 hi\u1ec7n xu\u1ea5t s\u1eafc trong c\u00e1c l\u0129nh v\u1ef1c sau:<\/span><\/p><p style=\"font-weight: 400;\">\u00a0<\/p><ul style=\"font-weight: 400;\"><li style=\"font-weight: 400;\" aria-level=\"1\"><b>Ch\u00fang t\u00f4i hi\u1ec3u r\u00f5 quy tr\u00ecnh Tuy\u1ec3n sinh:<\/b><span style=\"font-weight: 400;\"> Nhi\u1ec1u th\u00e0nh vi\u00ean trong \u0111\u1ed9i ng\u0169 c\u1ee7a ch\u00fang t\u00f4i t\u1eebng theo h\u1ecdc t\u1ea1i nh\u1eefng tr\u01b0\u1eddng \u0111\u1ea1i h\u1ecdc \u01b0u t\u00fa nh\u1ea5t th\u1ebf gi\u1edbi.  Do \u0111\u00f3, ch\u00fang t\u00f4i nh\u1eadn th\u1ee9c r\u00f5 \u0111\u01b0\u1ee3c v\u1ec1 s\u1ef1 nghi\u00eam ng\u1eb7t c\u0169ng nh\u01b0 nh\u1eefng n\u1ed7 l\u1ef1c c\u1ea7n c\u00f3 \u0111\u1ec3 t\u1ea1o ra nh\u1eefng h\u1ed3 s\u01a1 n\u1ed5i b\u1eadt.  T\u1ea5t nhi\u00ean, \u0111\u1ec3 \u0111\u01b0\u1ee3c nh\u01b0 v\u1eady, h\u1ecdc sinh c\u0169ng ph\u1ea3i c\u00f3 m\u1ed9t s\u1ed1 th\u00e0nh t\u00edch nh\u1ea5t \u0111\u1ecbnh. Ch\u00fang t\u00f4i gi\u00fap sinh vi\u00ean n\u00eau b\u1eadt nh\u1eefng th\u00e0nh t\u00edch c\u1ee7a h\u1ecd, ch\u1ee9ng t\u1ecf v\u1edbi h\u1ed9i \u0111\u1ed3ng tuy\u1ec3n sinh v\u1ec1 c\u00e1c th\u00e0nh t\u00edch n\u00e0y m\u1ed9t c\u00e1ch thuy\u1ebft ph\u1ee5c v\u00e0 l\u00f4i cu\u1ed1n.  V\u1ea5n \u0111\u1ec1 tuy\u1ec3n sinh kh\u00f4ng ch\u1ec9 \u0111\u01b0\u1ee3c \u00e1p d\u1ee5ng v\u1edbi c\u00e1c tr\u01b0\u1eddng \u0111\u1ea1i h\u1ecdc m\u00e0 c\u00f2n \u00e1p d\u1ee5ng v\u1edbi c\u00e1c tr\u01b0\u1eddng n\u1ed9i tr\u00fa v\u00e0 c\u00e1c ch\u01b0\u01a1ng tr\u00ecnh sau \u0111\u1ea1i h\u1ecdc c\u00f3 t\u00ednh ch\u1ecdn l\u1ecdc.<\/span><\/li><\/ul><ul style=\"font-weight: 400;\"><li style=\"font-weight: 400;\" aria-level=\"1\"><b>Ch\u00fang t\u00f4i ch\u1ecdn l\u1ecdc h\u1ecdc sinh:<\/b><span style=\"font-weight: 400;\"> H\u1ecdc sinh v\u00e0 ph\u1ee5 huynh lu\u00f4n ch\u1ecdn l\u1ecdc k\u1ef9 c\u00e0ng \u0111\u1ec3 c\u00f3 c\u1ed1 v\u1ea5n h\u1ecdc t\u1eadp ph\u00f9 h\u1ee3p. Ch\u00fang t\u00f4i c\u0169ng v\u1eady. Ch\u00fang t\u00f4i lu\u00f4n c\u00e2n nh\u1eafc ch\u1ecdn l\u1ecdc kh\u00e1ch h\u00e0ng m\u00e0 ch\u00fang t\u00f4i tin h\u1ecd ph\u00f9 h\u1ee3p v\u1edbi ch\u00fang t\u00f4i.  Do gi\u1ea3ng d\u1ea1y v\u00e0 t\u01b0 v\u1ea5n l\u00e0 m\u1ed9t qu\u00e1 tr\u00ecnh th\u01b0\u1eddng xuy\u00ean, k\u00e9o d\u00e0i n\u00ean ch\u00fang t\u00f4i tin r\u1eb1ng vi\u1ec7c ch\u1ecdn kh\u00e1ch h\u00e0ng c\u00f9ng chia s\u1ebb c\u00e1c gi\u00e1 tr\u1ecb l\u00e0 \u0111i\u1ec1u v\u00f4 c\u00f9ng quan tr\u1ecdng.  \u0110\u1ed9ng l\u1ef1c c\u1ee7a h\u1ecdc sinh v\u00e0 s\u1ef1 tham gia c\u1ee7a ph\u1ee5 huynh l\u00e0 y\u1ebfu t\u1ed1 quan tr\u1ecdng d\u1eabn t\u1edbi th\u00e0nh c\u00f4ng v\u00ec ch\u00fang t\u00f4i tin c\u00e1c m\u1ed1i quan h\u1ec7 v\u00e0 th\u00f3i quen l\u00e0 nh\u1eefng y\u1ebfu t\u1ed1 quy\u1ebft \u0111\u1ecbnh th\u00e0nh c\u00f4ng.  Ch\u00fang t\u00f4i kh\u00f4ng \u0111\u1ec3 cho \u0111\u1ed9i ng\u0169 c\u1ee7a m\u00ecnh b\u1ecb qu\u00e1 t\u1ea3i v\u1edbi s\u1ed1 l\u01b0\u1ee3ng h\u1ecdc sinh qu\u00e1 nhi\u1ec1u nh\u1eb1m \u0111\u1ea3m b\u1ea3o m\u1ed7i h\u1ecdc sinh \u0111\u1ec1u \u0111\u01b0\u1ee3c ch\u00fa \u00fd t\u1edbi.<\/span><\/li><\/ul><ul style=\"font-weight: 400;\"><li style=\"font-weight: 400;\" aria-level=\"1\"><b>Ch\u00fang t\u00f4i lu\u00f4n c\u1ed1 g\u1eafng gi\u1eef \u0111\u1ea1o \u0111\u1ee9c ngh\u1ec1 nghi\u1ec7p:<\/b><span style=\"font-weight: 400;\"> \u0110\u1ed9i ng\u1eef c\u1ee7a ch\u00fang t\u00f4i lu\u00f4n l\u00e0m vi\u1ec7c ch\u0103m ch\u1ec9 \u0111\u1ec3 \u0111\u1ea3m b\u1ea3o h\u1ecdc sinh th\u1ec3 hi\u1ec7n m\u1ed9t c\u00e1ch c\u00f3 \u0111\u1ea1o \u0111\u1ee9c v\u00e0 tr\u00e1ch nhi\u1ec7m.  Ch\u00fang t\u00f4i kh\u00f4ng thi h\u1ed9 h\u1ecdc sinh, kh\u00f4ng vi\u1ebft b\u00e0i lu\u1eadn cho h\u1ecd m\u00e0 lu\u00f4n c\u1ed1 g\u1eafng \u0111\u1ec3 \u0111\u1ea3m b\u1ea3o r\u1eb1ng h\u1ecdc sinh c\u1ee7a ch\u00fang t\u00f4i l\u00e0 nh\u1eefng c\u00f4ng d\u00e2n \u0111\u1ee9ng \u0111\u1eafn.<\/span><\/li><\/ul><ul style=\"font-weight: 400;\"><li style=\"font-weight: 400;\" aria-level=\"1\"><b>Ch\u00fang t\u00f4i c\u00f3 nh\u1eefng h\u1ecdc b\u1ed5ng v\u00e0 lu\u00f4n c\u00f3 s\u1ef1 c\u00e2n nh\u1eafc k\u1ef9 c\u00e0ng ch\u1ee9 kh\u00f4ng \u0111\u01a1n thu\u1ea7n l\u00e0 l\u00e0m kinh doanh: <\/b><span style=\"font-weight: 400;\">M\u1eb7c d\u00f9 c\u00f4ng ty n\u00e0o c\u0169ng mong mu\u1ed1n c\u00f3 \u0111\u01b0\u1ee3c l\u1ee3i nhu\u1eadn nh\u01b0ng ph\u1ea7n \u0111a \u0111\u1ed9i ng\u0169 nh\u00e2n vi\u00ean c\u1ee7a ch\u00fang t\u00f4i \u0111\u1ec1u \u0111\u01b0\u1ee3c \u0111\u1ea7u t\u01b0 v\u1ec1 m\u1eb7t h\u1ecdc thu\u1eadt v\u00e0 c\u00e1c ho\u1ea1t \u0111\u1ed9ng t\u01b0 v\u1ea5n.  M\u1ed9t s\u1ed1 ng\u01b0\u1eddi trong \u0111\u1ed9i ng\u0169 c\u1ee7a ch\u00fang t\u00f4i \u0111\u00e3 ho\u1ea1t \u0111\u1ed9ng chuy\u00ean nghi\u1ec7p trong l\u0129nh v\u1ef1c h\u1ecdc thu\u1eadt, \u0111\u00e0o t\u1ea1o. M\u1ed9t s\u1ed1 kh\u00e1c \u0111ang kh\u00e1m ph\u00e1 c\u00e1ch \u0111\u1ec3 \u0111\u01b0a c\u00e1c kh\u00f3a h\u1ecdc tr\u1ef1c tuy\u1ebfn t\u1edbi c\u00f4ng ch\u00fang.  T\u1ea5t c\u1ea3 c\u00e1c th\u00e0nh vi\u00ean trong \u0111\u1ed9i ng\u0169 c\u1ee7a ch\u00fang t\u00f4i lu\u00f4n quan t\u00e2m t\u1edbi qu\u00e1 tr\u00ecnh h\u1ecdc t\u1eadp v\u00e0 \u0111\u00e3 t\u1eebng tham d\u1ef1 r\u1ea5t nhi\u1ec1u bu\u1ed5i h\u1ed9i th\u1ea3o v\u1ec1 d\u1ea1y v\u00e0 h\u1ecdc.  Ch\u00fang t\u00f4i lu\u00f4n \u0111\u1ed1i x\u1eed t\u1ed1t v\u1edbi c\u00e1c c\u1ed1 v\u1ea5n c\u1ee7a m\u00ecnh b\u1edfi c\u00f4ng vi\u1ec7c c\u1ee7a h\u1ecd mang t\u00ednh chuy\u00ean nghi\u1ec7p.<\/span><\/li><\/ul><ul style=\"font-weight: 400;\"><li style=\"font-weight: 400;\" aria-level=\"1\"><b>Ch\u00fang t\u00f4i c\u00f3 nh\u1eadn th\u1ee9c v\u1ec1 v\u0103n h\u00f3a:<\/b><span style=\"font-weight: 400;\">\u0110\u1ed9i ng\u0169 c\u1ee7a ch\u00fang t\u00f4i \u0111ang l\u00e0m vi\u1ec7c v\u1edbi sinh vi\u00ean \u0111\u1ebfn t\u1eeb nhi\u1ec1u qu\u1ed1c gia tr\u00ean kh\u1eafp ch\u00e2u \u00c1, ch\u00e2u \u00c2u, v\u00e0 Ch\u00e2u M\u1ef9.  Ch\u00fang t\u00f4i \u0111\u00e3 l\u00e0m vi\u1ec7c v\u1edbi sinh vi\u00ean thu\u1ed9c nhi\u1ec1u khuynh h\u01b0\u1edbng ch\u00ednh tr\u1ecb, t\u00ecnh d\u1ee5c v\u00e0 b\u1ed1i c\u1ea3nh kinh t\u1ebf x\u00e3 h\u1ed9i.<\/span><\/li><\/ul><ul style=\"font-weight: 400;\"><li style=\"font-weight: 400;\" aria-level=\"1\"><b>Ch\u00fang t\u00f4i c\u00f3 truy\u1ec1n th\u1ed1ng th\u00e0nh c\u00f4ng:<\/b><span style=\"font-weight: 400;\"> Nh\u00e0 s\u00e1ng l\u1eadp v\u00e0 nhi\u1ec1u th\u00e0nh vi\u00ean trong t\u1ed5 chuy\u00ean gia c\u1ee7a ch\u00fang t\u00f4i \u0111\u00e3 g\u00f3p ph\u1ea7n gi\u00fap h\u1ecdc sinh \u0111\u01b0\u1ee3c h\u1ecdc t\u1ea1i c\u00e1c tr\u01b0\u1eddng \u0111\u1ea1i h\u1ecdc h\u00e0ng \u0111\u1ea7u trong su\u1ed1t th\u1eadp k\u1ef7 qua.  Ch\u00fang t\u00f4i t\u1ef1 h\u00e0o v\u1ec1 h\u1ecdc sinh v\u00e0 th\u00e0nh t\u00edch c\u1ee7a m\u00ecnh. H\u1ecdc sinh c\u1ee7a ch\u00fang t\u00f4i th\u01b0\u1eddng \u0111\u01b0\u1ee3c nh\u1eadn v\u00e0o c\u00e1c tr\u01b0\u1eddng trong nh\u00f3m 50 tr\u01b0\u1eddng \u0111\u1ea1i h\u1ecdc h\u00e0ng \u0111\u1ea7u c\u1ee7a M\u1ef9 v\u00e0 c\u00e1c tr\u01b0\u1eddng \u0111\u1ea1i h\u1ecdc \u01b0u t\u00fa t\u1ea1i n\u01b0\u1edbc ngo\u00e0i.<\/span><\/li><\/ul><p style=\"font-weight: 400;\"><span style=\"font-style: inherit;\"><br \/><span style=\"font-weight: 400;\">N\u1ebfu nh\u1eefng \u0111i\u1ec1u n\u00e0y ph\u1ea3n \u00e1nh ti\u00eau chu\u1ea9n m\u00e0 b\u1ea1n ho\u1eb7c con b\u1ea1n \u0111ang t\u00ecm ki\u1ebfm, \u0111\u1eebng ng\u1ea7n ng\u1ea1i li\u00ean h\u1ec7 v\u1edbi ch\u00fang t\u00f4i theo \u0111\u1ecba ch\u1ec9 <\/span><a style=\"font-style: inherit; font-weight: inherit;\" href=\"mailto:info@jjmgenterprises.com\"><span style=\"font-weight: 400;\">info@jjmgenterranty.com<\/span><\/a><span style=\"font-weight: 400;\"> ho\u1eb7c s\u0111t +84 77 869 3846 \u0111\u1ec3 \u0111\u1eb7t l\u1ecbch h\u1eb9n.<\/span><\/span><\/p>\t\t\t\t\t\t<\/div>\n\t\t\t\t<\/div>\n\t\t\t\t\t<\/div>\n\t\t<\/div>\n\t\t\t\t\t\t\t<\/div>\n\t\t<\/section>\n\t\t\t\t\t<\/div>\n\t\t<\/div>\n\t\t\t\t\t\t\t<\/div>\n\t\t<\/section>\n\t\t\t\t<section class=\"elementor-section elementor-top-section elementor-element elementor-element-4a9e4f64 elementor-section-boxed elementor-section-height-default elementor-section-height-default\" data-id=\"4a9e4f64\" data-element_type=\"section\" data-settings=\"{&quot;background_background&quot;:&quot;classic&quot;}\">\n\t\t\t\t\t\t\t<div class=\"elementor-background-overlay\"><\/div>\n\t\t\t\t\t\t\t<div class=\"elementor-container elementor-column-gap-no\">\n\t\t\t\t\t<div class=\"elementor-column elementor-col-100 elementor-top-column elementor-element elementor-element-136ef818\" data-id=\"136ef818\" data-element_type=\"column\">\n\t\t\t<div class=\"elementor-widget-wrap elementor-element-populated\">\n\t\t\t\t\t\t\t\t<div class=\"elementor-element elementor-element-576780dc elementor-widget elementor-widget-heading\" data-id=\"576780dc\" data-element_type=\"widget\" data-widget_type=\"heading.default\">\n\t\t\t\t<div class=\"elementor-widget-container\">\n\t\t\t<h2 class=\"elementor-heading-title elementor-size-default\">B\u1ea0N \u0110\u00c3 S\u1eb4N S\u00c0NG THEO \u0110U\u1ed4I \u01af\u1edaC M\u01a0 C\u1ee6A M\u00ccNH HAY CH\u01afA?<br>your dream?<\/h2>\t\t<\/div>\n\t\t\t\t<\/div>\n\t\t\t\t<div class=\"elementor-element elementor-element-612d7816 elementor-widget elementor-widget-text-editor\" data-id=\"612d7816\" data-element_type=\"widget\" data-widget_type=\"text-editor.default\">\n\t\t\t\t<div class=\"elementor-widget-container\">\n\t\t\t\t\t\t\t<p>Get\u00a0<span style=\"font-size: 16px; color: var( --e-global-color-3b5e640 ); font-family: var( --e-global-typography-text-font-family ), Sans-serif;\">H\u00e3y b\u1eaft \u0111\u1ea7u n\u1ed7 l\u1ef1c h\u1ecdc t\u1eadp ngay t\u1eeb b\u00e2y gi\u1edd.<\/span><\/p>\t\t\t\t\t\t<\/div>\n\t\t\t\t<\/div>\n\t\t\t\t<div class=\"elementor-element elementor-element-2f0fad88 elementor-widget-mobile__width-inherit elementor-align-center elementor-widget elementor-widget-button\" data-id=\"2f0fad88\" data-element_type=\"widget\" data-widget_type=\"button.default\">\n\t\t\t\t<div class=\"elementor-widget-container\">\n\t\t\t\t\t<div class=\"elementor-button-wrapper\">\n\t\t\t<a class=\"elementor-button elementor-button-link elementor-size-sm\" href=\"https:\/\/jjmgenterprises.com\/vi\/contact-us\/\">\n\t\t\t\t\t\t<span class=\"elementor-button-content-wrapper\">\n\t\t\t\t\t\t<span class=\"elementor-button-text\">Li\u00ean H\u1ec7<\/span>\n\t\t<\/span>\n\t\t\t\t\t<\/a>\n\t\t<\/div>\n\t\t\t\t<\/div>\n\t\t\t\t<\/div>\n\t\t\t\t\t<\/div>\n\t\t<\/div>\n\t\t\t\t\t\t\t<\/div>\n\t\t<\/section>\n\t\t\t\t\t\t\t<\/div>","protected":false},"excerpt":{"rendered":"<p>About Us About JJMG Enterprises \u2013 Why Us? JJMG Enterprises is a paragon of academic mentorship.\u00a0 Our team is experienced, well-educated, and passionate about making learning a transformative experience.\u00a0 We excel in the following areas: \u00a0 We Understand the Admissions Process: Many of our team members have studied at world\u2019s most elite universities.\u00a0 As such, &hellip;<\/p>\n<p class=\"read-more\"> <a class=\"\" href=\"https:\/\/jjmgenterprises.com\/vi\/about-us\/\"> <span class=\"screen-reader-text\">V\u1ec1 ch\u00fang t\u00f4i<\/span> Read More &raquo;<\/a><\/p>","protected":false},"author":2,"featured_media":0,"parent":0,"menu_order":0,"comment_status":"closed","ping_status":"closed","template":"","meta":{"footnotes":""},"class_list":["post-164","page","type-page","status-publish","hentry"],"_links":{"self":[{"href":"https:\/\/jjmgenterprises.com\/vi\/wp-json\/wp\/v2\/pages\/164","targetHints":{"allow":["GET"]}}],"collection":[{"href":"https:\/\/jjmgenterprises.com\/vi\/wp-json\/wp\/v2\/pages"}],"about":[{"href":"https:\/\/jjmgenterprises.com\/vi\/wp-json\/wp\/v2\/types\/page"}],"author":[{"embeddable":true,"href":"https:\/\/jjmgenterprises.com\/vi\/wp-json\/wp\/v2\/users\/2"}],"replies":[{"embeddable":true,"href":"https:\/\/jjmgenterprises.com\/vi\/wp-json\/wp\/v2\/comments?post=164"}],"version-history":[{"count":57,"href":"https:\/\/jjmgenterprises.com\/vi\/wp-json\/wp\/v2\/pages\/164\/revisions"}],"predecessor-version":[{"id":2928,"href":"https:\/\/jjmgenterprises.com\/vi\/wp-json\/wp\/v2\/pages\/164\/revisions\/2928"}],"wp:attachment":[{"href":"https:\/\/jjmgenterprises.com\/vi\/wp-json\/wp\/v2\/media?parent=164"}],"curies":[{"name":"wp","href":"https:\/\/api.w.org\/{rel}","templated":true}]}}