{"id":1620,"date":"2021-07-23T15:32:22","date_gmt":"2021-07-23T15:32:22","guid":{"rendered":"https:\/\/jjmgenterprises.com\/?page_id=1620"},"modified":"2021-08-05T03:00:29","modified_gmt":"2021-08-05T03:00:29","slug":"in-the-news","status":"publish","type":"page","link":"https:\/\/jjmgenterprises.com\/vi\/in-the-news\/","title":{"rendered":"Tin t\u1ee9c"},"content":{"rendered":"<div data-elementor-type=\"wp-page\" data-elementor-id=\"1620\" class=\"elementor elementor-1620\">\n\t\t\t\t\t\t\t\t\t<section class=\"elementor-section elementor-top-section elementor-element elementor-element-9417eee elementor-section-boxed elementor-section-height-default elementor-section-height-default\" data-id=\"9417eee\" data-element_type=\"section\" data-settings=\"{&quot;background_background&quot;:&quot;classic&quot;}\">\n\t\t\t\t\t\t\t<div class=\"elementor-background-overlay\"><\/div>\n\t\t\t\t\t\t\t<div class=\"elementor-container elementor-column-gap-no\">\n\t\t\t\t\t<div class=\"elementor-column elementor-col-100 elementor-top-column elementor-element elementor-element-e7524b6\" data-id=\"e7524b6\" data-element_type=\"column\">\n\t\t\t<div class=\"elementor-widget-wrap\">\n\t\t\t\t\t\t\t\t\t<\/div>\n\t\t<\/div>\n\t\t\t\t\t\t\t<\/div>\n\t\t<\/section>\n\t\t\t\t<section class=\"elementor-section elementor-top-section elementor-element elementor-element-76f1365c elementor-section-boxed elementor-section-height-default elementor-section-height-default\" data-id=\"76f1365c\" data-element_type=\"section\">\n\t\t\t\t\t\t<div class=\"elementor-container elementor-column-gap-default\">\n\t\t\t\t\t<div class=\"elementor-column elementor-col-100 elementor-top-column elementor-element elementor-element-3544fae8\" data-id=\"3544fae8\" data-element_type=\"column\">\n\t\t\t<div class=\"elementor-widget-wrap elementor-element-populated\">\n\t\t\t\t\t\t\t\t<div class=\"elementor-element elementor-element-403b9665 elementor-widget elementor-widget-spacer\" data-id=\"403b9665\" data-element_type=\"widget\" data-widget_type=\"spacer.default\">\n\t\t\t\t<div class=\"elementor-widget-container\">\n\t\t\t\t\t<div class=\"elementor-spacer\">\n\t\t\t<div class=\"elementor-spacer-inner\"><\/div>\n\t\t<\/div>\n\t\t\t\t<\/div>\n\t\t\t\t<\/div>\n\t\t\t\t<div class=\"elementor-element elementor-element-1259389 elementor-widget elementor-widget-heading\" data-id=\"1259389\" data-element_type=\"widget\" data-widget_type=\"heading.default\">\n\t\t\t\t<div class=\"elementor-widget-container\">\n\t\t\t<h2 class=\"elementor-heading-title elementor-size-default\">Tin t\u1ee9c<\/h2>\t\t<\/div>\n\t\t\t\t<\/div>\n\t\t\t\t<div class=\"elementor-element elementor-element-572b0c90 elementor-widget-divider--view-line elementor-widget elementor-widget-divider\" data-id=\"572b0c90\" data-element_type=\"widget\" data-widget_type=\"divider.default\">\n\t\t\t\t<div class=\"elementor-widget-container\">\n\t\t\t\t\t<div class=\"elementor-divider\">\n\t\t\t<span class=\"elementor-divider-separator\">\n\t\t\t\t\t\t<\/span>\n\t\t<\/div>\n\t\t\t\t<\/div>\n\t\t\t\t<\/div>\n\t\t\t\t<div class=\"elementor-element elementor-element-e082318 elementor-widget elementor-widget-image\" data-id=\"e082318\" data-element_type=\"widget\" data-widget_type=\"image.default\">\n\t\t\t\t<div class=\"elementor-widget-container\">\n\t\t\t\t\t\t\t\t\t\t\t\t\t\t\t<img loading=\"lazy\" decoding=\"async\" width=\"1920\" height=\"810\" src=\"https:\/\/jjmgenterprises.com\/wp-content\/uploads\/2021\/07\/In-The-News-sm.png\" class=\"attachment-full size-full wp-image-2308\" alt=\"\" srcset=\"https:\/\/jjmgenterprises.com\/wp-content\/uploads\/2021\/07\/In-The-News-sm.png 1920w, https:\/\/jjmgenterprises.com\/wp-content\/uploads\/2021\/07\/In-The-News-sm-300x127.png 300w, https:\/\/jjmgenterprises.com\/wp-content\/uploads\/2021\/07\/In-The-News-sm-1024x432.png 1024w, https:\/\/jjmgenterprises.com\/wp-content\/uploads\/2021\/07\/In-The-News-sm-768x324.png 768w, https:\/\/jjmgenterprises.com\/wp-content\/uploads\/2021\/07\/In-The-News-sm-1536x648.png 1536w\" sizes=\"auto, (max-width: 1920px) 100vw, 1920px\" \/>\t\t\t\t\t\t\t\t\t\t\t\t\t\t\t<\/div>\n\t\t\t\t<\/div>\n\t\t\t\t\t<\/div>\n\t\t<\/div>\n\t\t\t\t\t\t\t<\/div>\n\t\t<\/section>\n\t\t\t\t<section class=\"elementor-section elementor-top-section elementor-element elementor-element-7276f91 elementor-section-boxed elementor-section-height-default elementor-section-height-default\" data-id=\"7276f91\" data-element_type=\"section\">\n\t\t\t\t\t\t<div class=\"elementor-container elementor-column-gap-default\">\n\t\t\t\t\t<div class=\"elementor-column elementor-col-100 elementor-top-column elementor-element elementor-element-81f7536\" data-id=\"81f7536\" data-element_type=\"column\">\n\t\t\t<div class=\"elementor-widget-wrap elementor-element-populated\">\n\t\t\t\t\t\t\t\t<div class=\"elementor-element elementor-element-aac496b elementor-widget elementor-widget-text-editor\" data-id=\"aac496b\" data-element_type=\"widget\" data-widget_type=\"text-editor.default\">\n\t\t\t\t<div class=\"elementor-widget-container\">\n\t\t\t\t\t\t\t<p><span style=\"font-weight: 400;\">Trong nh\u1eefng n\u0103m qua, c\u00e1c th\u00e0nh vi\u00ean trong nh\u00f3m c\u1ee7a ch\u00fang t\u00f4i \u0111\u00e3 c\u00f3 m\u1eb7t tr\u00ean b\u00e1o ch\u00ed \u0111\u1ec3 th\u1ea3o lu\u1eadn v\u1ec1 c\u00e1c v\u1ea5n \u0111\u1ec1 gi\u00e1o d\u1ee5c.\u00a0 D\u01b0\u1edbi \u0111\u00e2y l\u00e0 c\u00e1c li\u00ean k\u1ebft \u0111\u1ec3 \u0111\u1ecdc v\u1ec1 nh\u1eefng g\u00ec ch\u00fang t\u00f4i \u0111\u00e3 ph\u1ea3i n\u00f3i:<\/span><\/p>\t\t\t\t\t\t<\/div>\n\t\t\t\t<\/div>\n\t\t\t\t<div class=\"elementor-element elementor-element-8118b37 elementor-icon-list--layout-traditional elementor-list-item-link-full_width elementor-widget elementor-widget-icon-list\" data-id=\"8118b37\" data-element_type=\"widget\" data-widget_type=\"icon-list.default\">\n\t\t\t\t<div class=\"elementor-widget-container\">\n\t\t\t\t\t<ul class=\"elementor-icon-list-items\">\n\t\t\t\t\t\t\t<li class=\"elementor-icon-list-item\">\n\t\t\t\t\t\t\t\t\t\t\t<a href=\"https:\/\/tuoitre.vn\/tu-stanford-harvard-den-viet-nam-1313355.htm\" target=\"_blank\">\n\n\t\t\t\t\t\t\t\t\t\t\t\t<span class=\"elementor-icon-list-icon\">\n\t\t\t\t\t\t\t<i aria-hidden=\"true\" class=\"fas fa-external-link-alt\"><\/i>\t\t\t\t\t\t<\/span>\n\t\t\t\t\t\t\t\t\t\t<span class=\"elementor-icon-list-text\">https:\/\/tuoitre.vn\/tu-stanford-harvard-den-viet-nam-1313355.htm (Tu\u1ed5i Tr\u1ebb , 15\/05\/2017, in Vietnamese) <\/span>\n\t\t\t\t\t\t\t\t\t\t\t<\/a>\n\t\t\t\t\t\t\t\t\t<\/li>\n\t\t\t\t\t\t\t\t<li class=\"elementor-icon-list-item\">\n\t\t\t\t\t\t\t\t\t\t\t<a href=\"https:\/\/tuoitre.vn\/yeu-to-giup-dai-hoc-tu-thanh-cong-599407.htm\" target=\"_blank\">\n\n\t\t\t\t\t\t\t\t\t\t\t\t<span class=\"elementor-icon-list-icon\">\n\t\t\t\t\t\t\t<i aria-hidden=\"true\" class=\"fas fa-external-link-alt\"><\/i>\t\t\t\t\t\t<\/span>\n\t\t\t\t\t\t\t\t\t\t<span class=\"elementor-icon-list-text\"> https:\/\/tuoitre.vn\/yeu-to-giup-dai-hoc-tu-thanh-cong-599407.htm (Tu\u1ed5i Tr\u1ebb, 23\/03\/2014, in Vietnamese)<\/span>\n\t\t\t\t\t\t\t\t\t\t\t<\/a>\n\t\t\t\t\t\t\t\t\t<\/li>\n\t\t\t\t\t\t<\/ul>\n\t\t\t\t<\/div>\n\t\t\t\t<\/div>\n\t\t\t\t<div class=\"elementor-element elementor-element-a369f0f elementor-widget elementor-widget-spacer\" data-id=\"a369f0f\" data-element_type=\"widget\" data-widget_type=\"spacer.default\">\n\t\t\t\t<div class=\"elementor-widget-container\">\n\t\t\t\t\t<div class=\"elementor-spacer\">\n\t\t\t<div class=\"elementor-spacer-inner\"><\/div>\n\t\t<\/div>\n\t\t\t\t<\/div>\n\t\t\t\t<\/div>\n\t\t\t\t\t<\/div>\n\t\t<\/div>\n\t\t\t\t\t\t\t<\/div>\n\t\t<\/section>\n\t\t\t\t<section class=\"elementor-section elementor-top-section elementor-element elementor-element-7ae7452f elementor-section-boxed elementor-section-height-default elementor-section-height-default\" data-id=\"7ae7452f\" data-element_type=\"section\" data-settings=\"{&quot;background_background&quot;:&quot;classic&quot;}\">\n\t\t\t\t\t\t\t<div class=\"elementor-background-overlay\"><\/div>\n\t\t\t\t\t\t\t<div class=\"elementor-container elementor-column-gap-no\">\n\t\t\t\t\t<div class=\"elementor-column elementor-col-100 elementor-top-column elementor-element elementor-element-2d76b0cf\" data-id=\"2d76b0cf\" data-element_type=\"column\">\n\t\t\t<div class=\"elementor-widget-wrap elementor-element-populated\">\n\t\t\t\t\t\t\t\t<div class=\"elementor-element elementor-element-20ff581f elementor-widget elementor-widget-heading\" data-id=\"20ff581f\" data-element_type=\"widget\" data-widget_type=\"heading.default\">\n\t\t\t\t<div class=\"elementor-widget-container\">\n\t\t\t<h2 class=\"elementor-heading-title elementor-size-default\">B\u1ea0N \u0110\u00c3 S\u1eb4N S\u00c0NG THEO \u0110U\u1ed4I \u01af\u1edaC M\u01a0 C\u1ee6A M\u00ccNH HAY CH\u01afA?<br>your dream?<\/h2>\t\t<\/div>\n\t\t\t\t<\/div>\n\t\t\t\t<div class=\"elementor-element elementor-element-5a98cf0d elementor-widget elementor-widget-text-editor\" data-id=\"5a98cf0d\" data-element_type=\"widget\" data-widget_type=\"text-editor.default\">\n\t\t\t\t<div class=\"elementor-widget-container\">\n\t\t\t\t\t\t\t<p>Get\u00a0<span style=\"font-size: 16px; color: var( --e-global-color-3b5e640 ); font-family: var( --e-global-typography-text-font-family ), Sans-serif;\">H\u00e3y b\u1eaft \u0111\u1ea7u n\u1ed7 l\u1ef1c h\u1ecdc t\u1eadp ngay t\u1eeb b\u00e2y gi\u1edd.<\/span><\/p>\t\t\t\t\t\t<\/div>\n\t\t\t\t<\/div>\n\t\t\t\t<div class=\"elementor-element elementor-element-4a56a502 elementor-widget-mobile__width-inherit elementor-align-center elementor-widget elementor-widget-button\" data-id=\"4a56a502\" data-element_type=\"widget\" data-widget_type=\"button.default\">\n\t\t\t\t<div class=\"elementor-widget-container\">\n\t\t\t\t\t<div class=\"elementor-button-wrapper\">\n\t\t\t<a class=\"elementor-button elementor-button-link elementor-size-sm\" href=\"https:\/\/jjmgenterprises.com\/vi\/contact-us\/\">\n\t\t\t\t\t\t<span class=\"elementor-button-content-wrapper\">\n\t\t\t\t\t\t<span class=\"elementor-button-text\">Li\u00ean H\u1ec7<\/span>\n\t\t<\/span>\n\t\t\t\t\t<\/a>\n\t\t<\/div>\n\t\t\t\t<\/div>\n\t\t\t\t<\/div>\n\t\t\t\t\t<\/div>\n\t\t<\/div>\n\t\t\t\t\t\t\t<\/div>\n\t\t<\/section>\n\t\t\t\t\t\t\t<\/div>","protected":false},"excerpt":{"rendered":"<p>In the News Over the years, our team members have been in the press to discuss educational issues.\u00a0 Here are links to read about what we have had to say: https:\/\/tuoitre.vn\/tu-stanford-harvard-den-viet-nam-1313355.htm (Tu\u1ed5i Tr\u1ebb , 15\/05\/2017, in Vietnamese) https:\/\/tuoitre.vn\/yeu-to-giup-dai-hoc-tu-thanh-cong-599407.htm (Tu\u1ed5i Tr\u1ebb, 23\/03\/2014, in Vietnamese) Ready to pursueyour dream? Get\u00a0started on your intellectual endeavors now. Contact Us<\/p>","protected":false},"author":2,"featured_media":0,"parent":0,"menu_order":0,"comment_status":"closed","ping_status":"closed","template":"","meta":{"footnotes":""},"class_list":["post-1620","page","type-page","status-publish","hentry"],"_links":{"self":[{"href":"https:\/\/jjmgenterprises.com\/vi\/wp-json\/wp\/v2\/pages\/1620","targetHints":{"allow":["GET"]}}],"collection":[{"href":"https:\/\/jjmgenterprises.com\/vi\/wp-json\/wp\/v2\/pages"}],"about":[{"href":"https:\/\/jjmgenterprises.com\/vi\/wp-json\/wp\/v2\/types\/page"}],"author":[{"embeddable":true,"href":"https:\/\/jjmgenterprises.com\/vi\/wp-json\/wp\/v2\/users\/2"}],"replies":[{"embeddable":true,"href":"https:\/\/jjmgenterprises.com\/vi\/wp-json\/wp\/v2\/comments?post=1620"}],"version-history":[{"count":31,"href":"https:\/\/jjmgenterprises.com\/vi\/wp-json\/wp\/v2\/pages\/1620\/revisions"}],"predecessor-version":[{"id":2687,"href":"https:\/\/jjmgenterprises.com\/vi\/wp-json\/wp\/v2\/pages\/1620\/revisions\/2687"}],"wp:attachment":[{"href":"https:\/\/jjmgenterprises.com\/vi\/wp-json\/wp\/v2\/media?parent=1620"}],"curies":[{"name":"wp","href":"https:\/\/api.w.org\/{rel}","templated":true}]}}