{"id":1614,"date":"2021-07-23T15:25:36","date_gmt":"2021-07-23T15:25:36","guid":{"rendered":"https:\/\/jjmgenterprises.com\/?page_id=1614"},"modified":"2021-08-05T03:00:00","modified_gmt":"2021-08-05T03:00:00","slug":"books-for-sale-in-vietnam","status":"publish","type":"page","link":"https:\/\/jjmgenterprises.com\/vi\/books-for-sale-in-vietnam\/","title":{"rendered":"S\u00e1ch b\u00e1n t\u1ea1i Vi\u1ec7t Nam"},"content":{"rendered":"<div data-elementor-type=\"wp-page\" data-elementor-id=\"1614\" class=\"elementor elementor-1614\">\n\t\t\t\t\t\t\t\t\t<section class=\"elementor-section elementor-top-section elementor-element elementor-element-24820c2 elementor-section-boxed elementor-section-height-default elementor-section-height-default\" data-id=\"24820c2\" data-element_type=\"section\" data-settings=\"{&quot;background_background&quot;:&quot;classic&quot;}\">\n\t\t\t\t\t\t\t<div class=\"elementor-background-overlay\"><\/div>\n\t\t\t\t\t\t\t<div class=\"elementor-container elementor-column-gap-no\">\n\t\t\t\t\t<div class=\"elementor-column elementor-col-100 elementor-top-column elementor-element elementor-element-ddfd6b8\" data-id=\"ddfd6b8\" data-element_type=\"column\">\n\t\t\t<div class=\"elementor-widget-wrap\">\n\t\t\t\t\t\t\t\t\t<\/div>\n\t\t<\/div>\n\t\t\t\t\t\t\t<\/div>\n\t\t<\/section>\n\t\t\t\t<section class=\"elementor-section elementor-top-section elementor-element elementor-element-37a02d5e elementor-section-boxed elementor-section-height-default elementor-section-height-default\" data-id=\"37a02d5e\" data-element_type=\"section\">\n\t\t\t\t\t\t<div class=\"elementor-container elementor-column-gap-default\">\n\t\t\t\t\t<div class=\"elementor-column elementor-col-100 elementor-top-column elementor-element elementor-element-64a000c0\" data-id=\"64a000c0\" data-element_type=\"column\">\n\t\t\t<div class=\"elementor-widget-wrap elementor-element-populated\">\n\t\t\t\t\t\t\t\t<div class=\"elementor-element elementor-element-3fee57c0 elementor-widget elementor-widget-spacer\" data-id=\"3fee57c0\" data-element_type=\"widget\" data-widget_type=\"spacer.default\">\n\t\t\t\t<div class=\"elementor-widget-container\">\n\t\t\t\t\t<div class=\"elementor-spacer\">\n\t\t\t<div class=\"elementor-spacer-inner\"><\/div>\n\t\t<\/div>\n\t\t\t\t<\/div>\n\t\t\t\t<\/div>\n\t\t\t\t<div class=\"elementor-element elementor-element-d2558ab elementor-widget elementor-widget-heading\" data-id=\"d2558ab\" data-element_type=\"widget\" data-widget_type=\"heading.default\">\n\t\t\t\t<div class=\"elementor-widget-container\">\n\t\t\t<h2 class=\"elementor-heading-title elementor-size-default\">S\u00e1ch b\u00e1n t\u1ea1i Vi\u1ec7t Nam<\/h2>\t\t<\/div>\n\t\t\t\t<\/div>\n\t\t\t\t<div class=\"elementor-element elementor-element-534240de elementor-widget-divider--view-line elementor-widget elementor-widget-divider\" data-id=\"534240de\" data-element_type=\"widget\" data-widget_type=\"divider.default\">\n\t\t\t\t<div class=\"elementor-widget-container\">\n\t\t\t\t\t<div class=\"elementor-divider\">\n\t\t\t<span class=\"elementor-divider-separator\">\n\t\t\t\t\t\t<\/span>\n\t\t<\/div>\n\t\t\t\t<\/div>\n\t\t\t\t<\/div>\n\t\t\t\t\t<\/div>\n\t\t<\/div>\n\t\t\t\t\t\t\t<\/div>\n\t\t<\/section>\n\t\t\t\t<section class=\"elementor-section elementor-top-section elementor-element elementor-element-d9c3ebc elementor-section-boxed elementor-section-height-default elementor-section-height-default\" data-id=\"d9c3ebc\" data-element_type=\"section\">\n\t\t\t\t\t\t<div class=\"elementor-container elementor-column-gap-default\">\n\t\t\t\t\t<div class=\"elementor-column elementor-col-100 elementor-top-column elementor-element elementor-element-a1e8b05\" data-id=\"a1e8b05\" data-element_type=\"column\">\n\t\t\t<div class=\"elementor-widget-wrap elementor-element-populated\">\n\t\t\t\t\t\t\t\t<div class=\"elementor-element elementor-element-37d34c9 elementor-widget elementor-widget-text-editor\" data-id=\"37d34c9\" data-element_type=\"widget\" data-widget_type=\"text-editor.default\">\n\t\t\t\t<div class=\"elementor-widget-container\">\n\t\t\t\t\t\t\t<p><span style=\"font-weight: 400;\">Justin Grosslight \u0111\u00e3 xu\u1ea5t b\u1ea3n ba cu\u1ed1n s\u00e1ch chu\u1ea9n b\u1ecb gi\u00e1o d\u1ee5c v\u00e0 t\u1eeb v\u1ef1ng \u0111\u1ec3 b\u00e1n c\u00f9ng v\u1edbi <\/span><span style=\"font-weight: 400;\">Nh\u00e0 S\u00e1ch Ph\u1ee5 N\u1eef<\/span><span style=\"font-weight: 400;\">. N\u1ed9i dung c\u1ee7a s\u00e1ch g\u1ea7n nh\u01b0 ho\u00e0n to\u00e0n b\u1eb1ng ti\u1ebfng Anh.  Nh\u1ea5p v\u00e0o h\u00ecnh \u1ea3nh c\u1ee7a cu\u1ed1n s\u00e1ch d\u01b0\u1edbi \u0111\u00e2y \u0111\u1ec3 \u0111\u01b0\u1ee3c d\u1eabn \u0111\u1ebfn trang \u0111\u1eb7t h\u00e0ng t\u1eeb nh\u00e0 xu\u1ea5t b\u1ea3n.<\/span><\/p>\t\t\t\t\t\t<\/div>\n\t\t\t\t<\/div>\n\t\t\t\t\t<\/div>\n\t\t<\/div>\n\t\t\t\t\t\t\t<\/div>\n\t\t<\/section>\n\t\t\t\t<section class=\"elementor-section elementor-top-section elementor-element elementor-element-80b7f9f elementor-section-boxed elementor-section-height-default elementor-section-height-default\" data-id=\"80b7f9f\" data-element_type=\"section\">\n\t\t\t\t\t\t<div class=\"elementor-container elementor-column-gap-default\">\n\t\t\t\t\t<div class=\"elementor-column elementor-col-100 elementor-top-column elementor-element elementor-element-9daff92\" data-id=\"9daff92\" data-element_type=\"column\">\n\t\t\t<div class=\"elementor-widget-wrap elementor-element-populated\">\n\t\t\t\t\t\t\t\t<section class=\"elementor-section elementor-inner-section elementor-element elementor-element-b40e095 elementor-section-boxed elementor-section-height-default elementor-section-height-default\" data-id=\"b40e095\" data-element_type=\"section\" data-settings=\"{&quot;background_background&quot;:&quot;classic&quot;}\">\n\t\t\t\t\t\t<div class=\"elementor-container elementor-column-gap-default\">\n\t\t\t\t\t<div class=\"elementor-column elementor-col-33 elementor-inner-column elementor-element elementor-element-3f227c2\" data-id=\"3f227c2\" data-element_type=\"column\">\n\t\t\t<div class=\"elementor-widget-wrap elementor-element-populated\">\n\t\t\t\t\t\t\t\t<div class=\"elementor-element elementor-element-b13eeaa elementor-widget elementor-widget-image\" data-id=\"b13eeaa\" data-element_type=\"widget\" data-widget_type=\"image.default\">\n\t\t\t\t<div class=\"elementor-widget-container\">\n\t\t\t\t\t\t\t\t\t\t\t\t\t\t\t<img loading=\"lazy\" decoding=\"async\" width=\"712\" height=\"1024\" src=\"https:\/\/jjmgenterprises.com\/wp-content\/uploads\/2021\/07\/VovabularyQuestVN-712x1024.jpg\" class=\"attachment-large size-large wp-image-1700\" alt=\"\" srcset=\"https:\/\/jjmgenterprises.com\/wp-content\/uploads\/2021\/07\/VovabularyQuestVN-712x1024.jpg 712w, https:\/\/jjmgenterprises.com\/wp-content\/uploads\/2021\/07\/VovabularyQuestVN-208x300.jpg 208w, https:\/\/jjmgenterprises.com\/wp-content\/uploads\/2021\/07\/VovabularyQuestVN-768x1105.jpg 768w, https:\/\/jjmgenterprises.com\/wp-content\/uploads\/2021\/07\/VovabularyQuestVN.jpg 870w\" sizes=\"auto, (max-width: 712px) 100vw, 712px\" \/>\t\t\t\t\t\t\t\t\t\t\t\t\t\t\t<\/div>\n\t\t\t\t<\/div>\n\t\t\t\t\t<\/div>\n\t\t<\/div>\n\t\t\t\t<div class=\"elementor-column elementor-col-66 elementor-inner-column elementor-element elementor-element-2632595\" data-id=\"2632595\" data-element_type=\"column\">\n\t\t\t<div class=\"elementor-widget-wrap elementor-element-populated\">\n\t\t\t\t\t\t\t\t<div class=\"elementor-element elementor-element-50c467b elementor-widget elementor-widget-heading\" data-id=\"50c467b\" data-element_type=\"widget\" data-widget_type=\"heading.default\">\n\t\t\t\t<div class=\"elementor-widget-container\">\n\t\t\t<h4 class=\"elementor-heading-title elementor-size-default\">Vocabulary Quest<\/h4>\t\t<\/div>\n\t\t\t\t<\/div>\n\t\t\t\t<div class=\"elementor-element elementor-element-9ad2554 elementor-widget elementor-widget-text-editor\" data-id=\"9ad2554\" data-element_type=\"widget\" data-widget_type=\"text-editor.default\">\n\t\t\t\t<div class=\"elementor-widget-container\">\n\t\t\t\t\t\t\t<p><span style=\"font-weight: 400;\">Vocabulary Quest l\u00e0 m\u1ed9t cu\u1ed1n s\u00e1ch b\u00e0i t\u1eadp \u0111\u01b0\u1ee3c s\u1eafp x\u1ebfp c\u00f3 chi\u1ebfn l\u01b0\u1ee3c ch\u1ee9a h\u01a1n 1100 t\u1eeb xu\u1ea5t hi\u1ec7n trong ti\u1ebfng Anh tr\u00ed tu\u1ec7 v\u00e0 h\u1ecdc thu\u1eadt, \u0111\u1eb7c bi\u1ec7t l\u00e0 trong c\u00e1c k\u1ef3 thi tuy\u1ec3n sinh \u0111\u1ea1i h\u1ecdc v\u00e0 cao \u0111\u1eb3ng. N\u00f3 \u0111\u01b0\u1ee3c thi\u1ebft k\u1ebf \u0111\u1eb7c bi\u1ec7t cho h\u1ecdc sinh trung h\u1ecdc nh\u1eb1m m\u1ee5c \u0111\u00edch c\u1ea3i thi\u1ec7n \u0111i\u1ec3m SAT ho\u1eb7c ACT, sinh vi\u00ean \u0111\u1ea1i h\u1ecdc mu\u1ed1n trau d\u1ed3i k\u1ef9 n\u0103ng vi\u1ebft ho\u1eb7c luy\u1ec7n thi GRE v\u00e0 c\u00e1c chuy\u00ean gia tr\u01b0\u1edfng th\u00e0nh \u0111ang t\u00ecm c\u00e1ch t\u1ed1i \u0111a h\u00f3a s\u1ef1 hi\u1ec3u bi\u1ebft c\u1ee7a h\u1ecd v\u1ec1 ng\u00f4n ng\u1eef ti\u1ebfng Anh \u0111\u01b0\u1ee3c s\u1eed d\u1ee5ng trong phim, truy\u1ec1n h\u00ecnh, \u0111\u1ecdc, c\u00e1c cu\u1ed9c h\u1ecdp kinh doanh v\u00e0 h\u1ed9i th\u1ea3o.<\/span><\/p>\t\t\t\t\t\t<\/div>\n\t\t\t\t<\/div>\n\t\t\t\t<div class=\"elementor-element elementor-element-dc44a20 elementor-widget elementor-widget-button\" data-id=\"dc44a20\" data-element_type=\"widget\" data-widget_type=\"button.default\">\n\t\t\t\t<div class=\"elementor-widget-container\">\n\t\t\t\t\t<div class=\"elementor-button-wrapper\">\n\t\t\t<a class=\"elementor-button elementor-button-link elementor-size-sm\" href=\"https:\/\/nxbphunu.com.vn\/san-pham\/but-pha-tu-vung-tieng-anh-hoc-thuat-voi-1101-tu-thiet-yeu\/?lang=en\" target=\"_blank\">\n\t\t\t\t\t\t<span class=\"elementor-button-content-wrapper\">\n\t\t\t\t\t\t<span class=\"elementor-button-text\">Mua s\u00e1ch<\/span>\n\t\t<\/span>\n\t\t\t\t\t<\/a>\n\t\t<\/div>\n\t\t\t\t<\/div>\n\t\t\t\t<\/div>\n\t\t\t\t\t<\/div>\n\t\t<\/div>\n\t\t\t\t\t\t\t<\/div>\n\t\t<\/section>\n\t\t\t\t<section class=\"elementor-section elementor-inner-section elementor-element elementor-element-25472b8 elementor-section-boxed elementor-section-height-default elementor-section-height-default\" data-id=\"25472b8\" data-element_type=\"section\">\n\t\t\t\t\t\t<div class=\"elementor-container elementor-column-gap-default\">\n\t\t\t\t\t<div class=\"elementor-column elementor-col-33 elementor-inner-column elementor-element elementor-element-64a03bf\" data-id=\"64a03bf\" data-element_type=\"column\">\n\t\t\t<div class=\"elementor-widget-wrap elementor-element-populated\">\n\t\t\t\t\t\t\t\t<div class=\"elementor-element elementor-element-352200e elementor-widget elementor-widget-image\" data-id=\"352200e\" data-element_type=\"widget\" data-widget_type=\"image.default\">\n\t\t\t\t<div class=\"elementor-widget-container\">\n\t\t\t\t\t\t\t\t\t\t\t\t\t\t\t<img loading=\"lazy\" decoding=\"async\" width=\"711\" height=\"1024\" src=\"https:\/\/jjmgenterprises.com\/wp-content\/uploads\/2021\/07\/VocabularyQuest-711x1024.jpg\" class=\"attachment-large size-large wp-image-1699\" alt=\"\" srcset=\"https:\/\/jjmgenterprises.com\/wp-content\/uploads\/2021\/07\/VocabularyQuest-711x1024.jpg 711w, https:\/\/jjmgenterprises.com\/wp-content\/uploads\/2021\/07\/VocabularyQuest-208x300.jpg 208w, https:\/\/jjmgenterprises.com\/wp-content\/uploads\/2021\/07\/VocabularyQuest-768x1106.jpg 768w, https:\/\/jjmgenterprises.com\/wp-content\/uploads\/2021\/07\/VocabularyQuest.jpg 868w\" sizes=\"auto, (max-width: 711px) 100vw, 711px\" \/>\t\t\t\t\t\t\t\t\t\t\t\t\t\t\t<\/div>\n\t\t\t\t<\/div>\n\t\t\t\t\t<\/div>\n\t\t<\/div>\n\t\t\t\t<div class=\"elementor-column elementor-col-66 elementor-inner-column elementor-element elementor-element-f6e5134\" data-id=\"f6e5134\" data-element_type=\"column\">\n\t\t\t<div class=\"elementor-widget-wrap elementor-element-populated\">\n\t\t\t\t\t\t\t\t<div class=\"elementor-element elementor-element-91067ea elementor-widget elementor-widget-heading\" data-id=\"91067ea\" data-element_type=\"widget\" data-widget_type=\"heading.default\">\n\t\t\t\t<div class=\"elementor-widget-container\">\n\t\t\t<h4 class=\"elementor-heading-title elementor-size-default\">Vocabulary Workout for the SSAT\/ISEE Upper<\/h4>\t\t<\/div>\n\t\t\t\t<\/div>\n\t\t\t\t<div class=\"elementor-element elementor-element-6001520 elementor-widget elementor-widget-text-editor\" data-id=\"6001520\" data-element_type=\"widget\" data-widget_type=\"text-editor.default\">\n\t\t\t\t<div class=\"elementor-widget-container\">\n\t\t\t\t\t\t\t<p><span style=\"font-weight: 400;\">B\u00e0i t\u1eadp T\u1eeb v\u1ef1ng cho SSAT \/ ISEE nh\u1eb1m gi\u00fap h\u1ecdc sinh x\u00e2y d\u1ef1ng v\u1ed1n t\u1eeb v\u1ef1ng s\u1ebd gi\u00fap h\u1ecd th\u00e0nh c\u00f4ng trong k\u1ef3 thi SSAT v\u00e0 \/ ho\u1eb7c ISEE (t\u1eadp trung v\u00e0o c\u00e1c k\u1ef3 thi c\u1ea5p tr\u00ean, m\u1eb7c d\u00f9 cu\u1ed1n s\u00e1ch c\u0169ng ph\u00f9 h\u1ee3p v\u1edbi h\u1ecdc sinh tr\u00ecnh \u0111\u1ed9 trung c\u1ea5p n\u00e2ng cao). Cu\u1ed1n s\u00e1ch bao g\u1ed3m c\u00e1c b\u00e0i h\u1ecdc \u0111\u01b0\u1ee3c s\u1eafp x\u1ebfp theo chi\u1ebfn l\u01b0\u1ee3c nh\u1eb1m gi\u00fap h\u1ecdc sinh v\u1eeba h\u1ecdc t\u1eeb v\u1eeba th\u1ef1c h\u00e0nh s\u1eed d\u1ee5ng ch\u00fang trong c\u00e1c b\u00e0i t\u1eadp vi\u1ebft. T\u1ed1t nh\u1ea5t l\u00e0 n\u00ean s\u1eed d\u1ee5ng cu\u1ed1n s\u00e1ch n\u00e0y song song v\u1edbi vi\u1ec7c \u0111\u1ecdc c\u00e1c t\u00e0i li\u1ec7u h\u1ecdc thu\u1eadt v\u00e0 tr\u00ed tu\u1ec7 kh\u00e1c \u0111\u1ec3 gi\u00fap nu\u00f4i d\u01b0\u1ee1ng s\u1ef1 ph\u00e1t tri\u1ec3n v\u1ed1n t\u1eeb v\u1ef1ng.<\/span><\/p>\t\t\t\t\t\t<\/div>\n\t\t\t\t<\/div>\n\t\t\t\t<div class=\"elementor-element elementor-element-8254f2e elementor-widget elementor-widget-button\" data-id=\"8254f2e\" data-element_type=\"widget\" data-widget_type=\"button.default\">\n\t\t\t\t<div class=\"elementor-widget-container\">\n\t\t\t\t\t<div class=\"elementor-button-wrapper\">\n\t\t\t<a class=\"elementor-button elementor-button-link elementor-size-sm\" href=\"https:\/\/nxbphunu.com.vn\/san-pham\/but-pha-diem-so-ssat-isee\/?lang=en\" target=\"_blank\">\n\t\t\t\t\t\t<span class=\"elementor-button-content-wrapper\">\n\t\t\t\t\t\t<span class=\"elementor-button-text\">Mua s\u00e1ch<\/span>\n\t\t<\/span>\n\t\t\t\t\t<\/a>\n\t\t<\/div>\n\t\t\t\t<\/div>\n\t\t\t\t<\/div>\n\t\t\t\t\t<\/div>\n\t\t<\/div>\n\t\t\t\t\t\t\t<\/div>\n\t\t<\/section>\n\t\t\t\t<section class=\"elementor-section elementor-inner-section elementor-element elementor-element-54e156f elementor-section-boxed elementor-section-height-default elementor-section-height-default\" data-id=\"54e156f\" data-element_type=\"section\" data-settings=\"{&quot;background_background&quot;:&quot;classic&quot;}\">\n\t\t\t\t\t\t<div class=\"elementor-container elementor-column-gap-default\">\n\t\t\t\t\t<div class=\"elementor-column elementor-col-33 elementor-inner-column elementor-element elementor-element-d26de3d\" data-id=\"d26de3d\" data-element_type=\"column\">\n\t\t\t<div class=\"elementor-widget-wrap elementor-element-populated\">\n\t\t\t\t\t\t\t\t<div class=\"elementor-element elementor-element-848b2a0 elementor-widget elementor-widget-image\" data-id=\"848b2a0\" data-element_type=\"widget\" data-widget_type=\"image.default\">\n\t\t\t\t<div class=\"elementor-widget-container\">\n\t\t\t\t\t\t\t\t\t\t\t\t\t\t\t<img loading=\"lazy\" decoding=\"async\" width=\"709\" height=\"1024\" src=\"https:\/\/jjmgenterprises.com\/wp-content\/uploads\/2021\/07\/QuestionMarathonVN-709x1024.jpg\" class=\"attachment-large size-large wp-image-1698\" alt=\"\" srcset=\"https:\/\/jjmgenterprises.com\/wp-content\/uploads\/2021\/07\/QuestionMarathonVN-709x1024.jpg 709w, https:\/\/jjmgenterprises.com\/wp-content\/uploads\/2021\/07\/QuestionMarathonVN-208x300.jpg 208w, https:\/\/jjmgenterprises.com\/wp-content\/uploads\/2021\/07\/QuestionMarathonVN-768x1109.jpg 768w, https:\/\/jjmgenterprises.com\/wp-content\/uploads\/2021\/07\/QuestionMarathonVN.jpg 866w\" sizes=\"auto, (max-width: 709px) 100vw, 709px\" \/>\t\t\t\t\t\t\t\t\t\t\t\t\t\t\t<\/div>\n\t\t\t\t<\/div>\n\t\t\t\t\t<\/div>\n\t\t<\/div>\n\t\t\t\t<div class=\"elementor-column elementor-col-66 elementor-inner-column elementor-element elementor-element-f459f54\" data-id=\"f459f54\" data-element_type=\"column\">\n\t\t\t<div class=\"elementor-widget-wrap elementor-element-populated\">\n\t\t\t\t\t\t\t\t<div class=\"elementor-element elementor-element-c7e3d76 elementor-widget elementor-widget-heading\" data-id=\"c7e3d76\" data-element_type=\"widget\" data-widget_type=\"heading.default\">\n\t\t\t\t<div class=\"elementor-widget-container\">\n\t\t\t<h4 class=\"elementor-heading-title elementor-size-default\">C\u00e2u h\u1ecfi Marathon<\/h4>\t\t<\/div>\n\t\t\t\t<\/div>\n\t\t\t\t<div class=\"elementor-element elementor-element-83eb176 elementor-widget elementor-widget-text-editor\" data-id=\"83eb176\" data-element_type=\"widget\" data-widget_type=\"text-editor.default\">\n\t\t\t\t<div class=\"elementor-widget-container\">\n\t\t\t\t\t\t\t<p><span style=\"font-weight: 400;\">Cu\u1ed1n s\u00e1ch n\u00e0y nh\u1eb1m gi\u00fap h\u1ecdc sinh ph\u00e1t huy kh\u1ea3 n\u0103ng to\u00e1n h\u1ecdc c\u1ee7a m\u00ecnh th\u00f4ng qua vi\u1ec7c th\u1ef1c h\u00e0nh c\u00e1c c\u00e2u h\u1ecfi \u0111\u1ea7y th\u1eed th\u00e1ch. T\u1eeb c\u00e1c ch\u1ee7 \u0111\u1ec1 ph\u1ed5 bi\u1ebfn tr\u1ecdng t\u00e2m c\u1ee7a to\u00e1n h\u1ecdc trung h\u1ecdc \u1edf M\u1ef9 \u0111\u1ebfn c\u00e1c ch\u1ee7 \u0111\u1ec1 ngo\u00e0i l\u1ec1 h\u01a1n, c\u00e1c v\u1ea5n \u0111\u1ec1 trong cu\u1ed1n s\u00e1ch n\u00e0y bao g\u1ed3m g\u1ea7n nh\u01b0 t\u1ea5t c\u1ea3 c\u00e1c ch\u1ee7 \u0111\u1ec1 to\u00e1n h\u1ecdc trung h\u1ecdc m\u00e0 ng\u01b0\u1eddi ta c\u00f3 th\u1ec3 g\u1eb7p ph\u1ea3i tr\u01b0\u1edbc khi tham gia m\u1ed9t kh\u00f3a h\u1ecdc v\u1ec1 gi\u1ea3i t\u00edch. M\u1ed9t s\u1ed1 c\u00e2u h\u1ecfi trong cu\u1ed1n s\u00e1ch n\u00e0y c\u0169ng kh\u00e1 kh\u00f3, v\u00e0 c\u00e1c g\u1ee3i \u00fd c\u0169ng \u0111\u01b0\u1ee3c cung c\u1ea5p v\u1ec1 c\u00e1ch gi\u1ea3i t\u1eebng c\u00e2u h\u1ecfi trong cu\u1ed1n s\u00e1ch n\u00e0y.\u00a0 L\u01b0u \u00fd: B\u00e0i ki\u1ec3m tra m\u00f4n To\u00e1n c\u1ea5p \u0111\u1ed9 2 c\u1ee7a SAT \u0111\u00e3 b\u1ecb ng\u1eebng ti\u1ebfp t\u1ee5c, nh\u01b0ng cu\u1ed1n s\u00e1ch n\u00e0y v\u1eabn l\u00e0 m\u1ed9t c\u00f4ng c\u1ee5 c\u1ee7ng c\u1ed1 tuy\u1ec7t v\u1eddi \u0111\u1ec3 \u00f4n t\u1eadp r\u1ed9ng r\u00e3i c\u00e1c ch\u1ee7 \u0111\u1ec1 to\u00e1n h\u1ecdc trung h\u1ecdc c\u1ee7a M\u1ef9.<\/span><\/p>\t\t\t\t\t\t<\/div>\n\t\t\t\t<\/div>\n\t\t\t\t<div class=\"elementor-element elementor-element-004c968 elementor-widget elementor-widget-button\" data-id=\"004c968\" data-element_type=\"widget\" data-widget_type=\"button.default\">\n\t\t\t\t<div class=\"elementor-widget-container\">\n\t\t\t\t\t<div class=\"elementor-button-wrapper\">\n\t\t\t<a class=\"elementor-button elementor-button-link elementor-size-sm\" href=\"https:\/\/nxbphunu.com.vn\/san-pham\/but-pha-diem-so-sat-2-voi-626-bai-toan-kho\/?lang=en\" target=\"_blank\">\n\t\t\t\t\t\t<span class=\"elementor-button-content-wrapper\">\n\t\t\t\t\t\t<span class=\"elementor-button-text\">Mua s\u00e1ch<\/span>\n\t\t<\/span>\n\t\t\t\t\t<\/a>\n\t\t<\/div>\n\t\t\t\t<\/div>\n\t\t\t\t<\/div>\n\t\t\t\t\t<\/div>\n\t\t<\/div>\n\t\t\t\t\t\t\t<\/div>\n\t\t<\/section>\n\t\t\t\t\t<\/div>\n\t\t<\/div>\n\t\t\t\t\t\t\t<\/div>\n\t\t<\/section>\n\t\t\t\t<section class=\"elementor-section elementor-top-section elementor-element elementor-element-4c629ab5 elementor-section-boxed elementor-section-height-default elementor-section-height-default\" data-id=\"4c629ab5\" data-element_type=\"section\" data-settings=\"{&quot;background_background&quot;:&quot;classic&quot;}\">\n\t\t\t\t\t\t\t<div class=\"elementor-background-overlay\"><\/div>\n\t\t\t\t\t\t\t<div class=\"elementor-container elementor-column-gap-no\">\n\t\t\t\t\t<div class=\"elementor-column elementor-col-100 elementor-top-column elementor-element elementor-element-2a483b7d\" data-id=\"2a483b7d\" data-element_type=\"column\">\n\t\t\t<div class=\"elementor-widget-wrap elementor-element-populated\">\n\t\t\t\t\t\t\t\t<div class=\"elementor-element elementor-element-51c0b9e elementor-widget elementor-widget-heading\" data-id=\"51c0b9e\" data-element_type=\"widget\" data-widget_type=\"heading.default\">\n\t\t\t\t<div class=\"elementor-widget-container\">\n\t\t\t<h2 class=\"elementor-heading-title elementor-size-default\">B\u1ea0N \u0110\u00c3 S\u1eb4N S\u00c0NG THEO \u0110U\u1ed4I \u01af\u1edaC M\u01a0 C\u1ee6A M\u00ccNH HAY CH\u01afA?<br>your dream?<\/h2>\t\t<\/div>\n\t\t\t\t<\/div>\n\t\t\t\t<div class=\"elementor-element elementor-element-4c7b79ed elementor-widget elementor-widget-text-editor\" data-id=\"4c7b79ed\" data-element_type=\"widget\" data-widget_type=\"text-editor.default\">\n\t\t\t\t<div class=\"elementor-widget-container\">\n\t\t\t\t\t\t\t<p>Get\u00a0<span style=\"font-size: 16px; color: var( --e-global-color-3b5e640 ); font-family: var( --e-global-typography-text-font-family ), Sans-serif;\">H\u00e3y b\u1eaft \u0111\u1ea7u n\u1ed7 l\u1ef1c h\u1ecdc t\u1eadp ngay t\u1eeb b\u00e2y gi\u1edd.<\/span><\/p>\t\t\t\t\t\t<\/div>\n\t\t\t\t<\/div>\n\t\t\t\t<div class=\"elementor-element elementor-element-4f5e8c45 elementor-widget-mobile__width-inherit elementor-align-center elementor-widget elementor-widget-button\" data-id=\"4f5e8c45\" data-element_type=\"widget\" data-widget_type=\"button.default\">\n\t\t\t\t<div class=\"elementor-widget-container\">\n\t\t\t\t\t<div class=\"elementor-button-wrapper\">\n\t\t\t<a class=\"elementor-button elementor-button-link elementor-size-sm\" href=\"https:\/\/jjmgenterprises.com\/vi\/contact-us\/\">\n\t\t\t\t\t\t<span class=\"elementor-button-content-wrapper\">\n\t\t\t\t\t\t<span class=\"elementor-button-text\">Li\u00ean H\u1ec7<\/span>\n\t\t<\/span>\n\t\t\t\t\t<\/a>\n\t\t<\/div>\n\t\t\t\t<\/div>\n\t\t\t\t<\/div>\n\t\t\t\t\t<\/div>\n\t\t<\/div>\n\t\t\t\t\t\t\t<\/div>\n\t\t<\/section>\n\t\t\t\t\t\t\t<\/div>","protected":false},"excerpt":{"rendered":"<p>Books for Sale in Vietnam Justin Grosslight has published three educational prep and vocabulary books for sale with Nh\u00e0 S\u00e1ch Ph\u1ee5 N\u1eef.\u00a0 Content of the books is almost entirely in English.\u00a0 Click on an image of the book below to be directed to an ordering page from the publisher. Vocabulary Quest Vocabulary Quest is a &hellip;<\/p>\n<p class=\"read-more\"> <a class=\"\" href=\"https:\/\/jjmgenterprises.com\/vi\/books-for-sale-in-vietnam\/\"> <span class=\"screen-reader-text\">S\u00e1ch b\u00e1n t\u1ea1i Vi\u1ec7t Nam<\/span> Read More &raquo;<\/a><\/p>","protected":false},"author":2,"featured_media":0,"parent":0,"menu_order":0,"comment_status":"closed","ping_status":"closed","template":"","meta":{"footnotes":""},"class_list":["post-1614","page","type-page","status-publish","hentry"],"_links":{"self":[{"href":"https:\/\/jjmgenterprises.com\/vi\/wp-json\/wp\/v2\/pages\/1614","targetHints":{"allow":["GET"]}}],"collection":[{"href":"https:\/\/jjmgenterprises.com\/vi\/wp-json\/wp\/v2\/pages"}],"about":[{"href":"https:\/\/jjmgenterprises.com\/vi\/wp-json\/wp\/v2\/types\/page"}],"author":[{"embeddable":true,"href":"https:\/\/jjmgenterprises.com\/vi\/wp-json\/wp\/v2\/users\/2"}],"replies":[{"embeddable":true,"href":"https:\/\/jjmgenterprises.com\/vi\/wp-json\/wp\/v2\/comments?post=1614"}],"version-history":[{"count":25,"href":"https:\/\/jjmgenterprises.com\/vi\/wp-json\/wp\/v2\/pages\/1614\/revisions"}],"predecessor-version":[{"id":2683,"href":"https:\/\/jjmgenterprises.com\/vi\/wp-json\/wp\/v2\/pages\/1614\/revisions\/2683"}],"wp:attachment":[{"href":"https:\/\/jjmgenterprises.com\/vi\/wp-json\/wp\/v2\/media?parent=1614"}],"curies":[{"name":"wp","href":"https:\/\/api.w.org\/{rel}","templated":true}]}}