{"id":1497,"date":"2021-07-22T16:10:39","date_gmt":"2021-07-22T16:10:39","guid":{"rendered":"https:\/\/jjmgenterprises.com\/?page_id=1497"},"modified":"2021-08-05T02:57:01","modified_gmt":"2021-08-05T02:57:01","slug":"boarding-school-applications","status":"publish","type":"page","link":"https:\/\/jjmgenterprises.com\/vi\/boarding-school-applications\/","title":{"rendered":"\u0110\u01a1n xin h\u1ecdc n\u1ed9i tr\u00fa"},"content":{"rendered":"<div data-elementor-type=\"wp-page\" data-elementor-id=\"1497\" class=\"elementor elementor-1497\">\n\t\t\t\t\t\t\t\t\t<section class=\"elementor-section elementor-top-section elementor-element elementor-element-9417eee elementor-section-boxed elementor-section-height-default elementor-section-height-default\" data-id=\"9417eee\" data-element_type=\"section\" data-settings=\"{&quot;background_background&quot;:&quot;classic&quot;}\">\n\t\t\t\t\t\t\t<div class=\"elementor-background-overlay\"><\/div>\n\t\t\t\t\t\t\t<div class=\"elementor-container elementor-column-gap-no\">\n\t\t\t\t\t<div class=\"elementor-column elementor-col-100 elementor-top-column elementor-element elementor-element-e7524b6\" data-id=\"e7524b6\" data-element_type=\"column\">\n\t\t\t<div class=\"elementor-widget-wrap\">\n\t\t\t\t\t\t\t\t\t<\/div>\n\t\t<\/div>\n\t\t\t\t\t\t\t<\/div>\n\t\t<\/section>\n\t\t\t\t<section class=\"elementor-section elementor-top-section elementor-element elementor-element-76f1365c elementor-section-boxed elementor-section-height-default elementor-section-height-default\" data-id=\"76f1365c\" data-element_type=\"section\">\n\t\t\t\t\t\t<div class=\"elementor-container elementor-column-gap-default\">\n\t\t\t\t\t<div class=\"elementor-column elementor-col-100 elementor-top-column elementor-element elementor-element-3544fae8\" data-id=\"3544fae8\" data-element_type=\"column\">\n\t\t\t<div class=\"elementor-widget-wrap elementor-element-populated\">\n\t\t\t\t\t\t\t\t<div class=\"elementor-element elementor-element-403b9665 elementor-widget elementor-widget-spacer\" data-id=\"403b9665\" data-element_type=\"widget\" data-widget_type=\"spacer.default\">\n\t\t\t\t<div class=\"elementor-widget-container\">\n\t\t\t\t\t<div class=\"elementor-spacer\">\n\t\t\t<div class=\"elementor-spacer-inner\"><\/div>\n\t\t<\/div>\n\t\t\t\t<\/div>\n\t\t\t\t<\/div>\n\t\t\t\t<div class=\"elementor-element elementor-element-1259389 elementor-widget elementor-widget-heading\" data-id=\"1259389\" data-element_type=\"widget\" data-widget_type=\"heading.default\">\n\t\t\t\t<div class=\"elementor-widget-container\">\n\t\t\t<h2 class=\"elementor-heading-title elementor-size-default\">QU\u00c1 TR\u00ccNH TUY\u1ec2N SINH C\u1ee6A H\u1ed8I \u0110\u1ed2NG TR\u01af\u1edcNG:\n<\/h2>\t\t<\/div>\n\t\t\t\t<\/div>\n\t\t\t\t<div class=\"elementor-element elementor-element-572b0c90 elementor-widget-divider--view-line elementor-widget elementor-widget-divider\" data-id=\"572b0c90\" data-element_type=\"widget\" data-widget_type=\"divider.default\">\n\t\t\t\t<div class=\"elementor-widget-container\">\n\t\t\t\t\t<div class=\"elementor-divider\">\n\t\t\t<span class=\"elementor-divider-separator\">\n\t\t\t\t\t\t<\/span>\n\t\t<\/div>\n\t\t\t\t<\/div>\n\t\t\t\t<\/div>\n\t\t\t\t\t<\/div>\n\t\t<\/div>\n\t\t\t\t\t\t\t<\/div>\n\t\t<\/section>\n\t\t\t\t<section class=\"elementor-section elementor-top-section elementor-element elementor-element-c2d5b00 elementor-section-content-top elementor-section-boxed elementor-section-height-default elementor-section-height-default\" data-id=\"c2d5b00\" data-element_type=\"section\" data-settings=\"{&quot;background_background&quot;:&quot;classic&quot;}\">\n\t\t\t\t\t\t<div class=\"elementor-container elementor-column-gap-default\">\n\t\t\t\t\t<div class=\"elementor-column elementor-col-100 elementor-top-column elementor-element elementor-element-4b3152a\" data-id=\"4b3152a\" data-element_type=\"column\">\n\t\t\t<div class=\"elementor-widget-wrap elementor-element-populated\">\n\t\t\t\t\t\t\t\t<section class=\"elementor-section elementor-inner-section elementor-element elementor-element-79571be elementor-section-boxed elementor-section-height-default elementor-section-height-default\" data-id=\"79571be\" data-element_type=\"section\">\n\t\t\t\t\t\t<div class=\"elementor-container elementor-column-gap-extended\">\n\t\t\t\t\t<div class=\"elementor-column elementor-col-100 elementor-inner-column elementor-element elementor-element-2adb957\" data-id=\"2adb957\" data-element_type=\"column\">\n\t\t\t<div class=\"elementor-widget-wrap elementor-element-populated\">\n\t\t\t\t\t\t\t\t<div class=\"elementor-element elementor-element-d68d270 elementor-widget elementor-widget-text-editor\" data-id=\"d68d270\" data-element_type=\"widget\" data-widget_type=\"text-editor.default\">\n\t\t\t\t<div class=\"elementor-widget-container\">\n\t\t\t\t\t\t\t<p><span style=\"font-weight: 400;\">Tuy\u1ec3n sinh tr\u01b0\u1eddng n\u1ed9i tr\u00fa \u1edf M\u1ef9 \u0111\u00e1nh gi\u00e1 c\u00e1c \u1ee9ng vi\u00ean th\u00f4ng qua\u00a0\u00a0<\/span><\/p><ol><li style=\"font-weight: 400;\" aria-level=\"1\"><span style=\"font-weight: 400;\">\u0110i\u1ec3m c\u1ea5p ba (b\u1ea3ng \u0111i\u1ec3m)<\/span><\/li><li style=\"font-weight: 400;\" aria-level=\"1\"><span style=\"font-weight: 400;\">\u0110i\u1ec3m thi chu\u1ea9n h\u00f3a (Th\u01b0\u1eddng l\u00e0 SSAT)<\/span><\/li><li style=\"font-weight: 400;\" aria-level=\"1\"><span style=\"font-weight: 400;\">Tr\u00ecnh \u0111\u1ed9 ti\u1ebfng Anh (TOEFL):<\/span><\/li><li style=\"font-weight: 400;\" aria-level=\"1\"><span style=\"font-weight: 400;\">Khuy\u1ebfn ngh\u1ecb c\u1ee7a C\u1ed1 v\u1ea5n Tr\u01b0\u1eddng:<\/span><\/li><li style=\"font-weight: 400;\" aria-level=\"1\"><span style=\"font-weight: 400;\">\u0110\u1ec1 xu\u1ea5t c\u1ee7a Gi\u00e1o vi\u00ean Ti\u1ebfng Anh v\u00e0 To\u00e1n:<\/span><\/li><li style=\"font-weight: 400;\" aria-level=\"1\"><span style=\"font-weight: 400;\">B\u00e0i lu\u1eadn c\u00e1 nh\u00e2n<\/span><\/li><li style=\"font-weight: 400;\" aria-level=\"1\"><span style=\"font-weight: 400;\">Tuy\u00ean b\u1ed1 c\u1ee7a ph\u1ee5 huynh:<\/span><\/li><li style=\"font-weight: 400;\" aria-level=\"1\"><span style=\"font-weight: 400;\">Ph\u1ecfng v\u1ea5n c\u1ee7a tr\u01b0\u1eddng:<\/span><\/li><li style=\"font-weight: 400;\" aria-level=\"1\"><span style=\"font-weight: 400;\">Tham kh\u1ea3o S\u1edf th\u00edch C\u00e1 nh\u00e2n ho\u1eb7c \u0110\u1eb7c bi\u1ec7t (t\u00f9y ch\u1ecdn):<\/span><\/li><\/ol>\t\t\t\t\t\t<\/div>\n\t\t\t\t<\/div>\n\t\t\t\t<div class=\"elementor-element elementor-element-d782e24 elementor-widget elementor-widget-image\" data-id=\"d782e24\" data-element_type=\"widget\" data-widget_type=\"image.default\">\n\t\t\t\t<div class=\"elementor-widget-container\">\n\t\t\t\t\t\t\t\t\t\t\t\t\t\t\t<img loading=\"lazy\" decoding=\"async\" width=\"1024\" height=\"575\" src=\"https:\/\/jjmgenterprises.com\/wp-content\/uploads\/2021\/07\/JJMG-US-Boarding-School-Components-1024x575.png\" class=\"attachment-large size-large wp-image-1749\" alt=\"\" srcset=\"https:\/\/jjmgenterprises.com\/wp-content\/uploads\/2021\/07\/JJMG-US-Boarding-School-Components-1024x575.png 1024w, https:\/\/jjmgenterprises.com\/wp-content\/uploads\/2021\/07\/JJMG-US-Boarding-School-Components-300x169.png 300w, https:\/\/jjmgenterprises.com\/wp-content\/uploads\/2021\/07\/JJMG-US-Boarding-School-Components-768x432.png 768w, https:\/\/jjmgenterprises.com\/wp-content\/uploads\/2021\/07\/JJMG-US-Boarding-School-Components-1536x863.png 1536w, https:\/\/jjmgenterprises.com\/wp-content\/uploads\/2021\/07\/JJMG-US-Boarding-School-Components-2048x1151.png 2048w\" sizes=\"auto, (max-width: 1024px) 100vw, 1024px\" \/>\t\t\t\t\t\t\t\t\t\t\t\t\t\t\t<\/div>\n\t\t\t\t<\/div>\n\t\t\t\t<div class=\"elementor-element elementor-element-700191c elementor-widget elementor-widget-text-editor\" data-id=\"700191c\" data-element_type=\"widget\" data-widget_type=\"text-editor.default\">\n\t\t\t\t<div class=\"elementor-widget-container\">\n\t\t\t\t\t\t\t<p><span style=\"font-weight: 400;\">B\u1ea1n s\u1ebd h\u1ecdc c\u00e1ch t\u1ed1i \u01b0u h\u00f3a th\u00e0nh c\u00f4ng c\u1ee7a m\u00ecnh trong nh\u1eefng l\u0129nh v\u1ef1c n\u00e0y v\u00e0 c\u0169ng nh\u01b0 c\u00e1ch tr\u00e1nh ho\u1eb7c gi\u1ea3m thi\u1ec3u nh\u1eefng tr\u01b0\u1eddng h\u1ee3p nguy hi\u1ec3m c\u00f3 th\u1ec3 l\u00e0m \u1ea3nh h\u01b0\u1edfng \u0111\u1ebfn \u0111\u01a1n \u0111\u0103ng k\u00fd h\u1ecdc n\u1ed9i tr\u00fa c\u1ee7a b\u1ea1n khi l\u00e0m vi\u1ec7c v\u1edbi JJMG Enterprises.<\/span><\/p>\t\t\t\t\t\t<\/div>\n\t\t\t\t<\/div>\n\t\t\t\t\t<\/div>\n\t\t<\/div>\n\t\t\t\t\t\t\t<\/div>\n\t\t<\/section>\n\t\t\t\t\t<\/div>\n\t\t<\/div>\n\t\t\t\t\t\t\t<\/div>\n\t\t<\/section>\n\t\t\t\t<section class=\"elementor-section elementor-top-section elementor-element elementor-element-20e18ed8 elementor-section-boxed elementor-section-height-default elementor-section-height-default\" data-id=\"20e18ed8\" data-element_type=\"section\" data-settings=\"{&quot;background_background&quot;:&quot;classic&quot;}\">\n\t\t\t\t\t\t\t<div class=\"elementor-background-overlay\"><\/div>\n\t\t\t\t\t\t\t<div class=\"elementor-container elementor-column-gap-no\">\n\t\t\t\t\t<div class=\"elementor-column elementor-col-100 elementor-top-column elementor-element elementor-element-390a4597\" data-id=\"390a4597\" data-element_type=\"column\">\n\t\t\t<div class=\"elementor-widget-wrap elementor-element-populated\">\n\t\t\t\t\t\t\t\t<div class=\"elementor-element elementor-element-75739141 elementor-widget elementor-widget-heading\" data-id=\"75739141\" data-element_type=\"widget\" data-widget_type=\"heading.default\">\n\t\t\t\t<div class=\"elementor-widget-container\">\n\t\t\t<h2 class=\"elementor-heading-title elementor-size-default\">B\u1ea0N \u0110\u00c3 S\u1eb4N S\u00c0NG THEO \u0110U\u1ed4I \u01af\u1edaC M\u01a0 C\u1ee6A M\u00ccNH HAY CH\u01afA?<br>your dream?<\/h2>\t\t<\/div>\n\t\t\t\t<\/div>\n\t\t\t\t<div class=\"elementor-element elementor-element-3fccbe16 elementor-widget elementor-widget-text-editor\" data-id=\"3fccbe16\" data-element_type=\"widget\" data-widget_type=\"text-editor.default\">\n\t\t\t\t<div class=\"elementor-widget-container\">\n\t\t\t\t\t\t\t<p>Get\u00a0<span style=\"font-size: 16px; color: var( --e-global-color-3b5e640 ); font-family: var( --e-global-typography-text-font-family ), Sans-serif;\">H\u00e3y b\u1eaft \u0111\u1ea7u n\u1ed7 l\u1ef1c h\u1ecdc t\u1eadp ngay t\u1eeb b\u00e2y gi\u1edd.<\/span><\/p>\t\t\t\t\t\t<\/div>\n\t\t\t\t<\/div>\n\t\t\t\t<div class=\"elementor-element elementor-element-73fd1ff4 elementor-widget-mobile__width-inherit elementor-align-center elementor-widget elementor-widget-button\" data-id=\"73fd1ff4\" data-element_type=\"widget\" data-widget_type=\"button.default\">\n\t\t\t\t<div class=\"elementor-widget-container\">\n\t\t\t\t\t<div class=\"elementor-button-wrapper\">\n\t\t\t<a class=\"elementor-button elementor-button-link elementor-size-sm\" href=\"https:\/\/jjmgenterprises.com\/vi\/contact-us\/\">\n\t\t\t\t\t\t<span class=\"elementor-button-content-wrapper\">\n\t\t\t\t\t\t<span class=\"elementor-button-text\">Li\u00ean H\u1ec7<\/span>\n\t\t<\/span>\n\t\t\t\t\t<\/a>\n\t\t<\/div>\n\t\t\t\t<\/div>\n\t\t\t\t<\/div>\n\t\t\t\t\t<\/div>\n\t\t<\/div>\n\t\t\t\t\t\t\t<\/div>\n\t\t<\/section>\n\t\t\t\t\t\t\t<\/div>","protected":false},"excerpt":{"rendered":"<p>The Boarding School Admissions Process: Boarding school admissions in America evaluates candidates in a\u00a0 School Grades (Transcripts) Standardized Exam Scores (typically SSAT) English Proficiency (TOEFL) School Counselor Recommendation English and Math Teacher Recommendations Personal Essays Parent Statement School Interview Personal or Special Interest Reference (optional) Working with JJMG Enterprises, you will learn how to optimize &hellip;<\/p>\n<p class=\"read-more\"> <a class=\"\" href=\"https:\/\/jjmgenterprises.com\/vi\/boarding-school-applications\/\"> <span class=\"screen-reader-text\">\u0110\u01a1n xin h\u1ecdc n\u1ed9i tr\u00fa<\/span> Read More &raquo;<\/a><\/p>","protected":false},"author":2,"featured_media":0,"parent":0,"menu_order":0,"comment_status":"closed","ping_status":"closed","template":"","meta":{"footnotes":""},"class_list":["post-1497","page","type-page","status-publish","hentry"],"_links":{"self":[{"href":"https:\/\/jjmgenterprises.com\/vi\/wp-json\/wp\/v2\/pages\/1497","targetHints":{"allow":["GET"]}}],"collection":[{"href":"https:\/\/jjmgenterprises.com\/vi\/wp-json\/wp\/v2\/pages"}],"about":[{"href":"https:\/\/jjmgenterprises.com\/vi\/wp-json\/wp\/v2\/types\/page"}],"author":[{"embeddable":true,"href":"https:\/\/jjmgenterprises.com\/vi\/wp-json\/wp\/v2\/users\/2"}],"replies":[{"embeddable":true,"href":"https:\/\/jjmgenterprises.com\/vi\/wp-json\/wp\/v2\/comments?post=1497"}],"version-history":[{"count":40,"href":"https:\/\/jjmgenterprises.com\/vi\/wp-json\/wp\/v2\/pages\/1497\/revisions"}],"predecessor-version":[{"id":2667,"href":"https:\/\/jjmgenterprises.com\/vi\/wp-json\/wp\/v2\/pages\/1497\/revisions\/2667"}],"wp:attachment":[{"href":"https:\/\/jjmgenterprises.com\/vi\/wp-json\/wp\/v2\/media?parent=1497"}],"curies":[{"name":"wp","href":"https:\/\/api.w.org\/{rel}","templated":true}]}}