{"id":1485,"date":"2021-07-22T15:46:04","date_gmt":"2021-07-22T15:46:04","guid":{"rendered":"https:\/\/jjmgenterprises.com\/?page_id=1485"},"modified":"2021-08-05T02:55:05","modified_gmt":"2021-08-05T02:55:05","slug":"college-applications","status":"publish","type":"page","link":"https:\/\/jjmgenterprises.com\/vi\/college-applications\/","title":{"rendered":"H\u1ed3 s\u01a1 \u0111\u0103ng k\u00fd \u0111\u1ea1i h\u1ecdc"},"content":{"rendered":"<div data-elementor-type=\"wp-page\" data-elementor-id=\"1485\" class=\"elementor elementor-1485\">\n\t\t\t\t\t\t\t\t\t<section class=\"elementor-section elementor-top-section elementor-element elementor-element-9417eee elementor-section-boxed elementor-section-height-default elementor-section-height-default\" data-id=\"9417eee\" data-element_type=\"section\" data-settings=\"{&quot;background_background&quot;:&quot;classic&quot;}\">\n\t\t\t\t\t\t\t<div class=\"elementor-background-overlay\"><\/div>\n\t\t\t\t\t\t\t<div class=\"elementor-container elementor-column-gap-no\">\n\t\t\t\t\t<div class=\"elementor-column elementor-col-100 elementor-top-column elementor-element elementor-element-e7524b6\" data-id=\"e7524b6\" data-element_type=\"column\">\n\t\t\t<div class=\"elementor-widget-wrap\">\n\t\t\t\t\t\t\t\t\t<\/div>\n\t\t<\/div>\n\t\t\t\t\t\t\t<\/div>\n\t\t<\/section>\n\t\t\t\t<section class=\"elementor-section elementor-top-section elementor-element elementor-element-76f1365c elementor-section-boxed elementor-section-height-default elementor-section-height-default\" data-id=\"76f1365c\" data-element_type=\"section\">\n\t\t\t\t\t\t<div class=\"elementor-container elementor-column-gap-default\">\n\t\t\t\t\t<div class=\"elementor-column elementor-col-100 elementor-top-column elementor-element elementor-element-3544fae8\" data-id=\"3544fae8\" data-element_type=\"column\">\n\t\t\t<div class=\"elementor-widget-wrap elementor-element-populated\">\n\t\t\t\t\t\t\t\t<div class=\"elementor-element elementor-element-403b9665 elementor-widget elementor-widget-spacer\" data-id=\"403b9665\" data-element_type=\"widget\" data-widget_type=\"spacer.default\">\n\t\t\t\t<div class=\"elementor-widget-container\">\n\t\t\t\t\t<div class=\"elementor-spacer\">\n\t\t\t<div class=\"elementor-spacer-inner\"><\/div>\n\t\t<\/div>\n\t\t\t\t<\/div>\n\t\t\t\t<\/div>\n\t\t\t\t<div class=\"elementor-element elementor-element-1259389 elementor-widget elementor-widget-heading\" data-id=\"1259389\" data-element_type=\"widget\" data-widget_type=\"heading.default\">\n\t\t\t\t<div class=\"elementor-widget-container\">\n\t\t\t<h2 class=\"elementor-heading-title elementor-size-default\">QUY TR\u00ccNH TUY\u1ec2N SINH \u0110\u1ea0I H\u1eccC:<\/h2>\t\t<\/div>\n\t\t\t\t<\/div>\n\t\t\t\t<div class=\"elementor-element elementor-element-572b0c90 elementor-widget-divider--view-line elementor-widget elementor-widget-divider\" data-id=\"572b0c90\" data-element_type=\"widget\" data-widget_type=\"divider.default\">\n\t\t\t\t<div class=\"elementor-widget-container\">\n\t\t\t\t\t<div class=\"elementor-divider\">\n\t\t\t<span class=\"elementor-divider-separator\">\n\t\t\t\t\t\t<\/span>\n\t\t<\/div>\n\t\t\t\t<\/div>\n\t\t\t\t<\/div>\n\t\t\t\t\t<\/div>\n\t\t<\/div>\n\t\t\t\t\t\t\t<\/div>\n\t\t<\/section>\n\t\t\t\t<section class=\"elementor-section elementor-top-section elementor-element elementor-element-f75d974 elementor-section-content-top elementor-section-boxed elementor-section-height-default elementor-section-height-default\" data-id=\"f75d974\" data-element_type=\"section\" data-settings=\"{&quot;background_background&quot;:&quot;classic&quot;}\">\n\t\t\t\t\t\t<div class=\"elementor-container elementor-column-gap-default\">\n\t\t\t\t\t<div class=\"elementor-column elementor-col-100 elementor-top-column elementor-element elementor-element-5dcbe18\" data-id=\"5dcbe18\" data-element_type=\"column\">\n\t\t\t<div class=\"elementor-widget-wrap elementor-element-populated\">\n\t\t\t\t\t\t\t\t<section class=\"elementor-section elementor-inner-section elementor-element elementor-element-054587f elementor-section-boxed elementor-section-height-default elementor-section-height-default\" data-id=\"054587f\" data-element_type=\"section\">\n\t\t\t\t\t\t<div class=\"elementor-container elementor-column-gap-default\">\n\t\t\t\t\t<div class=\"elementor-column elementor-col-100 elementor-inner-column elementor-element elementor-element-0e8a906\" data-id=\"0e8a906\" data-element_type=\"column\">\n\t\t\t<div class=\"elementor-widget-wrap elementor-element-populated\">\n\t\t\t\t\t\t\t\t<div class=\"elementor-element elementor-element-d68d270 elementor-widget elementor-widget-text-editor\" data-id=\"d68d270\" data-element_type=\"widget\" data-widget_type=\"text-editor.default\">\n\t\t\t\t<div class=\"elementor-widget-container\">\n\t\t\t\t\t\t\t<p><span style=\"font-weight: 400;\">Tuy\u1ec3n sinh \u0111\u1ea1i h\u1ecdc \u1edf M\u1ef9 l\u00e0 m\u1ed9t qu\u00e1 tr\u00ecnh t\u1ed5ng th\u1ec3 nh\u1eb1m \u0111\u00e1nh gi\u00e1 ch\u1ea5t l\u01b0\u1ee3ng h\u1ecdc t\u1eadp, ngo\u1ea1i kh\u00f3a v\u00e0 c\u00e1 nh\u00e2n c\u1ee7a m\u1ed7i ng\u01b0\u1eddi n\u1ed9p \u0111\u01a1n. M\u1eb7c d\u00f9 c\u00e1c \u0111\u01a1n \u0111\u0103ng k\u00fd th\u01b0\u1eddng \u0111\u01b0\u1ee3c n\u1ed9p v\u00e0o \u0111\u1ea7u n\u0103m cu\u1ed1i c\u1ea5p c\u1ee7a \u1ee9ng vi\u00ean, vi\u1ec7c \u0111\u00e1nh gi\u00e1 \u1ee9ng vi\u00ean b\u1eaft \u0111\u1ea7u s\u1edbm nh\u1ea5t l\u00e0 v\u00e0o l\u1edbp 9. D\u01b0\u1edbi \u0111\u00e2y l\u00e0 bi\u1ec3u \u0111\u1ed3 (b\u1eb1ng ti\u1ebfng Anh) v\u1ec1 c\u00e1c l\u0129nh v\u1ef1c ch\u00ednh \u0111\u01b0\u1ee3c \u0111\u00e1nh gi\u00e1 trong c\u00e1c \u1ee9ng vi\u00ean n\u1ed9p \u0111\u01a1n v\u00e0o m\u1ed9t tr\u01b0\u1eddng \u0110\u1ea1i h\u1ecdc Hoa K\u1ef3.<\/span><\/p><p><span style=\"font-weight: 400;\">C\u00e1c l\u0129nh v\u1ef1c \u0111\u00e1nh gi\u00e1 ch\u00ednh nh\u01b0 sau:<\/span><\/p><ol><li style=\"font-weight: 400;\" aria-level=\"1\"><span style=\"font-weight: 400;\">C\u00e1c c\u1ea5p trung h\u1ecdc (B\u1ea3ng \u0111i\u1ec3m, l\u1edbp 9-12)<\/span><\/li><li style=\"font-weight: 400;\" aria-level=\"1\"><span style=\"font-weight: 400;\">\u0110i\u1ec3m ki\u1ec3m tra ti\u00eau chu\u1ea9n (SAT\/ ACT\/ AP\/ IB\/ TOEFL)<\/span><\/li><li style=\"font-weight: 400;\" aria-level=\"1\"><span style=\"font-weight: 400;\">C\u00e1c b\u00e0i lu\u1eadn v\u00e0 ho\u1ea1t \u0111\u1ed9ng \u1ee9ng tuy\u1ec3n v\u00e0o \u0111\u1ea1i h\u1ecdc<\/span><\/li><li style=\"font-weight: 400;\" aria-level=\"1\"><span style=\"font-weight: 400;\">Ph\u1ecfng v\u1ea5n C\u1ef1u sinh vi\u00ean<\/span><\/li><li style=\"font-weight: 400;\" aria-level=\"1\"><span style=\"font-weight: 400;\">C\u00e1c \u0111\u1ec1 xu\u1ea5t c\u1ee7a gi\u00e1o vi\u00ean v\u00e0 c\u1ed1 v\u1ea5n<\/span><\/li><li style=\"font-weight: 400;\" aria-level=\"1\"><span style=\"font-weight: 400;\">H\u1ed3 s\u01a1 (t\u00f9y ch\u1ecdn, tr\u1eeb khi \u0111\u0103ng k\u00fd v\u00e0o tr\u01b0\u1eddng ngh\u1ec7 thu\u1eadt)<\/span><\/li><\/ol>\t\t\t\t\t\t<\/div>\n\t\t\t\t<\/div>\n\t\t\t\t<div class=\"elementor-element elementor-element-0763097 elementor-widget elementor-widget-image\" data-id=\"0763097\" data-element_type=\"widget\" data-widget_type=\"image.default\">\n\t\t\t\t<div class=\"elementor-widget-container\">\n\t\t\t\t\t\t\t\t\t\t\t\t\t\t\t<img loading=\"lazy\" decoding=\"async\" width=\"1024\" height=\"575\" src=\"https:\/\/jjmgenterprises.com\/wp-content\/uploads\/2021\/07\/JJMG-US-College-Components-1024x575.png\" class=\"attachment-large size-large wp-image-1750\" alt=\"\" srcset=\"https:\/\/jjmgenterprises.com\/wp-content\/uploads\/2021\/07\/JJMG-US-College-Components-1024x575.png 1024w, https:\/\/jjmgenterprises.com\/wp-content\/uploads\/2021\/07\/JJMG-US-College-Components-300x168.png 300w, https:\/\/jjmgenterprises.com\/wp-content\/uploads\/2021\/07\/JJMG-US-College-Components-768x431.png 768w, https:\/\/jjmgenterprises.com\/wp-content\/uploads\/2021\/07\/JJMG-US-College-Components-1536x862.png 1536w, https:\/\/jjmgenterprises.com\/wp-content\/uploads\/2021\/07\/JJMG-US-College-Components-2048x1150.png 2048w\" sizes=\"auto, (max-width: 1024px) 100vw, 1024px\" \/>\t\t\t\t\t\t\t\t\t\t\t\t\t\t\t<\/div>\n\t\t\t\t<\/div>\n\t\t\t\t<div class=\"elementor-element elementor-element-4f30e8e elementor-widget elementor-widget-text-editor\" data-id=\"4f30e8e\" data-element_type=\"widget\" data-widget_type=\"text-editor.default\">\n\t\t\t\t<div class=\"elementor-widget-container\">\n\t\t\t\t\t\t\t<p><span style=\"font-weight: 400;\">B\u1ea1n s\u1ebd h\u1ecdc \u0111\u01b0\u1ee3c c\u00e1ch t\u1ed1i \u01b0u h\u00f3a th\u00e0nh c\u00f4ng c\u1ee7a m\u00ecnh trong nh\u1eefng l\u0129nh v\u1ef1c n\u00e0y v\u00e0 c\u0169ng nh\u01b0 c\u00e1ch tr\u00e1nh ho\u1eb7c gi\u1ea3m thi\u1ec3u nh\u1eefng tr\u01b0\u1eddng h\u1ee3p nguy hi\u1ec3m c\u00f3 th\u1ec3 l\u00e0m \u1ea3nh h\u01b0\u1edfng \u0111\u1ebfn h\u1ed3 s\u01a1 \u0111\u0103ng k\u00fd \u0111\u1ea1i h\u1ecdc c\u1ee7a b\u1ea1n n\u1ebfu l\u00e0m vi\u1ec7c v\u1edbi JJMG Enterprises.<\/span><\/p>\t\t\t\t\t\t<\/div>\n\t\t\t\t<\/div>\n\t\t\t\t\t<\/div>\n\t\t<\/div>\n\t\t\t\t\t\t\t<\/div>\n\t\t<\/section>\n\t\t\t\t\t<\/div>\n\t\t<\/div>\n\t\t\t\t\t\t\t<\/div>\n\t\t<\/section>\n\t\t\t\t<section class=\"elementor-section elementor-top-section elementor-element elementor-element-23a97b3e elementor-section-boxed elementor-section-height-default elementor-section-height-default\" data-id=\"23a97b3e\" data-element_type=\"section\" data-settings=\"{&quot;background_background&quot;:&quot;classic&quot;}\">\n\t\t\t\t\t\t\t<div class=\"elementor-background-overlay\"><\/div>\n\t\t\t\t\t\t\t<div class=\"elementor-container elementor-column-gap-no\">\n\t\t\t\t\t<div class=\"elementor-column elementor-col-100 elementor-top-column elementor-element elementor-element-241a313f\" data-id=\"241a313f\" data-element_type=\"column\">\n\t\t\t<div class=\"elementor-widget-wrap elementor-element-populated\">\n\t\t\t\t\t\t\t\t<div class=\"elementor-element elementor-element-757dffcc elementor-widget elementor-widget-heading\" data-id=\"757dffcc\" data-element_type=\"widget\" data-widget_type=\"heading.default\">\n\t\t\t\t<div class=\"elementor-widget-container\">\n\t\t\t<h2 class=\"elementor-heading-title elementor-size-default\">B\u1ea0N \u0110\u00c3 S\u1eb4N S\u00c0NG THEO \u0110U\u1ed4I \u01af\u1edaC M\u01a0 C\u1ee6A M\u00ccNH HAY CH\u01afA?<br>your dream?<\/h2>\t\t<\/div>\n\t\t\t\t<\/div>\n\t\t\t\t<div class=\"elementor-element elementor-element-156dd4a4 elementor-widget elementor-widget-text-editor\" data-id=\"156dd4a4\" data-element_type=\"widget\" data-widget_type=\"text-editor.default\">\n\t\t\t\t<div class=\"elementor-widget-container\">\n\t\t\t\t\t\t\t<p>Get\u00a0<span style=\"font-size: 16px; color: var( --e-global-color-3b5e640 ); font-family: var( --e-global-typography-text-font-family ), Sans-serif;\">H\u00e3y b\u1eaft \u0111\u1ea7u n\u1ed7 l\u1ef1c h\u1ecdc t\u1eadp ngay t\u1eeb b\u00e2y gi\u1edd.<\/span><\/p>\t\t\t\t\t\t<\/div>\n\t\t\t\t<\/div>\n\t\t\t\t<div class=\"elementor-element elementor-element-46682cf5 elementor-widget-mobile__width-inherit elementor-align-center elementor-widget elementor-widget-button\" data-id=\"46682cf5\" data-element_type=\"widget\" data-widget_type=\"button.default\">\n\t\t\t\t<div class=\"elementor-widget-container\">\n\t\t\t\t\t<div class=\"elementor-button-wrapper\">\n\t\t\t<a class=\"elementor-button elementor-button-link elementor-size-sm\" href=\"https:\/\/jjmgenterprises.com\/vi\/contact-us\/\">\n\t\t\t\t\t\t<span class=\"elementor-button-content-wrapper\">\n\t\t\t\t\t\t<span class=\"elementor-button-text\">Li\u00ean H\u1ec7<\/span>\n\t\t<\/span>\n\t\t\t\t\t<\/a>\n\t\t<\/div>\n\t\t\t\t<\/div>\n\t\t\t\t<\/div>\n\t\t\t\t\t<\/div>\n\t\t<\/div>\n\t\t\t\t\t\t\t<\/div>\n\t\t<\/section>\n\t\t\t\t\t\t\t<\/div>","protected":false},"excerpt":{"rendered":"<p>The College Admissions Process: College admissions in America is a holistic process that seeks to evaluate the academic, extracurricular, and personal qualities of each applicant.\u00a0 While the application itself typically is submitted in the beginning of an applicant\u2019s senior year, assessment of applicants begins as early as grade 9.\u00a0 Below is a chart (in English) &hellip;<\/p>\n<p class=\"read-more\"> <a class=\"\" href=\"https:\/\/jjmgenterprises.com\/vi\/college-applications\/\"> <span class=\"screen-reader-text\">H\u1ed3 s\u01a1 \u0111\u0103ng k\u00fd \u0111\u1ea1i h\u1ecdc<\/span> Read More &raquo;<\/a><\/p>","protected":false},"author":2,"featured_media":0,"parent":0,"menu_order":0,"comment_status":"closed","ping_status":"closed","template":"","meta":{"footnotes":""},"class_list":["post-1485","page","type-page","status-publish","hentry"],"_links":{"self":[{"href":"https:\/\/jjmgenterprises.com\/vi\/wp-json\/wp\/v2\/pages\/1485","targetHints":{"allow":["GET"]}}],"collection":[{"href":"https:\/\/jjmgenterprises.com\/vi\/wp-json\/wp\/v2\/pages"}],"about":[{"href":"https:\/\/jjmgenterprises.com\/vi\/wp-json\/wp\/v2\/types\/page"}],"author":[{"embeddable":true,"href":"https:\/\/jjmgenterprises.com\/vi\/wp-json\/wp\/v2\/users\/2"}],"replies":[{"embeddable":true,"href":"https:\/\/jjmgenterprises.com\/vi\/wp-json\/wp\/v2\/comments?post=1485"}],"version-history":[{"count":37,"href":"https:\/\/jjmgenterprises.com\/vi\/wp-json\/wp\/v2\/pages\/1485\/revisions"}],"predecessor-version":[{"id":2663,"href":"https:\/\/jjmgenterprises.com\/vi\/wp-json\/wp\/v2\/pages\/1485\/revisions\/2663"}],"wp:attachment":[{"href":"https:\/\/jjmgenterprises.com\/vi\/wp-json\/wp\/v2\/media?parent=1485"}],"curies":[{"name":"wp","href":"https:\/\/api.w.org\/{rel}","templated":true}]}}