{"id":1469,"date":"2021-07-22T04:43:03","date_gmt":"2021-07-22T04:43:03","guid":{"rendered":"https:\/\/jjmgenterprises.com\/?page_id=1469"},"modified":"2021-08-05T02:54:07","modified_gmt":"2021-08-05T02:54:07","slug":"academic-subject-sssistance","status":"publish","type":"page","link":"https:\/\/jjmgenterprises.com\/vi\/academic-subject-sssistance\/","title":{"rendered":"H\u1ed7 tr\u1ee3 m\u00f4n h\u1ecdc (AP \/ IB \/ IGCSE \/ kh\u00e1c)"},"content":{"rendered":"<div data-elementor-type=\"wp-page\" data-elementor-id=\"1469\" class=\"elementor elementor-1469\">\n\t\t\t\t\t\t\t\t\t<section class=\"elementor-section elementor-top-section elementor-element elementor-element-24820c2 elementor-section-boxed elementor-section-height-default elementor-section-height-default\" data-id=\"24820c2\" data-element_type=\"section\" data-settings=\"{&quot;background_background&quot;:&quot;classic&quot;}\">\n\t\t\t\t\t\t\t<div class=\"elementor-background-overlay\"><\/div>\n\t\t\t\t\t\t\t<div class=\"elementor-container elementor-column-gap-no\">\n\t\t\t\t\t<div class=\"elementor-column elementor-col-100 elementor-top-column elementor-element elementor-element-ddfd6b8\" data-id=\"ddfd6b8\" data-element_type=\"column\">\n\t\t\t<div class=\"elementor-widget-wrap\">\n\t\t\t\t\t\t\t\t\t<\/div>\n\t\t<\/div>\n\t\t\t\t\t\t\t<\/div>\n\t\t<\/section>\n\t\t\t\t<section class=\"elementor-section elementor-top-section elementor-element elementor-element-37a02d5e elementor-section-boxed elementor-section-height-default elementor-section-height-default\" data-id=\"37a02d5e\" data-element_type=\"section\">\n\t\t\t\t\t\t<div class=\"elementor-container elementor-column-gap-default\">\n\t\t\t\t\t<div class=\"elementor-column elementor-col-100 elementor-top-column elementor-element elementor-element-64a000c0\" data-id=\"64a000c0\" data-element_type=\"column\">\n\t\t\t<div class=\"elementor-widget-wrap elementor-element-populated\">\n\t\t\t\t\t\t\t\t<div class=\"elementor-element elementor-element-3fee57c0 elementor-widget elementor-widget-spacer\" data-id=\"3fee57c0\" data-element_type=\"widget\" data-widget_type=\"spacer.default\">\n\t\t\t\t<div class=\"elementor-widget-container\">\n\t\t\t\t\t<div class=\"elementor-spacer\">\n\t\t\t<div class=\"elementor-spacer-inner\"><\/div>\n\t\t<\/div>\n\t\t\t\t<\/div>\n\t\t\t\t<\/div>\n\t\t\t\t<div class=\"elementor-element elementor-element-d2558ab elementor-widget elementor-widget-heading\" data-id=\"d2558ab\" data-element_type=\"widget\" data-widget_type=\"heading.default\">\n\t\t\t\t<div class=\"elementor-widget-container\">\n\t\t\t<h2 class=\"elementor-heading-title elementor-size-default\">H\u1ed6 TR\u1ee2 \u0110\u1ed0I T\u01af\u1ee2NG H\u1eccC T\u1eacP (LUY\u1ec6N THI AP \/ IB \/ IGCSE V\u00c0 NHI\u1ec0U H\u01a0N N\u1eeeA)<\/h2>\t\t<\/div>\n\t\t\t\t<\/div>\n\t\t\t\t<div class=\"elementor-element elementor-element-534240de elementor-widget-divider--view-line elementor-widget elementor-widget-divider\" data-id=\"534240de\" data-element_type=\"widget\" data-widget_type=\"divider.default\">\n\t\t\t\t<div class=\"elementor-widget-container\">\n\t\t\t\t\t<div class=\"elementor-divider\">\n\t\t\t<span class=\"elementor-divider-separator\">\n\t\t\t\t\t\t<\/span>\n\t\t<\/div>\n\t\t\t\t<\/div>\n\t\t\t\t<\/div>\n\t\t\t\t\t<\/div>\n\t\t<\/div>\n\t\t\t\t\t\t\t<\/div>\n\t\t<\/section>\n\t\t\t\t<section class=\"elementor-section elementor-top-section elementor-element elementor-element-332d353 elementor-section-boxed elementor-section-height-default elementor-section-height-default\" data-id=\"332d353\" data-element_type=\"section\" data-settings=\"{&quot;background_background&quot;:&quot;classic&quot;}\">\n\t\t\t\t\t\t<div class=\"elementor-container elementor-column-gap-extended\">\n\t\t\t\t\t<div class=\"elementor-column elementor-col-33 elementor-top-column elementor-element elementor-element-2aab8ce\" data-id=\"2aab8ce\" data-element_type=\"column\">\n\t\t\t<div class=\"elementor-widget-wrap elementor-element-populated\">\n\t\t\t\t\t\t\t\t<div class=\"elementor-element elementor-element-b13eeaa elementor-widget elementor-widget-image\" data-id=\"b13eeaa\" data-element_type=\"widget\" data-widget_type=\"image.default\">\n\t\t\t\t<div class=\"elementor-widget-container\">\n\t\t\t\t\t\t\t\t\t\t\t\t\t\t\t<img loading=\"lazy\" decoding=\"async\" width=\"720\" height=\"480\" src=\"https:\/\/jjmgenterprises.com\/wp-content\/uploads\/2021\/07\/Mathematics-Tutoring.png\" class=\"attachment-large size-large wp-image-2237\" alt=\"\" srcset=\"https:\/\/jjmgenterprises.com\/wp-content\/uploads\/2021\/07\/Mathematics-Tutoring.png 720w, https:\/\/jjmgenterprises.com\/wp-content\/uploads\/2021\/07\/Mathematics-Tutoring-300x200.png 300w\" sizes=\"auto, (max-width: 720px) 100vw, 720px\" \/>\t\t\t\t\t\t\t\t\t\t\t\t\t\t\t<\/div>\n\t\t\t\t<\/div>\n\t\t\t\t\t<\/div>\n\t\t<\/div>\n\t\t\t\t<div class=\"elementor-column elementor-col-66 elementor-top-column elementor-element elementor-element-cb5b17a\" data-id=\"cb5b17a\" data-element_type=\"column\">\n\t\t\t<div class=\"elementor-widget-wrap elementor-element-populated\">\n\t\t\t\t\t\t\t\t<div class=\"elementor-element elementor-element-50c467b elementor-widget elementor-widget-heading\" data-id=\"50c467b\" data-element_type=\"widget\" data-widget_type=\"heading.default\">\n\t\t\t\t<div class=\"elementor-widget-container\">\n\t\t\t<h4 class=\"elementor-heading-title elementor-size-default\">Gia s\u01b0 m\u00f4n To\u00e1n:<\/h4>\t\t<\/div>\n\t\t\t\t<\/div>\n\t\t\t\t<div class=\"elementor-element elementor-element-9ad2554 elementor-widget elementor-widget-text-editor\" data-id=\"9ad2554\" data-element_type=\"widget\" data-widget_type=\"text-editor.default\">\n\t\t\t\t<div class=\"elementor-widget-container\">\n\t\t\t\t\t\t\t<p><span style=\"font-weight: 400;\">Ch\u00fang t\u00f4i cung c\u1ea5p ch\u01b0\u01a1ng tr\u00ecnh \u0111\u00e0o t\u1ea1o v\u1ec1 to\u00e1n v\u00e0 ti\u1ebfng Anh cho t\u1ea5t c\u1ea3 c\u00e1c c\u1ea5p t\u1eeb to\u00e1n \u0111\u1ea7u c\u1ea5p trung h\u1ecdc th\u00f4ng nh\u01b0 ph\u00e9p t\u00ednh \u0111a bi\u1ebfn v\u00e0 \u0111\u1ea1i s\u1ed1 tuy\u1ebfn t\u00ednh nh\u1eadp m\u00f4n. C\u00e1c gia s\u01b0 c\u1ee7a ch\u00fang t\u00f4i \u0111\u00e3 gi\u00fap h\u1ecdc sinh th\u00e0nh c\u00f4ng trong c\u00e1c b\u00e0i ki\u1ec3m tra to\u00e1n sau: AP Gi\u1ea3i t\u00edch AB, AP Gi\u1ea3i t\u00edch BC, IB To\u00e1n SL, IB To\u00e1n HL. Ch\u00fang t\u00f4i c\u0169ng cung c\u1ea5p d\u1ecbch v\u1ee5 d\u1ea1y k\u00e8m to\u00e1n n\u00f3i chung.\u00a0\u00a0<\/span><\/p>\t\t\t\t\t\t<\/div>\n\t\t\t\t<\/div>\n\t\t\t\t\t<\/div>\n\t\t<\/div>\n\t\t\t\t\t\t\t<\/div>\n\t\t<\/section>\n\t\t\t\t<section class=\"elementor-section elementor-top-section elementor-element elementor-element-191e3dc elementor-section-boxed elementor-section-height-default elementor-section-height-default\" data-id=\"191e3dc\" data-element_type=\"section\">\n\t\t\t\t\t\t<div class=\"elementor-container elementor-column-gap-extended\">\n\t\t\t\t\t<div class=\"elementor-column elementor-col-33 elementor-top-column elementor-element elementor-element-9d01576\" data-id=\"9d01576\" data-element_type=\"column\">\n\t\t\t<div class=\"elementor-widget-wrap elementor-element-populated\">\n\t\t\t\t\t\t\t\t<div class=\"elementor-element elementor-element-49a5d59 elementor-widget elementor-widget-image\" data-id=\"49a5d59\" data-element_type=\"widget\" data-widget_type=\"image.default\">\n\t\t\t\t<div class=\"elementor-widget-container\">\n\t\t\t\t\t\t\t\t\t\t\t\t\t\t\t<img loading=\"lazy\" decoding=\"async\" width=\"720\" height=\"480\" src=\"https:\/\/jjmgenterprises.com\/wp-content\/uploads\/2021\/07\/English-Lit-Language-Tutoring.png\" class=\"attachment-large size-large wp-image-2236\" alt=\"\" srcset=\"https:\/\/jjmgenterprises.com\/wp-content\/uploads\/2021\/07\/English-Lit-Language-Tutoring.png 720w, https:\/\/jjmgenterprises.com\/wp-content\/uploads\/2021\/07\/English-Lit-Language-Tutoring-300x200.png 300w\" sizes=\"auto, (max-width: 720px) 100vw, 720px\" \/>\t\t\t\t\t\t\t\t\t\t\t\t\t\t\t<\/div>\n\t\t\t\t<\/div>\n\t\t\t\t\t<\/div>\n\t\t<\/div>\n\t\t\t\t<div class=\"elementor-column elementor-col-66 elementor-top-column elementor-element elementor-element-9ada209\" data-id=\"9ada209\" data-element_type=\"column\">\n\t\t\t<div class=\"elementor-widget-wrap elementor-element-populated\">\n\t\t\t\t\t\t\t\t<div class=\"elementor-element elementor-element-d72aca0 elementor-widget elementor-widget-heading\" data-id=\"d72aca0\" data-element_type=\"widget\" data-widget_type=\"heading.default\">\n\t\t\t\t<div class=\"elementor-widget-container\">\n\t\t\t<h4 class=\"elementor-heading-title elementor-size-default\">Gia s\u01b0 ti\u1ebfng Anh:\n<\/h4>\t\t<\/div>\n\t\t\t\t<\/div>\n\t\t\t\t<div class=\"elementor-element elementor-element-a2d9ddd elementor-widget elementor-widget-text-editor\" data-id=\"a2d9ddd\" data-element_type=\"widget\" data-widget_type=\"text-editor.default\">\n\t\t\t\t<div class=\"elementor-widget-container\">\n\t\t\t\t\t\t\t<p><span style=\"font-weight: 400;\">N\u1ebfu b\u1ea1n c\u1ea7n h\u01b0\u1edbng d\u1eabn v\u1ec1 c\u00e1ch vi\u1ebft tr\u00ean gi\u1ea5y ho\u1eb7c ph\u00e2n t\u00edch v\u0103n h\u1ecdc, ch\u00fang t\u00f4i c\u00f3 th\u1ec3 gi\u00fap \u0111\u1ee1. Ch\u00fang t\u00f4i c\u0169ng c\u00f3 th\u1ec3 hu\u1ea5n luy\u1ec7n b\u1ea1n cho c\u00e1c B\u00e0i ki\u1ec3m tra AP v\u1ec1 V\u0103n h\u1ecdc v\u00e0 Ng\u00f4n ng\u1eef Anh c\u0169ng nh\u01b0 c\u00e1c k\u1ef3 thi IB trong V\u0103n h\u1ecdc Anh ho\u1eb7c Ng\u00f4n ng\u1eef v\u00e0 V\u0103n h\u1ecdc.<\/span><\/p>\t\t\t\t\t\t<\/div>\n\t\t\t\t<\/div>\n\t\t\t\t\t<\/div>\n\t\t<\/div>\n\t\t\t\t\t\t\t<\/div>\n\t\t<\/section>\n\t\t\t\t<section class=\"elementor-section elementor-top-section elementor-element elementor-element-c8f6b06 elementor-section-boxed elementor-section-height-default elementor-section-height-default\" data-id=\"c8f6b06\" data-element_type=\"section\" data-settings=\"{&quot;background_background&quot;:&quot;classic&quot;}\">\n\t\t\t\t\t\t<div class=\"elementor-container elementor-column-gap-extended\">\n\t\t\t\t\t<div class=\"elementor-column elementor-col-33 elementor-top-column elementor-element elementor-element-58701f9\" data-id=\"58701f9\" data-element_type=\"column\">\n\t\t\t<div class=\"elementor-widget-wrap elementor-element-populated\">\n\t\t\t\t\t\t\t\t<div class=\"elementor-element elementor-element-0064bb2 elementor-widget elementor-widget-image\" data-id=\"0064bb2\" data-element_type=\"widget\" data-widget_type=\"image.default\">\n\t\t\t\t<div class=\"elementor-widget-container\">\n\t\t\t\t\t\t\t\t\t\t\t\t\t\t\t<img loading=\"lazy\" decoding=\"async\" width=\"720\" height=\"480\" src=\"https:\/\/jjmgenterprises.com\/wp-content\/uploads\/2021\/07\/Science-Tutoring.png\" class=\"attachment-large size-large wp-image-2239\" alt=\"\" srcset=\"https:\/\/jjmgenterprises.com\/wp-content\/uploads\/2021\/07\/Science-Tutoring.png 720w, https:\/\/jjmgenterprises.com\/wp-content\/uploads\/2021\/07\/Science-Tutoring-300x200.png 300w\" sizes=\"auto, (max-width: 720px) 100vw, 720px\" \/>\t\t\t\t\t\t\t\t\t\t\t\t\t\t\t<\/div>\n\t\t\t\t<\/div>\n\t\t\t\t\t<\/div>\n\t\t<\/div>\n\t\t\t\t<div class=\"elementor-column elementor-col-66 elementor-top-column elementor-element elementor-element-56c41a1\" data-id=\"56c41a1\" data-element_type=\"column\">\n\t\t\t<div class=\"elementor-widget-wrap elementor-element-populated\">\n\t\t\t\t\t\t\t\t<div class=\"elementor-element elementor-element-eaecd97 elementor-widget elementor-widget-heading\" data-id=\"eaecd97\" data-element_type=\"widget\" data-widget_type=\"heading.default\">\n\t\t\t\t<div class=\"elementor-widget-container\">\n\t\t\t<h4 class=\"elementor-heading-title elementor-size-default\">Gia s\u01b0 c\u00e1c m\u00f4n khoa h\u1ecdc:\n<\/h4>\t\t<\/div>\n\t\t\t\t<\/div>\n\t\t\t\t<div class=\"elementor-element elementor-element-24d7953 elementor-widget elementor-widget-text-editor\" data-id=\"24d7953\" data-element_type=\"widget\" data-widget_type=\"text-editor.default\">\n\t\t\t\t<div class=\"elementor-widget-container\">\n\t\t\t\t\t\t\t<p><span style=\"font-weight: 400;\">T\u00f9y thu\u1ed9c v\u00e0o t\u00ecnh tr\u1ea1ng s\u1eb5n c\u00f3, ch\u00fang t\u00f4i c\u00f3 th\u1ec3 c\u00f3 gia s\u01b0 \u0111\u1ec3 h\u1ed7 tr\u1ee3 b\u1ea1n trong c\u00e1c m\u00f4n sinh h\u1ecdc v\u00e0 h\u00f3a h\u1ecdc.<\/span><\/p>\t\t\t\t\t\t<\/div>\n\t\t\t\t<\/div>\n\t\t\t\t\t<\/div>\n\t\t<\/div>\n\t\t\t\t\t\t\t<\/div>\n\t\t<\/section>\n\t\t\t\t<section class=\"elementor-section elementor-top-section elementor-element elementor-element-9988531 elementor-section-boxed elementor-section-height-default elementor-section-height-default\" data-id=\"9988531\" data-element_type=\"section\">\n\t\t\t\t\t\t<div class=\"elementor-container elementor-column-gap-extended\">\n\t\t\t\t\t<div class=\"elementor-column elementor-col-33 elementor-top-column elementor-element elementor-element-c5369e3\" data-id=\"c5369e3\" data-element_type=\"column\">\n\t\t\t<div class=\"elementor-widget-wrap elementor-element-populated\">\n\t\t\t\t\t\t\t\t<div class=\"elementor-element elementor-element-c4ee1d3 elementor-widget elementor-widget-image\" data-id=\"c4ee1d3\" data-element_type=\"widget\" data-widget_type=\"image.default\">\n\t\t\t\t<div class=\"elementor-widget-container\">\n\t\t\t\t\t\t\t\t\t\t\t\t\t\t\t<img loading=\"lazy\" decoding=\"async\" width=\"720\" height=\"480\" src=\"https:\/\/jjmgenterprises.com\/wp-content\/uploads\/2021\/07\/Other-Subjects.png\" class=\"attachment-large size-large wp-image-2238\" alt=\"\" srcset=\"https:\/\/jjmgenterprises.com\/wp-content\/uploads\/2021\/07\/Other-Subjects.png 720w, https:\/\/jjmgenterprises.com\/wp-content\/uploads\/2021\/07\/Other-Subjects-300x200.png 300w\" sizes=\"auto, (max-width: 720px) 100vw, 720px\" \/>\t\t\t\t\t\t\t\t\t\t\t\t\t\t\t<\/div>\n\t\t\t\t<\/div>\n\t\t\t\t\t<\/div>\n\t\t<\/div>\n\t\t\t\t<div class=\"elementor-column elementor-col-66 elementor-top-column elementor-element elementor-element-27362c4\" data-id=\"27362c4\" data-element_type=\"column\">\n\t\t\t<div class=\"elementor-widget-wrap elementor-element-populated\">\n\t\t\t\t\t\t\t\t<div class=\"elementor-element elementor-element-8bfe32d elementor-widget elementor-widget-heading\" data-id=\"8bfe32d\" data-element_type=\"widget\" data-widget_type=\"heading.default\">\n\t\t\t\t<div class=\"elementor-widget-container\">\n\t\t\t<h4 class=\"elementor-heading-title elementor-size-default\">C\u00e1c m\u00f4n h\u1ecdc kh\u00e1c:\n<\/h4>\t\t<\/div>\n\t\t\t\t<\/div>\n\t\t\t\t<div class=\"elementor-element elementor-element-6c20658 elementor-widget elementor-widget-text-editor\" data-id=\"6c20658\" data-element_type=\"widget\" data-widget_type=\"text-editor.default\">\n\t\t\t\t<div class=\"elementor-widget-container\">\n\t\t\t\t\t\t\t<p><span style=\"font-weight: 400;\">Xin vui l\u00f2ng li\u00ean h\u1ec7 v\u1edbi ch\u00fang t\u00f4i.\u00a0Ch\u00fang t\u00f4i s\u1ebd xem x\u00e9t xem c\u00f3 th\u1ec3 gi\u00fap b\u1ea1n ho\u1eb7c k\u1ebft n\u1ed1i b\u1ea1n v\u1edbi m\u1ed9t trong nh\u1eefng chi nh\u00e1nh c\u1ee7a ch\u00fang t\u00f4i hay kh\u00f4ng.<\/span><\/p>\t\t\t\t\t\t<\/div>\n\t\t\t\t<\/div>\n\t\t\t\t\t<\/div>\n\t\t<\/div>\n\t\t\t\t\t\t\t<\/div>\n\t\t<\/section>\n\t\t\t\t<section class=\"elementor-section elementor-top-section elementor-element elementor-element-1c7823ba elementor-section-boxed elementor-section-height-default elementor-section-height-default\" data-id=\"1c7823ba\" data-element_type=\"section\" data-settings=\"{&quot;background_background&quot;:&quot;classic&quot;}\">\n\t\t\t\t\t\t\t<div class=\"elementor-background-overlay\"><\/div>\n\t\t\t\t\t\t\t<div class=\"elementor-container elementor-column-gap-no\">\n\t\t\t\t\t<div class=\"elementor-column elementor-col-100 elementor-top-column elementor-element elementor-element-62e89527\" data-id=\"62e89527\" data-element_type=\"column\">\n\t\t\t<div class=\"elementor-widget-wrap elementor-element-populated\">\n\t\t\t\t\t\t\t\t<div class=\"elementor-element elementor-element-24210677 elementor-widget elementor-widget-heading\" data-id=\"24210677\" data-element_type=\"widget\" data-widget_type=\"heading.default\">\n\t\t\t\t<div class=\"elementor-widget-container\">\n\t\t\t<h2 class=\"elementor-heading-title elementor-size-default\">B\u1ea0N \u0110\u00c3 S\u1eb4N S\u00c0NG THEO \u0110U\u1ed4I \u01af\u1edaC M\u01a0 C\u1ee6A M\u00ccNH HAY CH\u01afA?<br>your dream?<\/h2>\t\t<\/div>\n\t\t\t\t<\/div>\n\t\t\t\t<div class=\"elementor-element elementor-element-557a03d6 elementor-widget elementor-widget-text-editor\" data-id=\"557a03d6\" data-element_type=\"widget\" data-widget_type=\"text-editor.default\">\n\t\t\t\t<div class=\"elementor-widget-container\">\n\t\t\t\t\t\t\t<p>Get\u00a0<span style=\"font-size: 16px; color: var( --e-global-color-3b5e640 ); font-family: var( --e-global-typography-text-font-family ), Sans-serif;\">H\u00e3y b\u1eaft \u0111\u1ea7u n\u1ed7 l\u1ef1c h\u1ecdc t\u1eadp ngay t\u1eeb b\u00e2y gi\u1edd.<\/span><\/p>\t\t\t\t\t\t<\/div>\n\t\t\t\t<\/div>\n\t\t\t\t<div class=\"elementor-element elementor-element-22ff55e9 elementor-widget-mobile__width-inherit elementor-align-center elementor-widget elementor-widget-button\" data-id=\"22ff55e9\" data-element_type=\"widget\" data-widget_type=\"button.default\">\n\t\t\t\t<div class=\"elementor-widget-container\">\n\t\t\t\t\t<div class=\"elementor-button-wrapper\">\n\t\t\t<a class=\"elementor-button elementor-button-link elementor-size-sm\" href=\"https:\/\/jjmgenterprises.com\/vi\/contact-us\/\">\n\t\t\t\t\t\t<span class=\"elementor-button-content-wrapper\">\n\t\t\t\t\t\t<span class=\"elementor-button-text\">Li\u00ean H\u1ec7<\/span>\n\t\t<\/span>\n\t\t\t\t\t<\/a>\n\t\t<\/div>\n\t\t\t\t<\/div>\n\t\t\t\t<\/div>\n\t\t\t\t\t<\/div>\n\t\t<\/div>\n\t\t\t\t\t\t\t<\/div>\n\t\t<\/section>\n\t\t\t\t\t\t\t<\/div>","protected":false},"excerpt":{"rendered":"<p>Academic Subject Assistance (AP\/IB\/IGCSE Exams and more) Mathematics Tutoring: We provide training in mathematics and English for all levels from early high school math through multivariable calculus and introductory linear algebra.\u00a0 Our tutors have successfully helped students succeed on the following math tests: AP Calculus AB, AP Calculus BC, IB Mathematics SL, IB Mathematics HL.\u00a0 &hellip;<\/p>\n<p class=\"read-more\"> <a class=\"\" href=\"https:\/\/jjmgenterprises.com\/vi\/academic-subject-sssistance\/\"> <span class=\"screen-reader-text\">H\u1ed7 tr\u1ee3 m\u00f4n h\u1ecdc (AP \/ IB \/ IGCSE \/ kh\u00e1c)<\/span> Read More &raquo;<\/a><\/p>","protected":false},"author":2,"featured_media":0,"parent":0,"menu_order":0,"comment_status":"closed","ping_status":"closed","template":"","meta":{"footnotes":""},"class_list":["post-1469","page","type-page","status-publish","hentry"],"_links":{"self":[{"href":"https:\/\/jjmgenterprises.com\/vi\/wp-json\/wp\/v2\/pages\/1469","targetHints":{"allow":["GET"]}}],"collection":[{"href":"https:\/\/jjmgenterprises.com\/vi\/wp-json\/wp\/v2\/pages"}],"about":[{"href":"https:\/\/jjmgenterprises.com\/vi\/wp-json\/wp\/v2\/types\/page"}],"author":[{"embeddable":true,"href":"https:\/\/jjmgenterprises.com\/vi\/wp-json\/wp\/v2\/users\/2"}],"replies":[{"embeddable":true,"href":"https:\/\/jjmgenterprises.com\/vi\/wp-json\/wp\/v2\/comments?post=1469"}],"version-history":[{"count":31,"href":"https:\/\/jjmgenterprises.com\/vi\/wp-json\/wp\/v2\/pages\/1469\/revisions"}],"predecessor-version":[{"id":2655,"href":"https:\/\/jjmgenterprises.com\/vi\/wp-json\/wp\/v2\/pages\/1469\/revisions\/2655"}],"wp:attachment":[{"href":"https:\/\/jjmgenterprises.com\/vi\/wp-json\/wp\/v2\/media?parent=1469"}],"curies":[{"name":"wp","href":"https:\/\/api.w.org\/{rel}","templated":true}]}}