{"id":1397,"date":"2021-07-22T03:02:42","date_gmt":"2021-07-22T03:02:42","guid":{"rendered":"https:\/\/jjmgenterprises.com\/?page_id=1397"},"modified":"2021-08-05T02:52:55","modified_gmt":"2021-08-05T02:52:55","slug":"long-term-packages","status":"publish","type":"page","link":"https:\/\/jjmgenterprises.com\/vi\/long-term-packages\/","title":{"rendered":"C\u00e1c g\u00f3i d\u1ecbch v\u1ee5 d\u00e0i h\u1ea1n"},"content":{"rendered":"<div data-elementor-type=\"wp-page\" data-elementor-id=\"1397\" class=\"elementor elementor-1397\">\n\t\t\t\t\t\t\t\t\t<section class=\"elementor-section elementor-top-section elementor-element elementor-element-24820c2 elementor-section-boxed elementor-section-height-default elementor-section-height-default\" data-id=\"24820c2\" data-element_type=\"section\" data-settings=\"{&quot;background_background&quot;:&quot;classic&quot;}\">\n\t\t\t\t\t\t\t<div class=\"elementor-background-overlay\"><\/div>\n\t\t\t\t\t\t\t<div class=\"elementor-container elementor-column-gap-no\">\n\t\t\t\t\t<div class=\"elementor-column elementor-col-100 elementor-top-column elementor-element elementor-element-00ae93e\" data-id=\"00ae93e\" data-element_type=\"column\">\n\t\t\t<div class=\"elementor-widget-wrap\">\n\t\t\t\t\t\t\t\t\t<\/div>\n\t\t<\/div>\n\t\t\t\t\t\t\t<\/div>\n\t\t<\/section>\n\t\t\t\t<section class=\"elementor-section elementor-top-section elementor-element elementor-element-98b0dcd elementor-section-boxed elementor-section-height-default elementor-section-height-default\" data-id=\"98b0dcd\" data-element_type=\"section\" data-settings=\"{&quot;background_background&quot;:&quot;classic&quot;}\">\n\t\t\t\t\t\t<div class=\"elementor-container elementor-column-gap-default\">\n\t\t\t\t\t<div class=\"elementor-column elementor-col-100 elementor-top-column elementor-element elementor-element-df100f1\" data-id=\"df100f1\" data-element_type=\"column\">\n\t\t\t<div class=\"elementor-widget-wrap elementor-element-populated\">\n\t\t\t\t\t\t\t\t<div class=\"elementor-element elementor-element-02f1b6d elementor-widget elementor-widget-spacer\" data-id=\"02f1b6d\" data-element_type=\"widget\" data-widget_type=\"spacer.default\">\n\t\t\t\t<div class=\"elementor-widget-container\">\n\t\t\t\t\t<div class=\"elementor-spacer\">\n\t\t\t<div class=\"elementor-spacer-inner\"><\/div>\n\t\t<\/div>\n\t\t\t\t<\/div>\n\t\t\t\t<\/div>\n\t\t\t\t<div class=\"elementor-element elementor-element-b3c3ebe elementor-widget elementor-widget-heading\" data-id=\"b3c3ebe\" data-element_type=\"widget\" data-widget_type=\"heading.default\">\n\t\t\t\t<div class=\"elementor-widget-container\">\n\t\t\t<h2 class=\"elementor-heading-title elementor-size-default\">C\u00c1C G\u00d3I D\u1ecaCH V\u1ee4 D\u00c0I H\u1ea0N<\/h2>\t\t<\/div>\n\t\t\t\t<\/div>\n\t\t\t\t<div class=\"elementor-element elementor-element-786c679 elementor-widget-divider--view-line elementor-widget elementor-widget-divider\" data-id=\"786c679\" data-element_type=\"widget\" data-widget_type=\"divider.default\">\n\t\t\t\t<div class=\"elementor-widget-container\">\n\t\t\t\t\t<div class=\"elementor-divider\">\n\t\t\t<span class=\"elementor-divider-separator\">\n\t\t\t\t\t\t<\/span>\n\t\t<\/div>\n\t\t\t\t<\/div>\n\t\t\t\t<\/div>\n\t\t\t\t\t<\/div>\n\t\t<\/div>\n\t\t\t\t\t\t\t<\/div>\n\t\t<\/section>\n\t\t\t\t<section class=\"elementor-section elementor-top-section elementor-element elementor-element-77f0aaaa elementor-section-content-middle elementor-section-boxed elementor-section-height-default elementor-section-height-default\" data-id=\"77f0aaaa\" data-element_type=\"section\" data-settings=\"{&quot;background_background&quot;:&quot;classic&quot;}\">\n\t\t\t\t\t\t<div class=\"elementor-container elementor-column-gap-no\">\n\t\t\t\t\t<div class=\"elementor-column elementor-col-100 elementor-top-column elementor-element elementor-element-20674e40\" data-id=\"20674e40\" data-element_type=\"column\">\n\t\t\t<div class=\"elementor-widget-wrap elementor-element-populated\">\n\t\t\t\t\t\t\t\t<section class=\"elementor-section elementor-inner-section elementor-element elementor-element-1a66f022 elementor-section-content-middle elementor-section-boxed elementor-section-height-default elementor-section-height-default\" data-id=\"1a66f022\" data-element_type=\"section\">\n\t\t\t\t\t\t<div class=\"elementor-container elementor-column-gap-default\">\n\t\t\t\t\t<div class=\"elementor-column elementor-col-33 elementor-inner-column elementor-element elementor-element-2aa5009f\" data-id=\"2aa5009f\" data-element_type=\"column\">\n\t\t\t<div class=\"elementor-widget-wrap elementor-element-populated\">\n\t\t\t\t\t\t\t\t<div class=\"elementor-element elementor-element-2f3c6b7c elementor-widget elementor-widget-image\" data-id=\"2f3c6b7c\" data-element_type=\"widget\" data-widget_type=\"image.default\">\n\t\t\t\t<div class=\"elementor-widget-container\">\n\t\t\t\t\t\t\t\t\t\t\t\t\t\t\t<img loading=\"lazy\" decoding=\"async\" width=\"400\" height=\"220\" src=\"https:\/\/jjmgenterprises.com\/wp-content\/uploads\/2021\/07\/College-Preparation-and-Application.png\" class=\"attachment-full size-full wp-image-2219\" alt=\"\" srcset=\"https:\/\/jjmgenterprises.com\/wp-content\/uploads\/2021\/07\/College-Preparation-and-Application.png 400w, https:\/\/jjmgenterprises.com\/wp-content\/uploads\/2021\/07\/College-Preparation-and-Application-300x165.png 300w\" sizes=\"auto, (max-width: 400px) 100vw, 400px\" \/>\t\t\t\t\t\t\t\t\t\t\t\t\t\t\t<\/div>\n\t\t\t\t<\/div>\n\t\t\t\t\t<\/div>\n\t\t<\/div>\n\t\t\t\t<div class=\"elementor-column elementor-col-66 elementor-inner-column elementor-element elementor-element-3614caa4\" data-id=\"3614caa4\" data-element_type=\"column\">\n\t\t\t<div class=\"elementor-widget-wrap elementor-element-populated\">\n\t\t\t\t\t\t\t\t<div class=\"elementor-element elementor-element-1ac7860 elementor-widget elementor-widget-heading\" data-id=\"1ac7860\" data-element_type=\"widget\" data-widget_type=\"heading.default\">\n\t\t\t\t<div class=\"elementor-widget-container\">\n\t\t\t<h4 class=\"elementor-heading-title elementor-size-default\">C\u00e1c g\u00f3i D\u1ef1 b\u1ecb v\u00e0 X\u00e9t tuy\u1ec3n \u0111\u1ea1i h\u1ecdc:<\/h4>\t\t<\/div>\n\t\t\t\t<\/div>\n\t\t\t\t<div class=\"elementor-element elementor-element-210b0fb6 elementor-widget elementor-widget-text-editor\" data-id=\"210b0fb6\" data-element_type=\"widget\" data-widget_type=\"text-editor.default\">\n\t\t\t\t<div class=\"elementor-widget-container\">\n\t\t\t\t\t\t\t<p><span style=\"font-weight: 400;\">JJMG Enterprise cung c\u1ea5p d\u1ecbch v\u1ee5 t\u01b0 v\u1ea5n v\u00e0 luy\u1ec7n thi ri\u00eang cho h\u1ecdc sinh trung h\u1ecdc v\u00e0 h\u1ecdc sinh cu\u1ed1i c\u1ea5p th\u00f4ng qua c\u00e1c ch\u01b0\u01a1ng tr\u00ecnh luy\u1ec7n thi \u0111\u1ea1i h\u1ecdc d\u00e0i h\u1ea1n. \u0110\u1ec3 gi\u00fap c\u00e1c em chu\u1ea9n b\u1ecb t\u1ed1t nh\u1ea5t cho qu\u00e1 tr\u00ecnh x\u00e9t tuy\u1ec3n \u0111\u1ea1i h\u1ecdc, ch\u00fang t\u00f4i \u0111\u1ecbnh h\u01b0\u1edbng tuy\u1ec3n sinh t\u1eeb l\u1edbp 11 ho\u1eb7c \u0111\u1ea7u h\u1ecdc k\u1ef3 l\u1edbp 12. Ch\u00fang t\u00f4i h\u01b0\u1edbng d\u1eabn m\u1ed9t c\u00e1ch t\u1ed5ng th\u1ec3 nh\u1eb1m m\u1ee5c \u0111\u00edch mang l\u1ea1i nh\u1eefng ph\u1ea9m ch\u1ea5t t\u1ed1t nh\u1ea5t \u1edf m\u1ed7i c\u00e1 nh\u00e2n h\u1ecdc sinh.<\/span><\/p><p><span style=\"font-weight: 400;\">N\u1ed9i dung c\u1ee7a nh\u1eefng kh\u00f3a \u0111\u00e0o t\u1ea1o n\u00e0y bao g\u1ed3m:<\/span><\/p><ul><li style=\"font-weight: 400;\" aria-level=\"1\"><span style=\"font-weight: 400;\">H\u1ed7 tr\u1ee3 chu\u1ea9n b\u1ecb cho k\u1ef3 thi \u0111\u1ea7u v\u00e0o \u0111\u1ea1i h\u1ecdc (SAT\/ACT) - ch\u00fang t\u00f4i th\u1eadm ch\u00ed \u0111\u00e3 xu\u1ea5t b\u1ea3n m\u1ed9t s\u1ed1 cu\u1ed1n s\u00e1ch v\u1ec1 n\u1ed9i dung n\u00e0y!<\/span><\/li><li style=\"font-weight: 400;\" aria-level=\"1\"><span style=\"font-weight: 400;\">H\u1ed7 tr\u1ee3 bi\u00ean so\u1ea1n m\u1ed9t danh s\u00e1ch r\u1ed9ng nh\u01b0ng t\u1eadp trung c\u00e1c tr\u01b0\u1eddng \u0111\u1ec3 h\u1ecdc sinh \u0111\u0103ng k\u00fd.<\/span><\/li><li style=\"font-weight: 400;\" aria-level=\"1\"><span style=\"font-weight: 400;\">H\u1ed7 tr\u1ee3 c\u00e1c chi\u1ebfn l\u01b0\u1ee3c v\u00e0 \u0111\u1ecbnh v\u1ecb trong qu\u00e1 tr\u00ecnh tuy\u1ec3n sinh \u0111\u1ea1i h\u1ecdc<\/span><\/li><li style=\"font-weight: 400;\" aria-level=\"1\"><span style=\"font-weight: 400;\">Gi\u00fap h\u1ecdc sinh v\u1eadn \u0111\u1ed9ng tr\u00ed n\u00e3o c\u00e1c ch\u1ee7 \u0111\u1ec1 b\u00e0i lu\u1eadn tuy\u1ec3n sinh \u0111\u1ea1i h\u1ecdc<\/span><\/li><li style=\"font-weight: 400;\" aria-level=\"1\"><span style=\"font-weight: 400;\">Ch\u1ec9nh s\u1eeda chuy\u00ean s\u00e2u v\u00e0 h\u01b0\u1edbng d\u1eabn vi\u1ebft b\u00e0i lu\u1eadn \u0111\u1ea1i h\u1ecdc<\/span><\/li><li style=\"font-weight: 400;\" aria-level=\"1\"><span style=\"font-weight: 400;\">Chu\u1ea9n b\u1ecb cho c\u00e1c tr\u01b0\u1eddng \u0111\u1ea1i h\u1ecdc ph\u1ecfng v\u1ea5n \u1ee9ng vi\u00ean<\/span><\/li><li style=\"font-weight: 400;\" aria-level=\"1\"><span style=\"font-weight: 400;\">H\u1ed7 tr\u1ee3 h\u01b0\u1edbng d\u1eabn danh s\u00e1ch ch\u1edd n\u1ebfu h\u1ecdc sinh \u0111ang n\u1eb1m trong danh s\u00e1ch ch\u1edd<\/span><\/li><li style=\"font-weight: 400;\" aria-level=\"1\"><span style=\"font-weight: 400;\">N\u1ebfu c\u00f3 th\u1ec3, h\u1ed7 tr\u1ee3 \u0111\u00e0o t\u1ea1o ti\u1ebfng Anh \u0111\u1ec3 nh\u1eadp h\u1ecdc \u0111\u1ea1i h\u1ecdc (TOEFL \/ IELTS \/ Duolingo)<\/span><\/li><li style=\"font-weight: 400;\" aria-level=\"1\"><span style=\"font-weight: 400;\">H\u1ed7 tr\u1ee3 h\u1ecdc t\u1eadp kh\u00f4ng th\u01b0\u1eddng xuy\u00ean \u1edf tr\u01b0\u1eddng trung h\u1ecdc<\/span><\/li><\/ul><p><span style=\"font-weight: 400;\">\u0110\u1ec3 t\u00ecm hi\u1ec3u th\u00eam v\u1ec1 c\u00e1c kh\u00f3a h\u1ecdc d\u00e0i h\u1ea1n c\u1ee7a ch\u00fang t\u00f4i, vui l\u00f2ng \u0111\u1eb7t l\u1ecbch h\u1eb9n v\u1edbi ch\u00fang t\u00f4i b\u1eb1ng c\u00e1ch li\u00ean h\u1ec7 qua email: <\/span><a href=\"mailto:info@jjmgenterprises.com\"><span style=\"font-weight: 400;\">info@jjmgenterranty.com<\/span><\/a><span style=\"font-weight: 400;\"> ho\u1eb7c qua s\u1ed1 +84 77 869 3846 \u0111\u1ec3 t\u00ecm hi\u1ec3u th\u00eam v\u1ec1 c\u00e1c ch\u01b0\u01a1ng tr\u00ecnh c\u1ee7a ch\u00fang t\u00f4i.<\/span><\/p><p><span style=\"font-weight: 400;\">\u00a0<\/span><\/p>\t\t\t\t\t\t<\/div>\n\t\t\t\t<\/div>\n\t\t\t\t\t<\/div>\n\t\t<\/div>\n\t\t\t\t\t\t\t<\/div>\n\t\t<\/section>\n\t\t\t\t<div class=\"elementor-element elementor-element-c680466 elementor-widget-divider--view-line elementor-widget elementor-widget-divider\" data-id=\"c680466\" data-element_type=\"widget\" data-widget_type=\"divider.default\">\n\t\t\t\t<div class=\"elementor-widget-container\">\n\t\t\t\t\t<div class=\"elementor-divider\">\n\t\t\t<span class=\"elementor-divider-separator\">\n\t\t\t\t\t\t<\/span>\n\t\t<\/div>\n\t\t\t\t<\/div>\n\t\t\t\t<\/div>\n\t\t\t\t<section class=\"elementor-section elementor-inner-section elementor-element elementor-element-92d629c elementor-section-content-middle elementor-section-boxed elementor-section-height-default elementor-section-height-default\" data-id=\"92d629c\" data-element_type=\"section\" data-settings=\"{&quot;background_background&quot;:&quot;classic&quot;}\">\n\t\t\t\t\t\t<div class=\"elementor-container elementor-column-gap-default\">\n\t\t\t\t\t<div class=\"elementor-column elementor-col-33 elementor-inner-column elementor-element elementor-element-0d5b3b9\" data-id=\"0d5b3b9\" data-element_type=\"column\">\n\t\t\t<div class=\"elementor-widget-wrap elementor-element-populated\">\n\t\t\t\t\t\t\t\t<div class=\"elementor-element elementor-element-49e83fa elementor-widget elementor-widget-image\" data-id=\"49e83fa\" data-element_type=\"widget\" data-widget_type=\"image.default\">\n\t\t\t\t<div class=\"elementor-widget-container\">\n\t\t\t\t\t\t\t\t\t\t\t\t\t\t\t<img loading=\"lazy\" decoding=\"async\" width=\"400\" height=\"220\" src=\"https:\/\/jjmgenterprises.com\/wp-content\/uploads\/2021\/07\/Boarding-School-Packages.png\" class=\"attachment-full size-full wp-image-2218\" alt=\"\" srcset=\"https:\/\/jjmgenterprises.com\/wp-content\/uploads\/2021\/07\/Boarding-School-Packages.png 400w, https:\/\/jjmgenterprises.com\/wp-content\/uploads\/2021\/07\/Boarding-School-Packages-300x165.png 300w\" sizes=\"auto, (max-width: 400px) 100vw, 400px\" \/>\t\t\t\t\t\t\t\t\t\t\t\t\t\t\t<\/div>\n\t\t\t\t<\/div>\n\t\t\t\t\t<\/div>\n\t\t<\/div>\n\t\t\t\t<div class=\"elementor-column elementor-col-66 elementor-inner-column elementor-element elementor-element-4858761\" data-id=\"4858761\" data-element_type=\"column\">\n\t\t\t<div class=\"elementor-widget-wrap elementor-element-populated\">\n\t\t\t\t\t\t\t\t<div class=\"elementor-element elementor-element-d370193 elementor-widget elementor-widget-heading\" data-id=\"d370193\" data-element_type=\"widget\" data-widget_type=\"heading.default\">\n\t\t\t\t<div class=\"elementor-widget-container\">\n\t\t\t<h4 class=\"elementor-heading-title elementor-size-default\">C\u00e1c g\u00f3i luy\u1ec7n thi tr\u01b0\u1eddng n\u1ed9i tr\u00fa:<\/h4>\t\t<\/div>\n\t\t\t\t<\/div>\n\t\t\t\t<div class=\"elementor-element elementor-element-168bea2 elementor-widget elementor-widget-text-editor\" data-id=\"168bea2\" data-element_type=\"widget\" data-widget_type=\"text-editor.default\">\n\t\t\t\t<div class=\"elementor-widget-container\">\n\t\t\t\t\t\t\t<p style=\"font-size: 16px; font-style: normal; font-weight: 400;\"><span style=\"font-size: 16px; font-weight: 400;\">JJMG Enterprise cung c\u1ea5p d\u1ecbch v\u1ee5 t\u01b0 v\u1ea5n v\u00e0 luy\u1ec7n thi theo y\u00eau c\u1ea7u ri\u00eang cho h\u1ecdc sinh mu\u1ed1n theo h\u1ecdc tr\u01b0\u1eddng t\u1ea1i c\u00e1c tr\u01b0\u1eddng n\u1ed9i tr\u00fa \u1edf M\u1ef9. Ch\u00fang t\u00f4i h\u01b0\u1edbng d\u1eabn m\u1ed9t c\u00e1ch t\u1ed5ng th\u1ec3 nh\u1eb1m m\u1ee5c \u0111\u00edch mang l\u1ea1i nh\u1eefng ph\u1ea9m ch\u1ea5t t\u1ed1t nh\u1ea5t \u1edf m\u1ed7i c\u00e1 nh\u00e2n h\u1ecdc sinh.<\/span><\/p><p style=\"font-size: 16px; font-style: normal; font-weight: 400;\"><span style=\"font-size: 16px; font-weight: 400;\">N\u1ed9i dung c\u1ee7a nh\u1eefng kh\u00f3a \u0111\u00e0o t\u1ea1o n\u00e0y bao g\u1ed3m:<\/span><\/p><ul style=\"font-size: 16px; font-style: normal; font-weight: 400;\"><li style=\"font-size: 16px; font-weight: 400;\" aria-level=\"1\"><span style=\"font-size: 16px; font-weight: 400;\">H\u1ed7 tr\u1ee3 luy\u1ec7n thi SSAT (n\u00e2ng cao) - ch\u00fang t\u00f4i th\u1eadm ch\u00ed \u0111\u00e3 xu\u1ea5t b\u1ea3n m\u1ed9t s\u1ed1 cu\u1ed1n s\u00e1ch v\u1ec1 n\u1ed9i dung n\u00e0y!<\/span><\/li><li style=\"font-size: 16px; font-weight: 400;\" aria-level=\"1\"><span style=\"font-size: 16px; font-weight: 400;\">H\u1ed7 tr\u1ee3 luy\u1ec7n thi TOEFL<\/span><\/li><li style=\"font-size: 16px; font-weight: 400;\" aria-level=\"1\"><span style=\"font-size: 16px; font-weight: 400;\">H\u1ed7 tr\u1ee3 bi\u00ean so\u1ea1n danh s\u00e1ch c\u00e1c tr\u01b0\u1eddng t\u1eadp trung \u0111\u1ec3 h\u1ecdc sinh \u0111\u0103ng k\u00fd n\u1ed9p h\u1ed3 s\u01a1.<\/span><\/li><li style=\"font-size: 16px; font-weight: 400;\" aria-level=\"1\"><span style=\"font-size: 16px; font-weight: 400;\">Tr\u1ee3 gi\u00fap t\u00ecm ra c\u00e1c ch\u1ee7 \u0111\u1ec1 b\u00e0i lu\u1eadn tuy\u1ec3n sinh tr\u01b0\u1eddng n\u1ed9i tr\u00fa<\/span><\/li><li style=\"font-size: 16px; font-weight: 400;\" aria-level=\"1\"><span style=\"font-size: 16px; font-weight: 400;\">Bi\u00ean t\u1eadp chuy\u00ean s\u00e2u v\u00e0 h\u01b0\u1edbng d\u1eabn vi\u1ebft ti\u1ec3u lu\u1eadn tr\u01b0\u1eddng n\u1ed9i tr\u00fa<\/span><\/li><li style=\"font-size: 16px; font-weight: 400;\" aria-level=\"1\"><span style=\"font-size: 16px; font-weight: 400;\">Chu\u1ea9n b\u1ecb cho c\u00e1c cu\u1ed9c ph\u1ecfng v\u1ea5n v\u00e0o tr\u01b0\u1eddng n\u1ed9i tr\u00fa<\/span><\/li><li style=\"font-size: 16px; font-weight: 400;\" aria-level=\"1\"><span style=\"font-size: 16px; font-weight: 400;\">H\u1ed7 tr\u1ee3 vi\u1ebft c\u00e1c \u0111\u01a1n th\u01b0 ho\u1eb7c cam k\u1ebft c\u1ee7a ph\u1ee5 huynh cho c\u00e1c tr\u01b0\u1eddng n\u1ed9i tr\u00fa<\/span><\/li><\/ul><p style=\"font-size: 16px; font-style: normal; font-weight: 400;\"><span style=\"font-size: 16px; font-weight: 400;\">\u0110\u1ec3 t\u00ecm hi\u1ec3u th\u00eam v\u1ec1 c\u00e1c g\u00f3i ch\u01b0\u01a1ng tr\u00ecnh N\u1ed9i tr\u00fa c\u1ee7a ch\u00fang t\u00f4i, vui l\u00f2ng \u0111\u1eb7t l\u1ecbch h\u1eb9n v\u1edbi ch\u00fang t\u00f4i b\u1eb1ng c\u00e1ch li\u00ean h\u1ec7 qua email:\u00a0<\/span><a style=\"font-size: 16px;\" href=\"mailto:info@jjmgenterprises.com\">info@jjmgenterranty.com<\/a><span style=\"font-size: 16px; font-weight: 400;\">\u00a0ho\u1eb7c qua s\u1ed1 +84 77 869 3846 \u0111\u1ec3 t\u00ecm hi\u1ec3u th\u00eam v\u1ec1 c\u00e1c ch\u01b0\u01a1ng tr\u00ecnh c\u1ee7a ch\u00fang t\u00f4i.<\/span><\/p><h4 style=\"font-style: normal;\">\u00a0<\/h4>\t\t\t\t\t\t<\/div>\n\t\t\t\t<\/div>\n\t\t\t\t\t<\/div>\n\t\t<\/div>\n\t\t\t\t\t\t\t<\/div>\n\t\t<\/section>\n\t\t\t\t<div class=\"elementor-element elementor-element-55b0a1c elementor-widget-divider--view-line elementor-widget elementor-widget-divider\" data-id=\"55b0a1c\" data-element_type=\"widget\" data-widget_type=\"divider.default\">\n\t\t\t\t<div class=\"elementor-widget-container\">\n\t\t\t\t\t<div class=\"elementor-divider\">\n\t\t\t<span class=\"elementor-divider-separator\">\n\t\t\t\t\t\t<\/span>\n\t\t<\/div>\n\t\t\t\t<\/div>\n\t\t\t\t<\/div>\n\t\t\t\t<section class=\"elementor-section elementor-inner-section elementor-element elementor-element-d331aee elementor-section-content-middle elementor-section-boxed elementor-section-height-default elementor-section-height-default\" data-id=\"d331aee\" data-element_type=\"section\">\n\t\t\t\t\t\t<div class=\"elementor-container elementor-column-gap-default\">\n\t\t\t\t\t<div class=\"elementor-column elementor-col-33 elementor-inner-column elementor-element elementor-element-fff61f3\" data-id=\"fff61f3\" data-element_type=\"column\">\n\t\t\t<div class=\"elementor-widget-wrap elementor-element-populated\">\n\t\t\t\t\t\t\t\t<div class=\"elementor-element elementor-element-2d6a500 elementor-widget elementor-widget-image\" data-id=\"2d6a500\" data-element_type=\"widget\" data-widget_type=\"image.default\">\n\t\t\t\t<div class=\"elementor-widget-container\">\n\t\t\t\t\t\t\t\t\t\t\t\t\t\t\t<img loading=\"lazy\" decoding=\"async\" width=\"400\" height=\"220\" src=\"https:\/\/jjmgenterprises.com\/wp-content\/uploads\/2021\/07\/Other-Packages.png\" class=\"attachment-full size-full wp-image-2220\" alt=\"\" srcset=\"https:\/\/jjmgenterprises.com\/wp-content\/uploads\/2021\/07\/Other-Packages.png 400w, https:\/\/jjmgenterprises.com\/wp-content\/uploads\/2021\/07\/Other-Packages-300x165.png 300w\" sizes=\"auto, (max-width: 400px) 100vw, 400px\" \/>\t\t\t\t\t\t\t\t\t\t\t\t\t\t\t<\/div>\n\t\t\t\t<\/div>\n\t\t\t\t\t<\/div>\n\t\t<\/div>\n\t\t\t\t<div class=\"elementor-column elementor-col-66 elementor-inner-column elementor-element elementor-element-09a7efb\" data-id=\"09a7efb\" data-element_type=\"column\">\n\t\t\t<div class=\"elementor-widget-wrap elementor-element-populated\">\n\t\t\t\t\t\t\t\t<div class=\"elementor-element elementor-element-faec426 elementor-widget elementor-widget-heading\" data-id=\"faec426\" data-element_type=\"widget\" data-widget_type=\"heading.default\">\n\t\t\t\t<div class=\"elementor-widget-container\">\n\t\t\t<h4 class=\"elementor-heading-title elementor-size-default\">C\u00e1c g\u00f3i kh\u00e1c:<\/h4>\t\t<\/div>\n\t\t\t\t<\/div>\n\t\t\t\t<div class=\"elementor-element elementor-element-21dd5a0 elementor-widget elementor-widget-text-editor\" data-id=\"21dd5a0\" data-element_type=\"widget\" data-widget_type=\"text-editor.default\">\n\t\t\t\t<div class=\"elementor-widget-container\">\n\t\t\t\t\t\t\t<p style=\"font-size: 16px; font-style: normal; font-weight: 400;\"><span style=\"font-size: 16px; font-weight: 400;\">H\u00e3y li\u00ean h\u1ec7 v\u1edbi ch\u00fang t\u00f4i. \u0110\u00f4i khi kh\u00e1ch h\u00e0ng mu\u1ed1n \u0111\u01b0\u1ee3c h\u1ed7 tr\u1ee3 v\u1ec1 \u0111\u01a1n xin h\u1ecdc sau \u0111\u1ea1i h\u1ecdc, \u0111\u01a1n xin chuy\u1ec3n tr\u01b0\u1eddng, ho\u1eb7c h\u01b0\u1edbng d\u1eabn \u0111\u1ea1i h\u1ecdc b\u1eaft \u0111\u1ea7u tr\u01b0\u1edbc l\u1edbp 11. Ch\u00fang t\u00f4i s\u1ebd s\u1eb5n s\u00e0ng xem x\u00e9t c\u00e1c l\u1ef1a ch\u1ecdn \u0111\u1ec3 h\u1ed7 tr\u1ee3 b\u1ea1n n\u1ebfu ch\u00fang t\u00f4i c\u1ea3m th\u1ea5y r\u1eb1ng ch\u00fang t\u00f4i c\u00f3 th\u1ec3 \u0111\u00e1p \u1ee9ng nhu c\u1ea7u c\u1ee7a b\u1ea1n m\u1ed9t c\u00e1ch h\u1ee3p l\u00fd.<\/span><\/p>\t\t\t\t\t\t<\/div>\n\t\t\t\t<\/div>\n\t\t\t\t\t<\/div>\n\t\t<\/div>\n\t\t\t\t\t\t\t<\/div>\n\t\t<\/section>\n\t\t\t\t\t<\/div>\n\t\t<\/div>\n\t\t\t\t\t\t\t<\/div>\n\t\t<\/section>\n\t\t\t\t<section class=\"elementor-section elementor-top-section elementor-element elementor-element-249d8487 elementor-section-boxed elementor-section-height-default elementor-section-height-default\" data-id=\"249d8487\" data-element_type=\"section\" data-settings=\"{&quot;background_background&quot;:&quot;classic&quot;}\">\n\t\t\t\t\t\t\t<div class=\"elementor-background-overlay\"><\/div>\n\t\t\t\t\t\t\t<div class=\"elementor-container elementor-column-gap-no\">\n\t\t\t\t\t<div class=\"elementor-column elementor-col-100 elementor-top-column elementor-element elementor-element-d094509\" data-id=\"d094509\" data-element_type=\"column\">\n\t\t\t<div class=\"elementor-widget-wrap elementor-element-populated\">\n\t\t\t\t\t\t\t\t<div class=\"elementor-element elementor-element-4ed5ba9f elementor-widget elementor-widget-heading\" data-id=\"4ed5ba9f\" data-element_type=\"widget\" data-widget_type=\"heading.default\">\n\t\t\t\t<div class=\"elementor-widget-container\">\n\t\t\t<h2 class=\"elementor-heading-title elementor-size-default\">B\u1ea0N \u0110\u00c3 S\u1eb4N S\u00c0NG THEO \u0110U\u1ed4I \u01af\u1edaC M\u01a0 C\u1ee6A M\u00ccNH HAY CH\u01afA?<br>your dream?<\/h2>\t\t<\/div>\n\t\t\t\t<\/div>\n\t\t\t\t<div class=\"elementor-element elementor-element-2e086d99 elementor-widget elementor-widget-text-editor\" data-id=\"2e086d99\" data-element_type=\"widget\" data-widget_type=\"text-editor.default\">\n\t\t\t\t<div class=\"elementor-widget-container\">\n\t\t\t\t\t\t\t<p>Get\u00a0<span style=\"font-size: 16px; color: var( --e-global-color-3b5e640 ); font-family: var( --e-global-typography-text-font-family ), Sans-serif;\">H\u00e3y b\u1eaft \u0111\u1ea7u n\u1ed7 l\u1ef1c h\u1ecdc t\u1eadp ngay t\u1eeb b\u00e2y gi\u1edd.<\/span><\/p>\t\t\t\t\t\t<\/div>\n\t\t\t\t<\/div>\n\t\t\t\t<div class=\"elementor-element elementor-element-19053a90 elementor-widget-mobile__width-inherit elementor-align-center elementor-widget elementor-widget-button\" data-id=\"19053a90\" data-element_type=\"widget\" data-widget_type=\"button.default\">\n\t\t\t\t<div class=\"elementor-widget-container\">\n\t\t\t\t\t<div class=\"elementor-button-wrapper\">\n\t\t\t<a class=\"elementor-button elementor-button-link elementor-size-sm\" href=\"https:\/\/jjmgenterprises.com\/vi\/contact-us\/\">\n\t\t\t\t\t\t<span class=\"elementor-button-content-wrapper\">\n\t\t\t\t\t\t<span class=\"elementor-button-text\">Li\u00ean H\u1ec7<\/span>\n\t\t<\/span>\n\t\t\t\t\t<\/a>\n\t\t<\/div>\n\t\t\t\t<\/div>\n\t\t\t\t<\/div>\n\t\t\t\t\t<\/div>\n\t\t<\/div>\n\t\t\t\t\t\t\t<\/div>\n\t\t<\/section>\n\t\t\t\t\t\t\t<\/div>","protected":false},"excerpt":{"rendered":"<p>LONG TERM PACKAGES\u200b College Preparation And Application Packages: JJMG Enterprise\u2019s long-term college preparation programs provide bespoke counseling and test preparation services for high school juniors and seniors.\u00a0 We aim to enroll students from grade 11 or the early fall term grade 12 to help them best prepare themselves for the college admissions process.\u00a0 Our guidance &hellip;<\/p>\n<p class=\"read-more\"> <a class=\"\" href=\"https:\/\/jjmgenterprises.com\/vi\/long-term-packages\/\"> <span class=\"screen-reader-text\">C\u00e1c g\u00f3i d\u1ecbch v\u1ee5 d\u00e0i h\u1ea1n<\/span> Read More &raquo;<\/a><\/p>","protected":false},"author":2,"featured_media":0,"parent":0,"menu_order":0,"comment_status":"closed","ping_status":"closed","template":"","meta":{"footnotes":""},"class_list":["post-1397","page","type-page","status-publish","hentry"],"_links":{"self":[{"href":"https:\/\/jjmgenterprises.com\/vi\/wp-json\/wp\/v2\/pages\/1397","targetHints":{"allow":["GET"]}}],"collection":[{"href":"https:\/\/jjmgenterprises.com\/vi\/wp-json\/wp\/v2\/pages"}],"about":[{"href":"https:\/\/jjmgenterprises.com\/vi\/wp-json\/wp\/v2\/types\/page"}],"author":[{"embeddable":true,"href":"https:\/\/jjmgenterprises.com\/vi\/wp-json\/wp\/v2\/users\/2"}],"replies":[{"embeddable":true,"href":"https:\/\/jjmgenterprises.com\/vi\/wp-json\/wp\/v2\/comments?post=1397"}],"version-history":[{"count":49,"href":"https:\/\/jjmgenterprises.com\/vi\/wp-json\/wp\/v2\/pages\/1397\/revisions"}],"predecessor-version":[{"id":2647,"href":"https:\/\/jjmgenterprises.com\/vi\/wp-json\/wp\/v2\/pages\/1397\/revisions\/2647"}],"wp:attachment":[{"href":"https:\/\/jjmgenterprises.com\/vi\/wp-json\/wp\/v2\/media?parent=1397"}],"curies":[{"name":"wp","href":"https:\/\/api.w.org\/{rel}","templated":true}]}}